{"id":116585,"date":"2025-05-18T21:16:55","date_gmt":"2025-05-18T21:16:55","guid":{"rendered":"https:\/\/staging2.stylingagenten.com\/da\/produkt\/nuxe-poudre-eclat-prodigieux-multi-usage-compact-bronzing-powder\/"},"modified":"2025-11-19T11:16:07","modified_gmt":"2025-11-19T11:16:07","slug":"nuxe-poudre-eclat-prodigieux-multi-usage-compact-bronzing-powder","status":"publish","type":"product","link":"https:\/\/stylingagenten.com\/da\/produkt\/nuxe-poudre-eclat-prodigieux-multi-usage-compact-bronzing-powder\/","title":{"rendered":"Nuxe Poudre Eclat Prodigieux Multi-Usage Compact Bronzing Powder"},"content":{"rendered":"<p>Nuxe Multi-Usage Compact Bronzing Powder er en bronzer med jasminblomst til b\u00e5de krop og ansigt.<br \/>Genopliv brunfarven og giv din hud en smuk solkysset gl\u00f8d. Den fine, luftige tekstur reparerer t\u00f8r hud og forekomsten af \u200b\u200bfine linjer.<\/p>\n","protected":false},"excerpt":{"rendered":"<p>Nuxe Multi-Usage Compact Bronzing Powder er en bronzer med jasminblomst til b\u00e5de krop og ansigt.Genopliv brunfarven og giv din hud en smuk solkysset gl\u00f8d. Den fine, luftige tekstur reparerer t\u00f8r hud og forekomsten af \u200b\u200bfine linjer.<\/p>\n","protected":false},"featured_media":116582,"comment_status":"open","ping_status":"closed","template":"","meta":{"_trash_the_other_posts":false},"product_brand":[],"product_cat":[659],"product_tag":[],"berocket_brand":[1024],"class_list":{"0":"post-116585","1":"product","2":"type-product","3":"status-publish","4":"has-post-thumbnail","6":"product_cat-bronzer","7":"pa_brand-nuxe","8":"berocket_brand-nuxe","10":"first","11":"outofstock","12":"sale","13":"taxable","14":"shipping-taxable","15":"purchasable","16":"product-type-simple"},"_links":{"self":[{"href":"https:\/\/stylingagenten.com\/da\/wp-json\/wp\/v2\/product\/116585","targetHints":{"allow":["GET"]}}],"collection":[{"href":"https:\/\/stylingagenten.com\/da\/wp-json\/wp\/v2\/product"}],"about":[{"href":"https:\/\/stylingagenten.com\/da\/wp-json\/wp\/v2\/types\/product"}],"replies":[{"embeddable":true,"href":"https:\/\/stylingagenten.com\/da\/wp-json\/wp\/v2\/comments?post=116585"}],"version-history":[{"count":0,"href":"https:\/\/stylingagenten.com\/da\/wp-json\/wp\/v2\/product\/116585\/revisions"}],"wp:featuredmedia":[{"embeddable":true,"href":"https:\/\/stylingagenten.com\/da\/wp-json\/wp\/v2\/media\/116582"}],"wp:attachment":[{"href":"https:\/\/stylingagenten.com\/da\/wp-json\/wp\/v2\/media?parent=116585"}],"wp:term":[{"taxonomy":"product_brand","embeddable":true,"href":"https:\/\/stylingagenten.com\/da\/wp-json\/wp\/v2\/product_brand?post=116585"},{"taxonomy":"product_cat","embeddable":true,"href":"https:\/\/stylingagenten.com\/da\/wp-json\/wp\/v2\/product_cat?post=116585"},{"taxonomy":"product_tag","embeddable":true,"href":"https:\/\/stylingagenten.com\/da\/wp-json\/wp\/v2\/product_tag?post=116585"},{"taxonomy":"berocket_brand","embeddable":true,"href":"https:\/\/stylingagenten.com\/da\/wp-json\/wp\/v2\/berocket_brand?post=116585"}],"curies":[{"name":"wp","href":"https:\/\/api.w.org\/{rel}","templated":true}]}}