{"id":116574,"date":"2025-05-18T21:16:51","date_gmt":"2025-05-18T21:16:51","guid":{"rendered":"https:\/\/staging2.stylingagenten.com\/da\/produkt\/kokie-matte-bronzer-stay-golden\/"},"modified":"2025-12-18T21:49:51","modified_gmt":"2025-12-18T21:49:51","slug":"kokie-matte-bronzer-stay-golden","status":"publish","type":"product","link":"https:\/\/stylingagenten.com\/da\/produkt\/kokie-matte-bronzer-stay-golden\/","title":{"rendered":"Kokie Matte Bronzer &#8211; Stay Golden"},"content":{"rendered":"<p>Opk\u00f8b; et solkysset look, der holder hele dagen med denne blendbare, matte bronzer fra Kokie Cosmetics. <br \/>De rige pigmenter g\u00f8r det nemt at tilf\u00f8je dybde og varme til \u00f8nskede omr\u00e5der. <\/p>\n<p>V\u00e6lg mellem fire nuancer!<br \/>Solbelyst fersken<br \/>Stay Golden<br \/>Heatwave<br \/>Sol Tan<\/p>\n","protected":false},"excerpt":{"rendered":"<p>Opk\u00f8b; et solkysset look, der holder hele dagen med denne blendbare, matte bronzer fra Kokie Cosmetics. De rige pigmenter g\u00f8r det nemt at tilf\u00f8je dybde og varme til \u00f8nskede omr\u00e5der. V\u00e6lg mellem fire nuancer!Solbelyst ferskenStay GoldenHeatwaveSol Tan<\/p>\n","protected":false},"featured_media":116571,"comment_status":"open","ping_status":"closed","template":"","meta":{"_trash_the_other_posts":false},"product_brand":[],"product_cat":[659],"product_tag":[3155],"berocket_brand":[1198],"class_list":{"0":"post-116574","1":"product","2":"type-product","3":"status-publish","4":"has-post-thumbnail","6":"product_cat-bronzer","7":"product_tag-kokie-matte-bronzer","8":"pa_brand-kokie-cosmetics","9":"pa_variant-stay-golden","10":"berocket_brand-kokie-cosmetics","12":"first","13":"instock","14":"sale","15":"taxable","16":"shipping-taxable","17":"purchasable","18":"product-type-simple"},"_links":{"self":[{"href":"https:\/\/stylingagenten.com\/da\/wp-json\/wp\/v2\/product\/116574","targetHints":{"allow":["GET"]}}],"collection":[{"href":"https:\/\/stylingagenten.com\/da\/wp-json\/wp\/v2\/product"}],"about":[{"href":"https:\/\/stylingagenten.com\/da\/wp-json\/wp\/v2\/types\/product"}],"replies":[{"embeddable":true,"href":"https:\/\/stylingagenten.com\/da\/wp-json\/wp\/v2\/comments?post=116574"}],"version-history":[{"count":0,"href":"https:\/\/stylingagenten.com\/da\/wp-json\/wp\/v2\/product\/116574\/revisions"}],"wp:featuredmedia":[{"embeddable":true,"href":"https:\/\/stylingagenten.com\/da\/wp-json\/wp\/v2\/media\/116571"}],"wp:attachment":[{"href":"https:\/\/stylingagenten.com\/da\/wp-json\/wp\/v2\/media?parent=116574"}],"wp:term":[{"taxonomy":"product_brand","embeddable":true,"href":"https:\/\/stylingagenten.com\/da\/wp-json\/wp\/v2\/product_brand?post=116574"},{"taxonomy":"product_cat","embeddable":true,"href":"https:\/\/stylingagenten.com\/da\/wp-json\/wp\/v2\/product_cat?post=116574"},{"taxonomy":"product_tag","embeddable":true,"href":"https:\/\/stylingagenten.com\/da\/wp-json\/wp\/v2\/product_tag?post=116574"},{"taxonomy":"berocket_brand","embeddable":true,"href":"https:\/\/stylingagenten.com\/da\/wp-json\/wp\/v2\/berocket_brand?post=116574"}],"curies":[{"name":"wp","href":"https:\/\/api.w.org\/{rel}","templated":true}]}}