{"id":116526,"date":"2025-05-18T21:16:37","date_gmt":"2025-05-18T21:16:37","guid":{"rendered":"https:\/\/staging2.stylingagenten.com\/da\/produkt\/max-factor-facefinity-powder-bronzer-01-light-bronze\/"},"modified":"2026-04-10T05:08:30","modified_gmt":"2026-04-10T05:08:30","slug":"max-factor-facefinity-powder-bronzer-01-light-bronze","status":"publish","type":"product","link":"https:\/\/stylingagenten.com\/da\/produkt\/max-factor-facefinity-powder-bronzer-01-light-bronze\/","title":{"rendered":"Max Factor Facefinity Powder Bronzer 01 Light Bronze"},"content":{"rendered":"<p>Facefinity Bronzer fra Max Factor er en solpudder, der giver et naturligt solkys og mat farve. Kan bruges til b\u00e5de ansigt og dekolletage. Facefinity Bronzer har en kompakt formel, der passer til alle hudtoner. P\u00e5f\u00f8r solpudderet langs ansigtets konturer for en varm formgivning.<\/p>\n<p>-Mat kompakt solpudder<br \/>-Bl\u00f8d fl\u00f8jlsagtig tekstur<br \/>-Velegnet til alle hudtyper<\/p>\n<p>Anvend langs ansigtets konturer for en varm skulptur. Brug en pudder- eller blush b\u00f8rste for et bl\u00f8dt og naturligt resultat. Bronzer l\u00e6gges bedst over en foundation eller en udj\u00e6vningspudder som base.<br \/>Tip fra Max Factors makeupartist: matte og bl\u00f8de bronzere i varme nuancer for et solkysset look. P\u00e5f\u00f8r i form af en 3, der starter fra tindingen ned til k\u00e6ben for en bl\u00f8d indramning af ansigtet.<\/p>\n","protected":false},"excerpt":{"rendered":"<p>Facefinity Bronzer fra Max Factor er en solpudder, der giver et naturligt solkys og mat farve. Kan bruges til b\u00e5de ansigt og dekolletage. Facefinity Bronzer har en kompakt formel, der passer til alle hudtoner. P\u00e5f\u00f8r solpudderet langs ansigtets konturer for en varm formgivning. -Mat kompakt solpudder-Bl\u00f8d fl\u00f8jlsagtig tekstur-Velegnet til alle hudtyper Anvend langs ansigtets konturer [&hellip;]<\/p>\n","protected":false},"featured_media":116522,"comment_status":"open","ping_status":"closed","template":"","meta":{"_trash_the_other_posts":false},"product_brand":[],"product_cat":[659],"product_tag":[3479],"berocket_brand":[1013],"class_list":{"0":"post-116526","1":"product","2":"type-product","3":"status-publish","4":"has-post-thumbnail","6":"product_cat-bronzer","7":"product_tag-max-factor-facefinity-powder-bronzer","8":"pa_brand-max-factor","9":"pa_variant-01-light-bronze","10":"berocket_brand-max-factor","12":"first","13":"instock","14":"sale","15":"taxable","16":"shipping-taxable","17":"purchasable","18":"product-type-simple"},"_links":{"self":[{"href":"https:\/\/stylingagenten.com\/da\/wp-json\/wp\/v2\/product\/116526","targetHints":{"allow":["GET"]}}],"collection":[{"href":"https:\/\/stylingagenten.com\/da\/wp-json\/wp\/v2\/product"}],"about":[{"href":"https:\/\/stylingagenten.com\/da\/wp-json\/wp\/v2\/types\/product"}],"replies":[{"embeddable":true,"href":"https:\/\/stylingagenten.com\/da\/wp-json\/wp\/v2\/comments?post=116526"}],"version-history":[{"count":0,"href":"https:\/\/stylingagenten.com\/da\/wp-json\/wp\/v2\/product\/116526\/revisions"}],"wp:featuredmedia":[{"embeddable":true,"href":"https:\/\/stylingagenten.com\/da\/wp-json\/wp\/v2\/media\/116522"}],"wp:attachment":[{"href":"https:\/\/stylingagenten.com\/da\/wp-json\/wp\/v2\/media?parent=116526"}],"wp:term":[{"taxonomy":"product_brand","embeddable":true,"href":"https:\/\/stylingagenten.com\/da\/wp-json\/wp\/v2\/product_brand?post=116526"},{"taxonomy":"product_cat","embeddable":true,"href":"https:\/\/stylingagenten.com\/da\/wp-json\/wp\/v2\/product_cat?post=116526"},{"taxonomy":"product_tag","embeddable":true,"href":"https:\/\/stylingagenten.com\/da\/wp-json\/wp\/v2\/product_tag?post=116526"},{"taxonomy":"berocket_brand","embeddable":true,"href":"https:\/\/stylingagenten.com\/da\/wp-json\/wp\/v2\/berocket_brand?post=116526"}],"curies":[{"name":"wp","href":"https:\/\/api.w.org\/{rel}","templated":true}]}}