{"id":116486,"date":"2025-05-18T21:16:23","date_gmt":"2025-05-18T21:16:23","guid":{"rendered":"https:\/\/staging2.stylingagenten.com\/da\/produkt\/katy-perry-indi-body-mist-240ml\/"},"modified":"2025-11-19T11:20:07","modified_gmt":"2025-11-19T11:20:07","slug":"katy-perry-indi-body-mist-240ml","status":"publish","type":"product","link":"https:\/\/stylingagenten.com\/da\/produkt\/katy-perry-indi-body-mist-240ml\/","title":{"rendered":"Katy Perry Indi Body Mist 240ml"},"content":{"rendered":"<p>En body mist i samme gode duft som parfumen af \u200b\u200bsamme navn.<\/p>\n<p>Katy Perry Indi har en unik moskusduft, der l\u00f8fter dine sanser. Denne mist indeholder himmelske duftnoter, der komplementerer hinanden og dig selv, mens du har den p\u00e5.<\/p>\n<p>Duftnoter: hvid te, blomme, bergamot, liljekonval, cykel, cedertr\u00e6, b&auml; rav, tonkab\u00f8nner og moskus.<\/p>\n","protected":false},"excerpt":{"rendered":"<p>En body mist i samme gode duft som parfumen af \u200b\u200bsamme navn. Katy Perry Indi har en unik moskusduft, der l\u00f8fter dine sanser. Denne mist indeholder himmelske duftnoter, der komplementerer hinanden og dig selv, mens du har den p\u00e5. Duftnoter: hvid te, blomme, bergamot, liljekonval, cykel, cedertr\u00e6, b&auml; rav, tonkab\u00f8nner og moskus.<\/p>\n","protected":false},"featured_media":116485,"comment_status":"open","ping_status":"closed","template":"","meta":{"_trash_the_other_posts":false},"product_brand":[],"product_cat":[585],"product_tag":[],"berocket_brand":[1070],"class_list":{"0":"post-116486","1":"product","2":"type-product","3":"status-publish","4":"has-post-thumbnail","6":"product_cat-bodymist-damer","7":"pa_brand-katy-perry","8":"berocket_brand-katy-perry","10":"first","11":"outofstock","12":"sale","13":"taxable","14":"shipping-taxable","15":"purchasable","16":"product-type-simple"},"_links":{"self":[{"href":"https:\/\/stylingagenten.com\/da\/wp-json\/wp\/v2\/product\/116486","targetHints":{"allow":["GET"]}}],"collection":[{"href":"https:\/\/stylingagenten.com\/da\/wp-json\/wp\/v2\/product"}],"about":[{"href":"https:\/\/stylingagenten.com\/da\/wp-json\/wp\/v2\/types\/product"}],"replies":[{"embeddable":true,"href":"https:\/\/stylingagenten.com\/da\/wp-json\/wp\/v2\/comments?post=116486"}],"version-history":[{"count":0,"href":"https:\/\/stylingagenten.com\/da\/wp-json\/wp\/v2\/product\/116486\/revisions"}],"wp:featuredmedia":[{"embeddable":true,"href":"https:\/\/stylingagenten.com\/da\/wp-json\/wp\/v2\/media\/116485"}],"wp:attachment":[{"href":"https:\/\/stylingagenten.com\/da\/wp-json\/wp\/v2\/media?parent=116486"}],"wp:term":[{"taxonomy":"product_brand","embeddable":true,"href":"https:\/\/stylingagenten.com\/da\/wp-json\/wp\/v2\/product_brand?post=116486"},{"taxonomy":"product_cat","embeddable":true,"href":"https:\/\/stylingagenten.com\/da\/wp-json\/wp\/v2\/product_cat?post=116486"},{"taxonomy":"product_tag","embeddable":true,"href":"https:\/\/stylingagenten.com\/da\/wp-json\/wp\/v2\/product_tag?post=116486"},{"taxonomy":"berocket_brand","embeddable":true,"href":"https:\/\/stylingagenten.com\/da\/wp-json\/wp\/v2\/berocket_brand?post=116486"}],"curies":[{"name":"wp","href":"https:\/\/api.w.org\/{rel}","templated":true}]}}