{"id":116464,"date":"2025-05-18T21:16:12","date_gmt":"2025-05-18T21:16:12","guid":{"rendered":"https:\/\/staging2.stylingagenten.com\/da\/produkt\/britney-spears-curious-fine-fragrance-mist-236ml\/"},"modified":"2026-04-06T23:18:39","modified_gmt":"2026-04-06T23:18:39","slug":"britney-spears-curious-fine-fragrance-mist-236ml","status":"publish","type":"product","link":"https:\/\/stylingagenten.com\/da\/produkt\/britney-spears-curious-fine-fragrance-mist-236ml\/","title":{"rendered":"Britney Spears Curious Fine Fragrance Mist 236ml"},"content":{"rendered":"<p>Britney Spears Curious Fine Fragrance Mist er en body mist, der giver en mildere duft, men med samme sammens\u00e6tning som parfumen.<\/p>\n<p>Britney Spears Curious er en romantisk, glad og bl\u00f8d duft. Den inspirerer til eventyr og nysgerrighed og er duftet med en blanding af magnolia, p\u00e6re og vanilje.<br \/>Duftnoter: magnolia, anjoup\u00e6re, lotusblomst, rose, jasmin, pink cyclamen, vanilje, moskus og sandeltr\u00e6. <\/p>\n","protected":false},"excerpt":{"rendered":"<p>Britney Spears Curious Fine Fragrance Mist er en body mist, der giver en mildere duft, men med samme sammens\u00e6tning som parfumen. Britney Spears Curious er en romantisk, glad og bl\u00f8d duft. Den inspirerer til eventyr og nysgerrighed og er duftet med en blanding af magnolia, p\u00e6re og vanilje.Duftnoter: magnolia, anjoup\u00e6re, lotusblomst, rose, jasmin, pink cyclamen, [&hellip;]<\/p>\n","protected":false},"featured_media":116463,"comment_status":"open","ping_status":"closed","template":"","meta":{"_trash_the_other_posts":false},"product_brand":[],"product_cat":[585,770,735,999],"product_tag":[],"berocket_brand":[1031],"class_list":{"0":"post-116464","1":"product","2":"type-product","3":"status-publish","4":"has-post-thumbnail","6":"product_cat-bodymist-damer","7":"product_cat-britney-spears-curious","8":"product_cat-kampagne","9":"product_cat-kampagnetilbud-til-hende","10":"pa_brand-britney-spears","11":"berocket_brand-britney-spears","13":"first","14":"instock","15":"sale","16":"taxable","17":"shipping-taxable","18":"purchasable","19":"product-type-simple"},"_links":{"self":[{"href":"https:\/\/stylingagenten.com\/da\/wp-json\/wp\/v2\/product\/116464","targetHints":{"allow":["GET"]}}],"collection":[{"href":"https:\/\/stylingagenten.com\/da\/wp-json\/wp\/v2\/product"}],"about":[{"href":"https:\/\/stylingagenten.com\/da\/wp-json\/wp\/v2\/types\/product"}],"replies":[{"embeddable":true,"href":"https:\/\/stylingagenten.com\/da\/wp-json\/wp\/v2\/comments?post=116464"}],"version-history":[{"count":0,"href":"https:\/\/stylingagenten.com\/da\/wp-json\/wp\/v2\/product\/116464\/revisions"}],"wp:featuredmedia":[{"embeddable":true,"href":"https:\/\/stylingagenten.com\/da\/wp-json\/wp\/v2\/media\/116463"}],"wp:attachment":[{"href":"https:\/\/stylingagenten.com\/da\/wp-json\/wp\/v2\/media?parent=116464"}],"wp:term":[{"taxonomy":"product_brand","embeddable":true,"href":"https:\/\/stylingagenten.com\/da\/wp-json\/wp\/v2\/product_brand?post=116464"},{"taxonomy":"product_cat","embeddable":true,"href":"https:\/\/stylingagenten.com\/da\/wp-json\/wp\/v2\/product_cat?post=116464"},{"taxonomy":"product_tag","embeddable":true,"href":"https:\/\/stylingagenten.com\/da\/wp-json\/wp\/v2\/product_tag?post=116464"},{"taxonomy":"berocket_brand","embeddable":true,"href":"https:\/\/stylingagenten.com\/da\/wp-json\/wp\/v2\/berocket_brand?post=116464"}],"curies":[{"name":"wp","href":"https:\/\/api.w.org\/{rel}","templated":true}]}}