{"id":116462,"date":"2025-05-18T21:16:11","date_gmt":"2025-05-18T21:16:11","guid":{"rendered":"https:\/\/staging2.stylingagenten.com\/da\/produkt\/elizabeth-arden-green-tea-fragrance-mist-236ml\/"},"modified":"2026-04-13T07:09:39","modified_gmt":"2026-04-13T07:09:39","slug":"elizabeth-arden-green-tea-fragrance-mist-236ml","status":"publish","type":"product","link":"https:\/\/stylingagenten.com\/da\/produkt\/elizabeth-arden-green-tea-fragrance-mist-236ml\/","title":{"rendered":"Elizabeth Arden Green Tea Fragrance Mist 236ml"},"content":{"rendered":"<p>Elizabeth Arden Green Tea Fragrance Mist er en body mist, der giver en mildere duft, men med samme sammens\u00e6tning som parfumen.<\/p>\n<p>Elizabeth Arden Green Tea er en forfriskende duft og gr\u00f8n duft, der passer til alle kvinder .<br \/><strong>Duftnoter:<\/strong> spidskommen, rabarber, bergamot, citron, jasmin, nelliker, pebermynte, r\u00f8gelse, selleri, egemos, rav og amp; moskus.<\/p>\n","protected":false},"excerpt":{"rendered":"<p>Elizabeth Arden Green Tea Fragrance Mist er en body mist, der giver en mildere duft, men med samme sammens\u00e6tning som parfumen. Elizabeth Arden Green Tea er en forfriskende duft og gr\u00f8n duft, der passer til alle kvinder .Duftnoter: spidskommen, rabarber, bergamot, citron, jasmin, nelliker, pebermynte, r\u00f8gelse, selleri, egemos, rav og amp; moskus.<\/p>\n","protected":false},"featured_media":116461,"comment_status":"open","ping_status":"closed","template":"","meta":{"_trash_the_other_posts":false},"product_brand":[],"product_cat":[585,759,735,999],"product_tag":[],"berocket_brand":[1303],"class_list":{"0":"post-116462","1":"product","2":"type-product","3":"status-publish","4":"has-post-thumbnail","6":"product_cat-bodymist-damer","7":"product_cat-elizabeth-arden-green-tea","8":"product_cat-kampagne","9":"product_cat-kampagnetilbud-til-hende","10":"pa_brand-elizabeth-arden","11":"berocket_brand-elizabeth-arden","13":"first","14":"instock","15":"sale","16":"taxable","17":"shipping-taxable","18":"purchasable","19":"product-type-simple"},"_links":{"self":[{"href":"https:\/\/stylingagenten.com\/da\/wp-json\/wp\/v2\/product\/116462","targetHints":{"allow":["GET"]}}],"collection":[{"href":"https:\/\/stylingagenten.com\/da\/wp-json\/wp\/v2\/product"}],"about":[{"href":"https:\/\/stylingagenten.com\/da\/wp-json\/wp\/v2\/types\/product"}],"replies":[{"embeddable":true,"href":"https:\/\/stylingagenten.com\/da\/wp-json\/wp\/v2\/comments?post=116462"}],"version-history":[{"count":0,"href":"https:\/\/stylingagenten.com\/da\/wp-json\/wp\/v2\/product\/116462\/revisions"}],"wp:featuredmedia":[{"embeddable":true,"href":"https:\/\/stylingagenten.com\/da\/wp-json\/wp\/v2\/media\/116461"}],"wp:attachment":[{"href":"https:\/\/stylingagenten.com\/da\/wp-json\/wp\/v2\/media?parent=116462"}],"wp:term":[{"taxonomy":"product_brand","embeddable":true,"href":"https:\/\/stylingagenten.com\/da\/wp-json\/wp\/v2\/product_brand?post=116462"},{"taxonomy":"product_cat","embeddable":true,"href":"https:\/\/stylingagenten.com\/da\/wp-json\/wp\/v2\/product_cat?post=116462"},{"taxonomy":"product_tag","embeddable":true,"href":"https:\/\/stylingagenten.com\/da\/wp-json\/wp\/v2\/product_tag?post=116462"},{"taxonomy":"berocket_brand","embeddable":true,"href":"https:\/\/stylingagenten.com\/da\/wp-json\/wp\/v2\/berocket_brand?post=116462"}],"curies":[{"name":"wp","href":"https:\/\/api.w.org\/{rel}","templated":true}]}}