{"id":116458,"date":"2025-05-18T21:16:08","date_gmt":"2025-05-18T21:16:08","guid":{"rendered":"https:\/\/staging2.stylingagenten.com\/da\/produkt\/britney-spears-midnight-fantasy-fine-fragrance-mist-236ml\/"},"modified":"2026-04-03T08:08:32","modified_gmt":"2026-04-03T08:08:32","slug":"britney-spears-midnight-fantasy-fine-fragrance-mist-236ml","status":"publish","type":"product","link":"https:\/\/stylingagenten.com\/da\/produkt\/britney-spears-midnight-fantasy-fine-fragrance-mist-236ml\/","title":{"rendered":"Britney Spears Midnight Fantasy Fine Fragrance Mist 236ml"},"content":{"rendered":"<p>Britney Spears Midnight Fantasy Fine Fragrance Mist er en kropsmist, der giver en mildere duft, men med samme sammens\u00e6tning som parfumen.<\/p>\n<p>Britney Spears Midnight Fantasy er en varm og drilsk duft, hvis aromaer af orkid\u00e9&amp;eacute ;, fresia, iris, ambra, moskus og vanilje giver en meget s\u00f8d fornemmelse, der leder tankerne hen p\u00e5 friske karameller.<br \/><strong>Duftnoter:<\/strong> hindb\u00e6r, blomme, solb\u00e6r ;rsb&auml;r, fresia, iris , nat orkid\u00e9&eacute;, vanilje, moskus &amp; rav.<\/p>\n","protected":false},"excerpt":{"rendered":"<p>Britney Spears Midnight Fantasy Fine Fragrance Mist er en kropsmist, der giver en mildere duft, men med samme sammens\u00e6tning som parfumen. Britney Spears Midnight Fantasy er en varm og drilsk duft, hvis aromaer af orkid\u00e9&amp;eacute ;, fresia, iris, ambra, moskus og vanilje giver en meget s\u00f8d fornemmelse, der leder tankerne hen p\u00e5 friske karameller.Duftnoter: hindb\u00e6r, [&hellip;]<\/p>\n","protected":false},"featured_media":116456,"comment_status":"open","ping_status":"closed","template":"","meta":{"_trash_the_other_posts":false},"product_brand":[],"product_cat":[1003,585,768,735,999],"product_tag":[],"berocket_brand":[1031],"class_list":{"0":"post-116458","1":"product","2":"type-product","3":"status-publish","4":"has-post-thumbnail","6":"product_cat-bestsellere","7":"product_cat-bodymist-damer","8":"product_cat-britney-spears-midnight","9":"product_cat-kampagne","10":"product_cat-kampagnetilbud-til-hende","11":"pa_brand-britney-spears","12":"berocket_brand-britney-spears","14":"first","15":"instock","16":"sale","17":"taxable","18":"shipping-taxable","19":"purchasable","20":"product-type-simple"},"_links":{"self":[{"href":"https:\/\/stylingagenten.com\/da\/wp-json\/wp\/v2\/product\/116458","targetHints":{"allow":["GET"]}}],"collection":[{"href":"https:\/\/stylingagenten.com\/da\/wp-json\/wp\/v2\/product"}],"about":[{"href":"https:\/\/stylingagenten.com\/da\/wp-json\/wp\/v2\/types\/product"}],"replies":[{"embeddable":true,"href":"https:\/\/stylingagenten.com\/da\/wp-json\/wp\/v2\/comments?post=116458"}],"version-history":[{"count":0,"href":"https:\/\/stylingagenten.com\/da\/wp-json\/wp\/v2\/product\/116458\/revisions"}],"wp:featuredmedia":[{"embeddable":true,"href":"https:\/\/stylingagenten.com\/da\/wp-json\/wp\/v2\/media\/116456"}],"wp:attachment":[{"href":"https:\/\/stylingagenten.com\/da\/wp-json\/wp\/v2\/media?parent=116458"}],"wp:term":[{"taxonomy":"product_brand","embeddable":true,"href":"https:\/\/stylingagenten.com\/da\/wp-json\/wp\/v2\/product_brand?post=116458"},{"taxonomy":"product_cat","embeddable":true,"href":"https:\/\/stylingagenten.com\/da\/wp-json\/wp\/v2\/product_cat?post=116458"},{"taxonomy":"product_tag","embeddable":true,"href":"https:\/\/stylingagenten.com\/da\/wp-json\/wp\/v2\/product_tag?post=116458"},{"taxonomy":"berocket_brand","embeddable":true,"href":"https:\/\/stylingagenten.com\/da\/wp-json\/wp\/v2\/berocket_brand?post=116458"}],"curies":[{"name":"wp","href":"https:\/\/api.w.org\/{rel}","templated":true}]}}