{"id":116368,"date":"2025-05-18T21:15:20","date_gmt":"2025-05-18T21:15:20","guid":{"rendered":"https:\/\/staging2.stylingagenten.com\/da\/produkt\/liu-jo-classy-wild-rose-fragrance-mist-200ml\/"},"modified":"2026-03-11T21:46:07","modified_gmt":"2026-03-11T21:46:07","slug":"liu-jo-classy-wild-rose-fragrance-mist-200ml","status":"publish","type":"product","link":"https:\/\/stylingagenten.com\/da\/produkt\/liu-jo-classy-wild-rose-fragrance-mist-200ml\/","title":{"rendered":"Liu Jo Classy Wild Rose Fragrance Mist 200ml"},"content":{"rendered":"<p>Delikat og frisk som en mangefacetteret rose, modstandsdygtig som dens stilk: Classy Wild Rose Fragrance Mist af Liu Jo er dedikeret til en levende, dristig og passioneret kvinde.<br \/>Duften \u00e5bner med en eksplosion af saftige frugtagtige noter af abrikos og nektarin fersken kombineret med et funklende strejf af pink peber fra Madagaskar. I hjertet dominerer en blomsterbuket af egyptisk viol, p\u00e6on, liljekonval og forf\u00f8rende vildrose, som blandes delikat med de varme og tr\u00e6agtige noter af hvid moskus, rav og cedertr\u00e6.<\/p>\n<p>Topnoter: Madagaskar pink peber, Abrikos, Nektarin Fersken <br \/>Hjertenoter: Egyptisk viol, p\u00e6on, vild rose, Liljekonval<br \/>Basenoter: Hvid moskus, rav, cedertr\u00e6<\/p>\n","protected":false},"excerpt":{"rendered":"<p>Delikat og frisk som en mangefacetteret rose, modstandsdygtig som dens stilk: Classy Wild Rose Fragrance Mist af Liu Jo er dedikeret til en levende, dristig og passioneret kvinde.Duften \u00e5bner med en eksplosion af saftige frugtagtige noter af abrikos og nektarin fersken kombineret med et funklende strejf af pink peber fra Madagaskar. I hjertet dominerer en [&hellip;]<\/p>\n","protected":false},"featured_media":116367,"comment_status":"open","ping_status":"closed","template":"","meta":{"_trash_the_other_posts":false},"product_brand":[],"product_cat":[585,735,999],"product_tag":[],"berocket_brand":[1377],"class_list":{"0":"post-116368","1":"product","2":"type-product","3":"status-publish","4":"has-post-thumbnail","6":"product_cat-bodymist-damer","7":"product_cat-kampagne","8":"product_cat-kampagnetilbud-til-hende","9":"pa_brand-liu-jo","10":"berocket_brand-liu-jo","12":"first","13":"instock","14":"sale","15":"taxable","16":"shipping-taxable","17":"purchasable","18":"product-type-simple"},"_links":{"self":[{"href":"https:\/\/stylingagenten.com\/da\/wp-json\/wp\/v2\/product\/116368","targetHints":{"allow":["GET"]}}],"collection":[{"href":"https:\/\/stylingagenten.com\/da\/wp-json\/wp\/v2\/product"}],"about":[{"href":"https:\/\/stylingagenten.com\/da\/wp-json\/wp\/v2\/types\/product"}],"replies":[{"embeddable":true,"href":"https:\/\/stylingagenten.com\/da\/wp-json\/wp\/v2\/comments?post=116368"}],"version-history":[{"count":0,"href":"https:\/\/stylingagenten.com\/da\/wp-json\/wp\/v2\/product\/116368\/revisions"}],"wp:featuredmedia":[{"embeddable":true,"href":"https:\/\/stylingagenten.com\/da\/wp-json\/wp\/v2\/media\/116367"}],"wp:attachment":[{"href":"https:\/\/stylingagenten.com\/da\/wp-json\/wp\/v2\/media?parent=116368"}],"wp:term":[{"taxonomy":"product_brand","embeddable":true,"href":"https:\/\/stylingagenten.com\/da\/wp-json\/wp\/v2\/product_brand?post=116368"},{"taxonomy":"product_cat","embeddable":true,"href":"https:\/\/stylingagenten.com\/da\/wp-json\/wp\/v2\/product_cat?post=116368"},{"taxonomy":"product_tag","embeddable":true,"href":"https:\/\/stylingagenten.com\/da\/wp-json\/wp\/v2\/product_tag?post=116368"},{"taxonomy":"berocket_brand","embeddable":true,"href":"https:\/\/stylingagenten.com\/da\/wp-json\/wp\/v2\/berocket_brand?post=116368"}],"curies":[{"name":"wp","href":"https:\/\/api.w.org\/{rel}","templated":true}]}}