{"id":116366,"date":"2025-05-18T21:15:19","date_gmt":"2025-05-18T21:15:19","guid":{"rendered":"https:\/\/staging2.stylingagenten.com\/da\/produkt\/lui-jou-sweet-carnation-fragrance-mist-200ml\/"},"modified":"2026-03-11T21:47:14","modified_gmt":"2026-03-11T21:47:14","slug":"lui-jou-sweet-carnation-fragrance-mist-200ml","status":"publish","type":"product","link":"https:\/\/stylingagenten.com\/da\/produkt\/lui-jou-sweet-carnation-fragrance-mist-200ml\/","title":{"rendered":"Lui Jou Sweet Carnation Fragrance Mist 200ml"},"content":{"rendered":"<p>En krydret, men s\u00f8d blomst, der gl\u00e6der sanserne ved at inspirere til undren og gl\u00e6de. <\/p>\n<p>Sweet Carnation er en f\u00e6ngslende og ikonisk duft som dens navn. Topnoterne af saftige p\u00e6rer, r\u00f8de frugter og det fl\u00f8jlsbl\u00f8de strejf af solb\u00e6r driver duften og efterlader den delikat intens. Udviklende og gradvist berigende, hjertenoterne forenes, den krydrede nellike kombineres med frugtige hjertenoter af p\u00e6on, rose, jasmin og liljekonval. De dejlige basisnoter blander indisk sandeltr\u00e6 og moskus.<\/p>\n<p>Ikonisk. Sanselig. Omsluttende.<\/p>\n<p>Topnoter: P\u00e6re, Calabrisk bergamot, r\u00f8de frugter, solb\u00e6r<br \/>Hjertenoter: p\u00e6on, rose, indisk jasmin, liljekonval, nellike<br \/>Basenoter: indisk sandeltr\u00e6, moskus<\/p>\n","protected":false},"excerpt":{"rendered":"<p>En krydret, men s\u00f8d blomst, der gl\u00e6der sanserne ved at inspirere til undren og gl\u00e6de. Sweet Carnation er en f\u00e6ngslende og ikonisk duft som dens navn. Topnoterne af saftige p\u00e6rer, r\u00f8de frugter og det fl\u00f8jlsbl\u00f8de strejf af solb\u00e6r driver duften og efterlader den delikat intens. Udviklende og gradvist berigende, hjertenoterne forenes, den krydrede nellike kombineres [&hellip;]<\/p>\n","protected":false},"featured_media":116365,"comment_status":"open","ping_status":"closed","template":"","meta":{"_trash_the_other_posts":false},"product_brand":[],"product_cat":[585,735,999],"product_tag":[],"berocket_brand":[1377],"class_list":{"0":"post-116366","1":"product","2":"type-product","3":"status-publish","4":"has-post-thumbnail","6":"product_cat-bodymist-damer","7":"product_cat-kampagne","8":"product_cat-kampagnetilbud-til-hende","9":"pa_brand-liu-jo","10":"berocket_brand-liu-jo","12":"first","13":"instock","14":"sale","15":"taxable","16":"shipping-taxable","17":"purchasable","18":"product-type-simple"},"_links":{"self":[{"href":"https:\/\/stylingagenten.com\/da\/wp-json\/wp\/v2\/product\/116366","targetHints":{"allow":["GET"]}}],"collection":[{"href":"https:\/\/stylingagenten.com\/da\/wp-json\/wp\/v2\/product"}],"about":[{"href":"https:\/\/stylingagenten.com\/da\/wp-json\/wp\/v2\/types\/product"}],"replies":[{"embeddable":true,"href":"https:\/\/stylingagenten.com\/da\/wp-json\/wp\/v2\/comments?post=116366"}],"version-history":[{"count":0,"href":"https:\/\/stylingagenten.com\/da\/wp-json\/wp\/v2\/product\/116366\/revisions"}],"wp:featuredmedia":[{"embeddable":true,"href":"https:\/\/stylingagenten.com\/da\/wp-json\/wp\/v2\/media\/116365"}],"wp:attachment":[{"href":"https:\/\/stylingagenten.com\/da\/wp-json\/wp\/v2\/media?parent=116366"}],"wp:term":[{"taxonomy":"product_brand","embeddable":true,"href":"https:\/\/stylingagenten.com\/da\/wp-json\/wp\/v2\/product_brand?post=116366"},{"taxonomy":"product_cat","embeddable":true,"href":"https:\/\/stylingagenten.com\/da\/wp-json\/wp\/v2\/product_cat?post=116366"},{"taxonomy":"product_tag","embeddable":true,"href":"https:\/\/stylingagenten.com\/da\/wp-json\/wp\/v2\/product_tag?post=116366"},{"taxonomy":"berocket_brand","embeddable":true,"href":"https:\/\/stylingagenten.com\/da\/wp-json\/wp\/v2\/berocket_brand?post=116366"}],"curies":[{"name":"wp","href":"https:\/\/api.w.org\/{rel}","templated":true}]}}