{"id":116326,"date":"2025-05-18T21:14:48","date_gmt":"2025-05-18T21:14:48","guid":{"rendered":"https:\/\/staging2.stylingagenten.com\/da\/produkt\/ariana-grande-ari-body-mist-236ml\/"},"modified":"2026-04-13T15:38:41","modified_gmt":"2026-04-13T15:38:41","slug":"ariana-grande-ari-body-mist-236ml","status":"publish","type":"product","link":"https:\/\/stylingagenten.com\/da\/produkt\/ariana-grande-ari-body-mist-236ml\/","title":{"rendered":"Ariana Grande Ari Body Mist 236ml"},"content":{"rendered":"<p>Denne duft er meget personlig for ARIANA og er blevet inspireret af hendes egen personlighed.<br \/>En varm, lidenskabelig, dejlig ung kvinde, der ikke er alt for kompliceret. Dem, der kender hende bedst, kalder hende ARI, og dette er ogs\u00e5 navnet p\u00e5 hendes f\u00f8rste duft.<\/p>\n<p>ARI er en l\u00e6kker ungdommelig og kyllingeduft. Mousserende frugter og et ultrafeminint blomsterhjerte balanceres af en passioneret base af cremet moskus og let tr\u00e6.<br \/>Topnoter: Grapefrugt, Hindb\u00e6r, P\u00e6re<br \/>Hjertenoter: Liljekonval, Rose, Vaniljeorkid\u00e9<br \/>Basenoter: Marshmallow, moskus, tr\u00e6agtige noter<\/p>\n","protected":false},"excerpt":{"rendered":"<p>Denne duft er meget personlig for ARIANA og er blevet inspireret af hendes egen personlighed.En varm, lidenskabelig, dejlig ung kvinde, der ikke er alt for kompliceret. Dem, der kender hende bedst, kalder hende ARI, og dette er ogs\u00e5 navnet p\u00e5 hendes f\u00f8rste duft. ARI er en l\u00e6kker ungdommelig og kyllingeduft. Mousserende frugter og et ultrafeminint [&hellip;]<\/p>\n","protected":false},"featured_media":116325,"comment_status":"open","ping_status":"closed","template":"","meta":{"_trash_the_other_posts":false},"product_brand":[],"product_cat":[585,735,999],"product_tag":[],"berocket_brand":[1201],"class_list":{"0":"post-116326","1":"product","2":"type-product","3":"status-publish","4":"has-post-thumbnail","6":"product_cat-bodymist-damer","7":"product_cat-kampagne","8":"product_cat-kampagnetilbud-til-hende","9":"pa_brand-ariana-grande","10":"berocket_brand-ariana-grande","12":"first","13":"instock","14":"sale","15":"taxable","16":"shipping-taxable","17":"purchasable","18":"product-type-simple"},"_links":{"self":[{"href":"https:\/\/stylingagenten.com\/da\/wp-json\/wp\/v2\/product\/116326","targetHints":{"allow":["GET"]}}],"collection":[{"href":"https:\/\/stylingagenten.com\/da\/wp-json\/wp\/v2\/product"}],"about":[{"href":"https:\/\/stylingagenten.com\/da\/wp-json\/wp\/v2\/types\/product"}],"replies":[{"embeddable":true,"href":"https:\/\/stylingagenten.com\/da\/wp-json\/wp\/v2\/comments?post=116326"}],"version-history":[{"count":0,"href":"https:\/\/stylingagenten.com\/da\/wp-json\/wp\/v2\/product\/116326\/revisions"}],"wp:featuredmedia":[{"embeddable":true,"href":"https:\/\/stylingagenten.com\/da\/wp-json\/wp\/v2\/media\/116325"}],"wp:attachment":[{"href":"https:\/\/stylingagenten.com\/da\/wp-json\/wp\/v2\/media?parent=116326"}],"wp:term":[{"taxonomy":"product_brand","embeddable":true,"href":"https:\/\/stylingagenten.com\/da\/wp-json\/wp\/v2\/product_brand?post=116326"},{"taxonomy":"product_cat","embeddable":true,"href":"https:\/\/stylingagenten.com\/da\/wp-json\/wp\/v2\/product_cat?post=116326"},{"taxonomy":"product_tag","embeddable":true,"href":"https:\/\/stylingagenten.com\/da\/wp-json\/wp\/v2\/product_tag?post=116326"},{"taxonomy":"berocket_brand","embeddable":true,"href":"https:\/\/stylingagenten.com\/da\/wp-json\/wp\/v2\/berocket_brand?post=116326"}],"curies":[{"name":"wp","href":"https:\/\/api.w.org\/{rel}","templated":true}]}}