{"id":116321,"date":"2025-05-18T21:14:45","date_gmt":"2025-05-18T21:14:45","guid":{"rendered":"https:\/\/staging2.stylingagenten.com\/da\/produkt\/samba-neon-nights-body-mist-236ml\/"},"modified":"2026-04-10T15:48:33","modified_gmt":"2026-04-10T15:48:33","slug":"samba-neon-nights-body-mist-236ml","status":"publish","type":"product","link":"https:\/\/stylingagenten.com\/da\/produkt\/samba-neon-nights-body-mist-236ml\/","title":{"rendered":"Samba Neon Nights Body Mist 236ml"},"content":{"rendered":"<p>Neon Nights er en frugtig, blomstret gourmandduft, der \u00e5bner med topnoter af frisk pink grapefrugt og passionsfrugt. Hjertenoterne fremst\u00e5r med en smuk blanding mellem appelsinblomst og jasmin, basisnoterne slutter med s\u00f8dt lyser\u00f8dt sukker, hvidt rav og moskus.<\/p>\n<p>Topnoter: Pink Grapefruit, Passionsfrugt<br \/>Hjertenoter: Jasmin, Orangeblomst<br \/>Basenoter: Lyser\u00f8dt sukker, hvidt rav, hvid moskus<\/p>\n","protected":false},"excerpt":{"rendered":"<p>Neon Nights er en frugtig, blomstret gourmandduft, der \u00e5bner med topnoter af frisk pink grapefrugt og passionsfrugt. Hjertenoterne fremst\u00e5r med en smuk blanding mellem appelsinblomst og jasmin, basisnoterne slutter med s\u00f8dt lyser\u00f8dt sukker, hvidt rav og moskus. Topnoter: Pink Grapefruit, PassionsfrugtHjertenoter: Jasmin, OrangeblomstBasenoter: Lyser\u00f8dt sukker, hvidt rav, hvid moskus<\/p>\n","protected":false},"featured_media":116319,"comment_status":"open","ping_status":"closed","template":"","meta":{"_trash_the_other_posts":false},"product_brand":[],"product_cat":[585,735,999],"product_tag":[],"berocket_brand":[1381],"class_list":{"0":"post-116321","1":"product","2":"type-product","3":"status-publish","4":"has-post-thumbnail","6":"product_cat-bodymist-damer","7":"product_cat-kampagne","8":"product_cat-kampagnetilbud-til-hende","9":"pa_brand-samba","10":"berocket_brand-samba","12":"first","13":"instock","14":"sale","15":"taxable","16":"shipping-taxable","17":"purchasable","18":"product-type-simple"},"_links":{"self":[{"href":"https:\/\/stylingagenten.com\/da\/wp-json\/wp\/v2\/product\/116321","targetHints":{"allow":["GET"]}}],"collection":[{"href":"https:\/\/stylingagenten.com\/da\/wp-json\/wp\/v2\/product"}],"about":[{"href":"https:\/\/stylingagenten.com\/da\/wp-json\/wp\/v2\/types\/product"}],"replies":[{"embeddable":true,"href":"https:\/\/stylingagenten.com\/da\/wp-json\/wp\/v2\/comments?post=116321"}],"version-history":[{"count":0,"href":"https:\/\/stylingagenten.com\/da\/wp-json\/wp\/v2\/product\/116321\/revisions"}],"wp:featuredmedia":[{"embeddable":true,"href":"https:\/\/stylingagenten.com\/da\/wp-json\/wp\/v2\/media\/116319"}],"wp:attachment":[{"href":"https:\/\/stylingagenten.com\/da\/wp-json\/wp\/v2\/media?parent=116321"}],"wp:term":[{"taxonomy":"product_brand","embeddable":true,"href":"https:\/\/stylingagenten.com\/da\/wp-json\/wp\/v2\/product_brand?post=116321"},{"taxonomy":"product_cat","embeddable":true,"href":"https:\/\/stylingagenten.com\/da\/wp-json\/wp\/v2\/product_cat?post=116321"},{"taxonomy":"product_tag","embeddable":true,"href":"https:\/\/stylingagenten.com\/da\/wp-json\/wp\/v2\/product_tag?post=116321"},{"taxonomy":"berocket_brand","embeddable":true,"href":"https:\/\/stylingagenten.com\/da\/wp-json\/wp\/v2\/berocket_brand?post=116321"}],"curies":[{"name":"wp","href":"https:\/\/api.w.org\/{rel}","templated":true}]}}