{"id":116301,"date":"2025-05-18T21:14:30","date_gmt":"2025-05-18T21:14:30","guid":{"rendered":"https:\/\/staging2.stylingagenten.com\/da\/produkt\/giorgio-beverly-hills-fine-fragrance-mist-236ml\/"},"modified":"2026-03-29T23:27:29","modified_gmt":"2026-03-29T23:27:29","slug":"giorgio-beverly-hills-fine-fragrance-mist-236ml","status":"publish","type":"product","link":"https:\/\/stylingagenten.com\/da\/produkt\/giorgio-beverly-hills-fine-fragrance-mist-236ml\/","title":{"rendered":"Giorgio Beverly Hills Fine Fragrance Mist 236ml"},"content":{"rendered":"<p>Giorgio Beverly Hills Fine Duft Mist 236ml<br \/>Passion, femininitet og temperament i en enkelt flaske. S\u00e5dan er Giorgio Beverly Hills Giorgio &#8211; en kropsspray til kvinder, som vil gl\u00e6de dine sanser med en uimodst\u00e5elig duft og parfumere din hud optimalt. En blomsteragtig og orientalsk duft. Til selvst\u00e6ndige kvinder, der ikke er bange for udfordringer og en luksuri\u00f8s duft til dig, der er kr\u00e6sen.<\/p>\n","protected":false},"excerpt":{"rendered":"<p>Giorgio Beverly Hills Fine Duft Mist 236mlPassion, femininitet og temperament i en enkelt flaske. S\u00e5dan er Giorgio Beverly Hills Giorgio &#8211; en kropsspray til kvinder, som vil gl\u00e6de dine sanser med en uimodst\u00e5elig duft og parfumere din hud optimalt. En blomsteragtig og orientalsk duft. Til selvst\u00e6ndige kvinder, der ikke er bange for udfordringer og en [&hellip;]<\/p>\n","protected":false},"featured_media":116300,"comment_status":"open","ping_status":"closed","template":"","meta":{"_trash_the_other_posts":false},"product_brand":[],"product_cat":[585,735,999],"product_tag":[],"berocket_brand":[1325],"class_list":{"0":"post-116301","1":"product","2":"type-product","3":"status-publish","4":"has-post-thumbnail","6":"product_cat-bodymist-damer","7":"product_cat-kampagne","8":"product_cat-kampagnetilbud-til-hende","9":"pa_brand-giorgio-beverly-hills","10":"berocket_brand-giorgio-beverly-hills","12":"first","13":"instock","14":"sale","15":"taxable","16":"shipping-taxable","17":"purchasable","18":"product-type-simple"},"_links":{"self":[{"href":"https:\/\/stylingagenten.com\/da\/wp-json\/wp\/v2\/product\/116301","targetHints":{"allow":["GET"]}}],"collection":[{"href":"https:\/\/stylingagenten.com\/da\/wp-json\/wp\/v2\/product"}],"about":[{"href":"https:\/\/stylingagenten.com\/da\/wp-json\/wp\/v2\/types\/product"}],"replies":[{"embeddable":true,"href":"https:\/\/stylingagenten.com\/da\/wp-json\/wp\/v2\/comments?post=116301"}],"version-history":[{"count":0,"href":"https:\/\/stylingagenten.com\/da\/wp-json\/wp\/v2\/product\/116301\/revisions"}],"wp:featuredmedia":[{"embeddable":true,"href":"https:\/\/stylingagenten.com\/da\/wp-json\/wp\/v2\/media\/116300"}],"wp:attachment":[{"href":"https:\/\/stylingagenten.com\/da\/wp-json\/wp\/v2\/media?parent=116301"}],"wp:term":[{"taxonomy":"product_brand","embeddable":true,"href":"https:\/\/stylingagenten.com\/da\/wp-json\/wp\/v2\/product_brand?post=116301"},{"taxonomy":"product_cat","embeddable":true,"href":"https:\/\/stylingagenten.com\/da\/wp-json\/wp\/v2\/product_cat?post=116301"},{"taxonomy":"product_tag","embeddable":true,"href":"https:\/\/stylingagenten.com\/da\/wp-json\/wp\/v2\/product_tag?post=116301"},{"taxonomy":"berocket_brand","embeddable":true,"href":"https:\/\/stylingagenten.com\/da\/wp-json\/wp\/v2\/berocket_brand?post=116301"}],"curies":[{"name":"wp","href":"https:\/\/api.w.org\/{rel}","templated":true}]}}