{"id":116289,"date":"2025-05-18T21:14:16","date_gmt":"2025-05-18T21:14:16","guid":{"rendered":"https:\/\/staging2.stylingagenten.com\/da\/produkt\/ariana-grande-sweet-like-candy-body-mist-236ml\/"},"modified":"2026-04-12T20:47:29","modified_gmt":"2026-04-12T20:47:29","slug":"ariana-grande-sweet-like-candy-body-mist-236ml","status":"publish","type":"product","link":"https:\/\/stylingagenten.com\/da\/produkt\/ariana-grande-sweet-like-candy-body-mist-236ml\/","title":{"rendered":"Ariana Grande Sweet Like Candy Body Mist 236ml"},"content":{"rendered":"<p>Ariana Grande Sweet Like Candy Body Mist 236ml er en dejlig dagdr\u00f8m for verdenskunstneren og sangeren Ariana Grande. Duften viser en ny sexet side af popstjernens selvtillid og stil, som er i konstant udvikling. Som en forl\u00e6ngelse af hendes eget personlige udtryk b\u00e6rer hvert element i denne dekadente duft Arianas forf\u00f8rende flirtende karakter med sukkers\u00f8de, legende indslag gennem hele dufthistorien. En l\u00e6kker eksplosion af kandiserede bromb\u00e6r og saftig italiensk bergamot funkler med l\u00e6kker afh\u00e6ngighed, mens cremet kashmirtr\u00e6 kombineret med uds\u00f8gte strejf af lyser\u00f8de blomster vil give dig lyst til mere. Den l\u00e6kre basisnote med en blanding af fl\u00f8jlsbl\u00f8de lag af cr\u00e8me de cassis, fluffy skumfidus og sexet vanilje efterlader et forf\u00f8rende duftspor, der vender hovederne.<\/p>\n","protected":false},"excerpt":{"rendered":"<p>Ariana Grande Sweet Like Candy Body Mist 236ml er en dejlig dagdr\u00f8m for verdenskunstneren og sangeren Ariana Grande. Duften viser en ny sexet side af popstjernens selvtillid og stil, som er i konstant udvikling. Som en forl\u00e6ngelse af hendes eget personlige udtryk b\u00e6rer hvert element i denne dekadente duft Arianas forf\u00f8rende flirtende karakter med sukkers\u00f8de, [&hellip;]<\/p>\n","protected":false},"featured_media":116288,"comment_status":"open","ping_status":"closed","template":"","meta":{"_trash_the_other_posts":false},"product_brand":[],"product_cat":[585,735,999],"product_tag":[],"berocket_brand":[1201],"class_list":{"0":"post-116289","1":"product","2":"type-product","3":"status-publish","4":"has-post-thumbnail","6":"product_cat-bodymist-damer","7":"product_cat-kampagne","8":"product_cat-kampagnetilbud-til-hende","9":"pa_brand-ariana-grande","10":"berocket_brand-ariana-grande","12":"first","13":"instock","14":"sale","15":"taxable","16":"shipping-taxable","17":"purchasable","18":"product-type-simple"},"_links":{"self":[{"href":"https:\/\/stylingagenten.com\/da\/wp-json\/wp\/v2\/product\/116289","targetHints":{"allow":["GET"]}}],"collection":[{"href":"https:\/\/stylingagenten.com\/da\/wp-json\/wp\/v2\/product"}],"about":[{"href":"https:\/\/stylingagenten.com\/da\/wp-json\/wp\/v2\/types\/product"}],"replies":[{"embeddable":true,"href":"https:\/\/stylingagenten.com\/da\/wp-json\/wp\/v2\/comments?post=116289"}],"version-history":[{"count":0,"href":"https:\/\/stylingagenten.com\/da\/wp-json\/wp\/v2\/product\/116289\/revisions"}],"wp:featuredmedia":[{"embeddable":true,"href":"https:\/\/stylingagenten.com\/da\/wp-json\/wp\/v2\/media\/116288"}],"wp:attachment":[{"href":"https:\/\/stylingagenten.com\/da\/wp-json\/wp\/v2\/media?parent=116289"}],"wp:term":[{"taxonomy":"product_brand","embeddable":true,"href":"https:\/\/stylingagenten.com\/da\/wp-json\/wp\/v2\/product_brand?post=116289"},{"taxonomy":"product_cat","embeddable":true,"href":"https:\/\/stylingagenten.com\/da\/wp-json\/wp\/v2\/product_cat?post=116289"},{"taxonomy":"product_tag","embeddable":true,"href":"https:\/\/stylingagenten.com\/da\/wp-json\/wp\/v2\/product_tag?post=116289"},{"taxonomy":"berocket_brand","embeddable":true,"href":"https:\/\/stylingagenten.com\/da\/wp-json\/wp\/v2\/berocket_brand?post=116289"}],"curies":[{"name":"wp","href":"https:\/\/api.w.org\/{rel}","templated":true}]}}