{"id":116281,"date":"2025-05-18T21:14:04","date_gmt":"2025-05-18T21:14:04","guid":{"rendered":"https:\/\/staging2.stylingagenten.com\/da\/produkt\/ariana-grande-thank-u-next-body-mist-236ml\/"},"modified":"2026-04-11T21:28:34","modified_gmt":"2026-04-11T21:28:34","slug":"ariana-grande-thank-u-next-body-mist-236ml","status":"publish","type":"product","link":"https:\/\/stylingagenten.com\/da\/produkt\/ariana-grande-thank-u-next-body-mist-236ml\/","title":{"rendered":"Ariana Grande Thank U Next Body Mist 236ml"},"content":{"rendered":"<p>Ariana Grande, Thank U, Next \u00e5bner med saftige noter af mousserende hvid p\u00e6re og vilde hindb\u00e6r, bl\u00f8dgjort af cremet kokosn\u00f8ddehjerte og delikate lyser\u00f8de rosenblade. Guddommelig fl\u00f8jlsbl\u00f8d moskus tilf\u00f8rer klassisk Ari sass, mens makroner tilf\u00f8jer legende femininitet. Fuld af attitude, fuld af s\u00f8dme.<\/p>\n","protected":false},"excerpt":{"rendered":"<p>Ariana Grande, Thank U, Next \u00e5bner med saftige noter af mousserende hvid p\u00e6re og vilde hindb\u00e6r, bl\u00f8dgjort af cremet kokosn\u00f8ddehjerte og delikate lyser\u00f8de rosenblade. Guddommelig fl\u00f8jlsbl\u00f8d moskus tilf\u00f8rer klassisk Ari sass, mens makroner tilf\u00f8jer legende femininitet. Fuld af attitude, fuld af s\u00f8dme.<\/p>\n","protected":false},"featured_media":116280,"comment_status":"open","ping_status":"closed","template":"","meta":{"_trash_the_other_posts":false},"product_brand":[],"product_cat":[585,735,999],"product_tag":[],"berocket_brand":[1201],"class_list":{"0":"post-116281","1":"product","2":"type-product","3":"status-publish","4":"has-post-thumbnail","6":"product_cat-bodymist-damer","7":"product_cat-kampagne","8":"product_cat-kampagnetilbud-til-hende","9":"pa_brand-ariana-grande","10":"berocket_brand-ariana-grande","12":"first","13":"outofstock","14":"sale","15":"taxable","16":"shipping-taxable","17":"purchasable","18":"product-type-simple"},"_links":{"self":[{"href":"https:\/\/stylingagenten.com\/da\/wp-json\/wp\/v2\/product\/116281","targetHints":{"allow":["GET"]}}],"collection":[{"href":"https:\/\/stylingagenten.com\/da\/wp-json\/wp\/v2\/product"}],"about":[{"href":"https:\/\/stylingagenten.com\/da\/wp-json\/wp\/v2\/types\/product"}],"replies":[{"embeddable":true,"href":"https:\/\/stylingagenten.com\/da\/wp-json\/wp\/v2\/comments?post=116281"}],"version-history":[{"count":0,"href":"https:\/\/stylingagenten.com\/da\/wp-json\/wp\/v2\/product\/116281\/revisions"}],"wp:featuredmedia":[{"embeddable":true,"href":"https:\/\/stylingagenten.com\/da\/wp-json\/wp\/v2\/media\/116280"}],"wp:attachment":[{"href":"https:\/\/stylingagenten.com\/da\/wp-json\/wp\/v2\/media?parent=116281"}],"wp:term":[{"taxonomy":"product_brand","embeddable":true,"href":"https:\/\/stylingagenten.com\/da\/wp-json\/wp\/v2\/product_brand?post=116281"},{"taxonomy":"product_cat","embeddable":true,"href":"https:\/\/stylingagenten.com\/da\/wp-json\/wp\/v2\/product_cat?post=116281"},{"taxonomy":"product_tag","embeddable":true,"href":"https:\/\/stylingagenten.com\/da\/wp-json\/wp\/v2\/product_tag?post=116281"},{"taxonomy":"berocket_brand","embeddable":true,"href":"https:\/\/stylingagenten.com\/da\/wp-json\/wp\/v2\/berocket_brand?post=116281"}],"curies":[{"name":"wp","href":"https:\/\/api.w.org\/{rel}","templated":true}]}}