{"id":116279,"date":"2025-05-18T21:14:00","date_gmt":"2025-05-18T21:14:00","guid":{"rendered":"https:\/\/staging2.stylingagenten.com\/da\/produkt\/dkny-be-delicious-pool-party-bay-breeze-body-mist-250ml\/"},"modified":"2026-03-19T10:26:34","modified_gmt":"2026-03-19T10:26:34","slug":"dkny-be-delicious-pool-party-bay-breeze-body-mist-250ml","status":"publish","type":"product","link":"https:\/\/stylingagenten.com\/da\/produkt\/dkny-be-delicious-pool-party-bay-breeze-body-mist-250ml\/","title":{"rendered":"DKNY Be Delicious Pool Party Bay Breeze Body Mist 250ml"},"content":{"rendered":"<p>Oplev Be Delicious Pool Party Breeze Body Mist, en lettere fortolkning af den elskede duft. Skab en sprudlende atmosf\u00e6re med Bay Breeze, en livlig duft, der tager dig med p\u00e5 en farverig rejse.<\/p>\n<p>Denne livlige og friske duft er inspireret af den trendy sommercocktail og fanger f\u00f8lelsen af jet-set-livet med en forfriskende blanding af bergamot og mandarin, krydret med eneb\u00e6r og s\u00f8d abrikos. I duftens hjerte finder du en frisk kombination af bergamot og mandarin, der v\u00e6kker minder om solskin og citruslunde. Den livlige duft forst\u00e6rkes derefter af sprudlende eneb\u00e6r, som giver duften en uimodst\u00e5elig gnist, der afspejler sp\u00e6ndingen i en sommeraften. For at give duften et ekstra strejf af charme, har vi tilf\u00f8jet dejlige abrikosnoter, der giver duften en frugtig twist, der minder om de mest uds\u00f8gte sommerfavoritter.<\/p>\n<p>250 ml<\/p>\n","protected":false},"excerpt":{"rendered":"<p>Oplev Be Delicious Pool Party Breeze Body Mist, en lettere fortolkning af den elskede duft. Skab en sprudlende atmosf\u00e6re med Bay Breeze, en livlig duft, der tager dig med p\u00e5 en farverig rejse. Denne livlige og friske duft er inspireret af den trendy sommercocktail og fanger f\u00f8lelsen af jet-set-livet med en forfriskende blanding af bergamot [&hellip;]<\/p>\n","protected":false},"featured_media":116278,"comment_status":"open","ping_status":"closed","template":"","meta":{"_trash_the_other_posts":false},"product_brand":[],"product_cat":[585,735,999],"product_tag":[],"berocket_brand":[1291],"class_list":{"0":"post-116279","1":"product","2":"type-product","3":"status-publish","4":"has-post-thumbnail","6":"product_cat-bodymist-damer","7":"product_cat-kampagne","8":"product_cat-kampagnetilbud-til-hende","9":"pa_brand-dkny","10":"berocket_brand-dkny","12":"first","13":"instock","14":"sale","15":"taxable","16":"shipping-taxable","17":"purchasable","18":"product-type-simple"},"_links":{"self":[{"href":"https:\/\/stylingagenten.com\/da\/wp-json\/wp\/v2\/product\/116279","targetHints":{"allow":["GET"]}}],"collection":[{"href":"https:\/\/stylingagenten.com\/da\/wp-json\/wp\/v2\/product"}],"about":[{"href":"https:\/\/stylingagenten.com\/da\/wp-json\/wp\/v2\/types\/product"}],"replies":[{"embeddable":true,"href":"https:\/\/stylingagenten.com\/da\/wp-json\/wp\/v2\/comments?post=116279"}],"version-history":[{"count":0,"href":"https:\/\/stylingagenten.com\/da\/wp-json\/wp\/v2\/product\/116279\/revisions"}],"wp:featuredmedia":[{"embeddable":true,"href":"https:\/\/stylingagenten.com\/da\/wp-json\/wp\/v2\/media\/116278"}],"wp:attachment":[{"href":"https:\/\/stylingagenten.com\/da\/wp-json\/wp\/v2\/media?parent=116279"}],"wp:term":[{"taxonomy":"product_brand","embeddable":true,"href":"https:\/\/stylingagenten.com\/da\/wp-json\/wp\/v2\/product_brand?post=116279"},{"taxonomy":"product_cat","embeddable":true,"href":"https:\/\/stylingagenten.com\/da\/wp-json\/wp\/v2\/product_cat?post=116279"},{"taxonomy":"product_tag","embeddable":true,"href":"https:\/\/stylingagenten.com\/da\/wp-json\/wp\/v2\/product_tag?post=116279"},{"taxonomy":"berocket_brand","embeddable":true,"href":"https:\/\/stylingagenten.com\/da\/wp-json\/wp\/v2\/berocket_brand?post=116279"}],"curies":[{"name":"wp","href":"https:\/\/api.w.org\/{rel}","templated":true}]}}