{"id":116275,"date":"2025-05-18T21:13:55","date_gmt":"2025-05-18T21:13:55","guid":{"rendered":"https:\/\/staging2.stylingagenten.com\/da\/produkt\/dkny-golden-delicious-body-mist-250ml\/"},"modified":"2026-03-11T21:48:06","modified_gmt":"2026-03-11T21:48:06","slug":"dkny-golden-delicious-body-mist-250ml","status":"publish","type":"product","link":"https:\/\/stylingagenten.com\/da\/produkt\/dkny-golden-delicious-body-mist-250ml\/","title":{"rendered":"DKNY Golden Delicious Body Mist 250ml"},"content":{"rendered":"<p>Oplev en frisk og elegant duft med DKNY Golden Delicious Body Mist. Den \u00e5bner med spr\u00f8de noter af \u00e6ble og blomstrende appelsin for en saftig, frugtagtig fornemmelse. Et hjerte af rose, liljekonval og ylang-ylang tilf\u00f8jer en bl\u00f8d, blomstrende elegance, mens basenoter af sandeltr\u00e6, vanilje og moskus giver en varm, sensuel afslutning. Perfekt til daglig brug og for at tilf\u00f8je et strejf af sofistikeret gl\u00e6de.<\/p>\n<p>250 ml<\/p>\n","protected":false},"excerpt":{"rendered":"<p>Oplev en frisk og elegant duft med DKNY Golden Delicious Body Mist. Den \u00e5bner med spr\u00f8de noter af \u00e6ble og blomstrende appelsin for en saftig, frugtagtig fornemmelse. Et hjerte af rose, liljekonval og ylang-ylang tilf\u00f8jer en bl\u00f8d, blomstrende elegance, mens basenoter af sandeltr\u00e6, vanilje og moskus giver en varm, sensuel afslutning. Perfekt til daglig brug [&hellip;]<\/p>\n","protected":false},"featured_media":116274,"comment_status":"open","ping_status":"closed","template":"","meta":{"_trash_the_other_posts":false},"product_brand":[],"product_cat":[585,735,999],"product_tag":[],"berocket_brand":[1291],"class_list":{"0":"post-116275","1":"product","2":"type-product","3":"status-publish","4":"has-post-thumbnail","6":"product_cat-bodymist-damer","7":"product_cat-kampagne","8":"product_cat-kampagnetilbud-til-hende","9":"pa_brand-dkny","10":"berocket_brand-dkny","12":"first","13":"instock","14":"sale","15":"taxable","16":"shipping-taxable","17":"purchasable","18":"product-type-simple"},"_links":{"self":[{"href":"https:\/\/stylingagenten.com\/da\/wp-json\/wp\/v2\/product\/116275","targetHints":{"allow":["GET"]}}],"collection":[{"href":"https:\/\/stylingagenten.com\/da\/wp-json\/wp\/v2\/product"}],"about":[{"href":"https:\/\/stylingagenten.com\/da\/wp-json\/wp\/v2\/types\/product"}],"replies":[{"embeddable":true,"href":"https:\/\/stylingagenten.com\/da\/wp-json\/wp\/v2\/comments?post=116275"}],"version-history":[{"count":0,"href":"https:\/\/stylingagenten.com\/da\/wp-json\/wp\/v2\/product\/116275\/revisions"}],"wp:featuredmedia":[{"embeddable":true,"href":"https:\/\/stylingagenten.com\/da\/wp-json\/wp\/v2\/media\/116274"}],"wp:attachment":[{"href":"https:\/\/stylingagenten.com\/da\/wp-json\/wp\/v2\/media?parent=116275"}],"wp:term":[{"taxonomy":"product_brand","embeddable":true,"href":"https:\/\/stylingagenten.com\/da\/wp-json\/wp\/v2\/product_brand?post=116275"},{"taxonomy":"product_cat","embeddable":true,"href":"https:\/\/stylingagenten.com\/da\/wp-json\/wp\/v2\/product_cat?post=116275"},{"taxonomy":"product_tag","embeddable":true,"href":"https:\/\/stylingagenten.com\/da\/wp-json\/wp\/v2\/product_tag?post=116275"},{"taxonomy":"berocket_brand","embeddable":true,"href":"https:\/\/stylingagenten.com\/da\/wp-json\/wp\/v2\/berocket_brand?post=116275"}],"curies":[{"name":"wp","href":"https:\/\/api.w.org\/{rel}","templated":true}]}}