{"id":116271,"date":"2025-05-18T21:13:49","date_gmt":"2025-05-18T21:13:49","guid":{"rendered":"https:\/\/staging2.stylingagenten.com\/da\/produkt\/dkny-be-delicious-pool-party-lime-mojito-body-mist-250ml\/"},"modified":"2026-03-11T21:48:06","modified_gmt":"2026-03-11T21:48:06","slug":"dkny-be-delicious-pool-party-lime-mojito-body-mist-250ml","status":"publish","type":"product","link":"https:\/\/stylingagenten.com\/da\/produkt\/dkny-be-delicious-pool-party-lime-mojito-body-mist-250ml\/","title":{"rendered":"DKNY Be Delicious Pool Party Lime Mojito Body Mist 250ml"},"content":{"rendered":"<p>Oplev Be Delicious Pool Party Mojito Body Mist, en sk\u00f8n fortolkning af den elskede duft. Spray et let sl\u00f8r af Lime Mojito, en livlig duft, der indfanger sommerens legende stemning. Denne forfriskende, frugtagtige blomsterduft er inspireret af den trendy sommercocktail og v\u00e6kker sanserne til liv med en virvlende blanding af frisk bergamot, italiensk citron og mandarin.<\/p>\n<p>Den dugfriske kaprifol glider glat over i en vanedannende blanding af moderne moskus og blonde tr\u00e6er, hvis varme forst\u00e6rkes af sommerens solstr\u00e5ler. Med Be Delicious Pool Party Mojito Body Mist kan du forl\u00e6nge sommerstemningen \u00e5ret rundt og nyde dens forfriskende energi n\u00e5r som helst.<\/p>\n<p>250 ml<\/p>\n","protected":false},"excerpt":{"rendered":"<p>Oplev Be Delicious Pool Party Mojito Body Mist, en sk\u00f8n fortolkning af den elskede duft. Spray et let sl\u00f8r af Lime Mojito, en livlig duft, der indfanger sommerens legende stemning. Denne forfriskende, frugtagtige blomsterduft er inspireret af den trendy sommercocktail og v\u00e6kker sanserne til liv med en virvlende blanding af frisk bergamot, italiensk citron og [&hellip;]<\/p>\n","protected":false},"featured_media":116270,"comment_status":"open","ping_status":"closed","template":"","meta":{"_trash_the_other_posts":false},"product_brand":[],"product_cat":[585,735,999],"product_tag":[],"berocket_brand":[1291],"class_list":{"0":"post-116271","1":"product","2":"type-product","3":"status-publish","4":"has-post-thumbnail","6":"product_cat-bodymist-damer","7":"product_cat-kampagne","8":"product_cat-kampagnetilbud-til-hende","9":"pa_brand-dkny","10":"berocket_brand-dkny","12":"first","13":"instock","14":"sale","15":"taxable","16":"shipping-taxable","17":"purchasable","18":"product-type-simple"},"_links":{"self":[{"href":"https:\/\/stylingagenten.com\/da\/wp-json\/wp\/v2\/product\/116271","targetHints":{"allow":["GET"]}}],"collection":[{"href":"https:\/\/stylingagenten.com\/da\/wp-json\/wp\/v2\/product"}],"about":[{"href":"https:\/\/stylingagenten.com\/da\/wp-json\/wp\/v2\/types\/product"}],"replies":[{"embeddable":true,"href":"https:\/\/stylingagenten.com\/da\/wp-json\/wp\/v2\/comments?post=116271"}],"version-history":[{"count":0,"href":"https:\/\/stylingagenten.com\/da\/wp-json\/wp\/v2\/product\/116271\/revisions"}],"wp:featuredmedia":[{"embeddable":true,"href":"https:\/\/stylingagenten.com\/da\/wp-json\/wp\/v2\/media\/116270"}],"wp:attachment":[{"href":"https:\/\/stylingagenten.com\/da\/wp-json\/wp\/v2\/media?parent=116271"}],"wp:term":[{"taxonomy":"product_brand","embeddable":true,"href":"https:\/\/stylingagenten.com\/da\/wp-json\/wp\/v2\/product_brand?post=116271"},{"taxonomy":"product_cat","embeddable":true,"href":"https:\/\/stylingagenten.com\/da\/wp-json\/wp\/v2\/product_cat?post=116271"},{"taxonomy":"product_tag","embeddable":true,"href":"https:\/\/stylingagenten.com\/da\/wp-json\/wp\/v2\/product_tag?post=116271"},{"taxonomy":"berocket_brand","embeddable":true,"href":"https:\/\/stylingagenten.com\/da\/wp-json\/wp\/v2\/berocket_brand?post=116271"}],"curies":[{"name":"wp","href":"https:\/\/api.w.org\/{rel}","templated":true}]}}