{"id":116191,"date":"2025-05-18T21:12:01","date_gmt":"2025-05-18T21:12:01","guid":{"rendered":"https:\/\/staging2.stylingagenten.com\/da\/produkt\/elizabeth-arden-green-tea-refreshing-body-lotion-500ml\/"},"modified":"2026-03-28T16:38:52","modified_gmt":"2026-03-28T16:38:52","slug":"elizabeth-arden-green-tea-refreshing-body-lotion-500ml","status":"publish","type":"product","link":"https:\/\/stylingagenten.com\/da\/produkt\/elizabeth-arden-green-tea-refreshing-body-lotion-500ml\/","title":{"rendered":"Elizabeth Arden Green Tea Refreshing Body Lotion 500ml"},"content":{"rendered":"<p>Elizabeth Arden Green Tea Refreshing Body Lotion er fyldt med fugtgivende ingredienser, der fugter din hud. Denne silkebl\u00f8de bodylotion har en let, beh\u00e5ret duft af Elizabeth Arden Green Tea, en opl\u00f8ftende duft, der giver energi til kroppen, styrker dine sanser og fornyer sj\u00e6len.<\/p>\n","protected":false},"excerpt":{"rendered":"<p>Elizabeth Arden Green Tea Refreshing Body Lotion er fyldt med fugtgivende ingredienser, der fugter din hud. Denne silkebl\u00f8de bodylotion har en let, beh\u00e5ret duft af Elizabeth Arden Green Tea, en opl\u00f8ftende duft, der giver energi til kroppen, styrker dine sanser og fornyer sj\u00e6len.<\/p>\n","protected":false},"featured_media":116184,"comment_status":"open","ping_status":"closed","template":"","meta":{"_trash_the_other_posts":false},"product_brand":[],"product_cat":[1003,572],"product_tag":[],"berocket_brand":[1303],"class_list":{"0":"post-116191","1":"product","2":"type-product","3":"status-publish","4":"has-post-thumbnail","6":"product_cat-bestsellere","7":"product_cat-body-lotion","8":"pa_brand-elizabeth-arden","9":"berocket_brand-elizabeth-arden","11":"first","12":"outofstock","13":"sale","14":"taxable","15":"shipping-taxable","16":"purchasable","17":"product-type-simple"},"_links":{"self":[{"href":"https:\/\/stylingagenten.com\/da\/wp-json\/wp\/v2\/product\/116191","targetHints":{"allow":["GET"]}}],"collection":[{"href":"https:\/\/stylingagenten.com\/da\/wp-json\/wp\/v2\/product"}],"about":[{"href":"https:\/\/stylingagenten.com\/da\/wp-json\/wp\/v2\/types\/product"}],"replies":[{"embeddable":true,"href":"https:\/\/stylingagenten.com\/da\/wp-json\/wp\/v2\/comments?post=116191"}],"version-history":[{"count":0,"href":"https:\/\/stylingagenten.com\/da\/wp-json\/wp\/v2\/product\/116191\/revisions"}],"wp:featuredmedia":[{"embeddable":true,"href":"https:\/\/stylingagenten.com\/da\/wp-json\/wp\/v2\/media\/116184"}],"wp:attachment":[{"href":"https:\/\/stylingagenten.com\/da\/wp-json\/wp\/v2\/media?parent=116191"}],"wp:term":[{"taxonomy":"product_brand","embeddable":true,"href":"https:\/\/stylingagenten.com\/da\/wp-json\/wp\/v2\/product_brand?post=116191"},{"taxonomy":"product_cat","embeddable":true,"href":"https:\/\/stylingagenten.com\/da\/wp-json\/wp\/v2\/product_cat?post=116191"},{"taxonomy":"product_tag","embeddable":true,"href":"https:\/\/stylingagenten.com\/da\/wp-json\/wp\/v2\/product_tag?post=116191"},{"taxonomy":"berocket_brand","embeddable":true,"href":"https:\/\/stylingagenten.com\/da\/wp-json\/wp\/v2\/berocket_brand?post=116191"}],"curies":[{"name":"wp","href":"https:\/\/api.w.org\/{rel}","templated":true}]}}