{"id":116190,"date":"2025-05-18T21:12:01","date_gmt":"2025-05-18T21:12:01","guid":{"rendered":"https:\/\/staging2.stylingagenten.com\/da\/produkt\/elizabeth-arden-green-tea-honey-drops-body-cream-500ml\/"},"modified":"2026-04-13T07:09:44","modified_gmt":"2026-04-13T07:09:44","slug":"elizabeth-arden-green-tea-honey-drops-body-cream-500ml","status":"publish","type":"product","link":"https:\/\/stylingagenten.com\/da\/produkt\/elizabeth-arden-green-tea-honey-drops-body-cream-500ml\/","title":{"rendered":"Elizabeth Arden Green Tea Honey Drops Body Cream 500ml"},"content":{"rendered":"<p>Elizabeth Arden Green Tea Body Cream fugter din hud og giver en utrolig frisk f\u00f8lelse! Den er beriget med honning og gr\u00f8n teekstrakt, der hj\u00e6lper med at n\u00e6re og berolige t\u00f8r hud. Green Tea Body Cream kan bruges over hele kroppen.<\/p>\n","protected":false},"excerpt":{"rendered":"<p>Elizabeth Arden Green Tea Body Cream fugter din hud og giver en utrolig frisk f\u00f8lelse! Den er beriget med honning og gr\u00f8n teekstrakt, der hj\u00e6lper med at n\u00e6re og berolige t\u00f8r hud. Green Tea Body Cream kan bruges over hele kroppen.<\/p>\n","protected":false},"featured_media":116187,"comment_status":"open","ping_status":"closed","template":"","meta":{"_trash_the_other_posts":false},"product_brand":[],"product_cat":[572],"product_tag":[2866],"berocket_brand":[1303],"class_list":{"0":"post-116190","1":"product","2":"type-product","3":"status-publish","4":"has-post-thumbnail","6":"product_cat-body-lotion","7":"product_tag-elizabeth-arden-green-tea-honey-drops-body-cream","8":"pa_brand-elizabeth-arden","9":"pa_variant-500ml","10":"berocket_brand-elizabeth-arden","12":"first","13":"instock","14":"sale","15":"taxable","16":"shipping-taxable","17":"purchasable","18":"product-type-simple"},"_links":{"self":[{"href":"https:\/\/stylingagenten.com\/da\/wp-json\/wp\/v2\/product\/116190","targetHints":{"allow":["GET"]}}],"collection":[{"href":"https:\/\/stylingagenten.com\/da\/wp-json\/wp\/v2\/product"}],"about":[{"href":"https:\/\/stylingagenten.com\/da\/wp-json\/wp\/v2\/types\/product"}],"replies":[{"embeddable":true,"href":"https:\/\/stylingagenten.com\/da\/wp-json\/wp\/v2\/comments?post=116190"}],"version-history":[{"count":0,"href":"https:\/\/stylingagenten.com\/da\/wp-json\/wp\/v2\/product\/116190\/revisions"}],"wp:featuredmedia":[{"embeddable":true,"href":"https:\/\/stylingagenten.com\/da\/wp-json\/wp\/v2\/media\/116187"}],"wp:attachment":[{"href":"https:\/\/stylingagenten.com\/da\/wp-json\/wp\/v2\/media?parent=116190"}],"wp:term":[{"taxonomy":"product_brand","embeddable":true,"href":"https:\/\/stylingagenten.com\/da\/wp-json\/wp\/v2\/product_brand?post=116190"},{"taxonomy":"product_cat","embeddable":true,"href":"https:\/\/stylingagenten.com\/da\/wp-json\/wp\/v2\/product_cat?post=116190"},{"taxonomy":"product_tag","embeddable":true,"href":"https:\/\/stylingagenten.com\/da\/wp-json\/wp\/v2\/product_tag?post=116190"},{"taxonomy":"berocket_brand","embeddable":true,"href":"https:\/\/stylingagenten.com\/da\/wp-json\/wp\/v2\/berocket_brand?post=116190"}],"curies":[{"name":"wp","href":"https:\/\/api.w.org\/{rel}","templated":true}]}}