{"id":116118,"date":"2025-05-18T21:11:40","date_gmt":"2025-05-18T21:11:40","guid":{"rendered":"https:\/\/staging2.stylingagenten.com\/da\/produkt\/ida-warg-intense-nutrition-multibalm-50ml\/"},"modified":"2025-12-18T21:42:36","modified_gmt":"2025-12-18T21:42:36","slug":"ida-warg-intense-nutrition-multibalm-50ml","status":"publish","type":"product","link":"https:\/\/stylingagenten.com\/da\/produkt\/ida-warg-intense-nutrition-multibalm-50ml\/","title":{"rendered":"Ida Warg Intense Nutrition Multibalm 50ml"},"content":{"rendered":"<p>Intense Nutrition Multibalm er en bl\u00f8dg\u00f8rende, plejende, beroligende og nem at p\u00e5f\u00f8re balsam. Specielt formuleret til at n\u00e6re t\u00f8r og sprukken hud, s\u00e5som l\u00e6ber, negleb\u00e5nd og andre t\u00f8rre omr\u00e5der. Et lille behandlingsr\u00f8r, der er nemt at have med i pungen.<br \/>Intense Nutrition Multibalm er beriget med flere ingredienser, der har en dokumenteret positiv effekt p\u00e5 t\u00f8r og revnet hud:<\/p>\n<p>Kokosolie &#8211; styrker hudens barriere, fugter og kan virke anti-inflammatorisk med positiv effekt p\u00e5 blandt andet eksem og andre hudrelaterede problemer.<br \/>S\u00f8d mandelolie &#8211; Rig p\u00e5 vitamin E og A, mineraler og um\u00e6ttede fedtsyrer.<br \/>Copernicia Cerifera (Carnauba) voks &#8211; En naturlig voks, der er udvundet fra planteriget.<br \/>En let duft af vanilje<br \/>100 % vegansk<br \/>Gramhedsfri<br \/>50 ml<\/p>\n","protected":false},"excerpt":{"rendered":"<p>Intense Nutrition Multibalm er en bl\u00f8dg\u00f8rende, plejende, beroligende og nem at p\u00e5f\u00f8re balsam. Specielt formuleret til at n\u00e6re t\u00f8r og sprukken hud, s\u00e5som l\u00e6ber, negleb\u00e5nd og andre t\u00f8rre omr\u00e5der. Et lille behandlingsr\u00f8r, der er nemt at have med i pungen.Intense Nutrition Multibalm er beriget med flere ingredienser, der har en dokumenteret positiv effekt p\u00e5 t\u00f8r [&hellip;]<\/p>\n","protected":false},"featured_media":116103,"comment_status":"open","ping_status":"closed","template":"","meta":{"_trash_the_other_posts":false},"product_brand":[],"product_cat":[572],"product_tag":[],"berocket_brand":[1346],"class_list":{"0":"post-116118","1":"product","2":"type-product","3":"status-publish","4":"has-post-thumbnail","6":"product_cat-body-lotion","7":"pa_brand-ida-warg","8":"berocket_brand-ida-warg","10":"first","11":"instock","12":"sale","13":"taxable","14":"shipping-taxable","15":"purchasable","16":"product-type-simple"},"_links":{"self":[{"href":"https:\/\/stylingagenten.com\/da\/wp-json\/wp\/v2\/product\/116118","targetHints":{"allow":["GET"]}}],"collection":[{"href":"https:\/\/stylingagenten.com\/da\/wp-json\/wp\/v2\/product"}],"about":[{"href":"https:\/\/stylingagenten.com\/da\/wp-json\/wp\/v2\/types\/product"}],"replies":[{"embeddable":true,"href":"https:\/\/stylingagenten.com\/da\/wp-json\/wp\/v2\/comments?post=116118"}],"version-history":[{"count":0,"href":"https:\/\/stylingagenten.com\/da\/wp-json\/wp\/v2\/product\/116118\/revisions"}],"wp:featuredmedia":[{"embeddable":true,"href":"https:\/\/stylingagenten.com\/da\/wp-json\/wp\/v2\/media\/116103"}],"wp:attachment":[{"href":"https:\/\/stylingagenten.com\/da\/wp-json\/wp\/v2\/media?parent=116118"}],"wp:term":[{"taxonomy":"product_brand","embeddable":true,"href":"https:\/\/stylingagenten.com\/da\/wp-json\/wp\/v2\/product_brand?post=116118"},{"taxonomy":"product_cat","embeddable":true,"href":"https:\/\/stylingagenten.com\/da\/wp-json\/wp\/v2\/product_cat?post=116118"},{"taxonomy":"product_tag","embeddable":true,"href":"https:\/\/stylingagenten.com\/da\/wp-json\/wp\/v2\/product_tag?post=116118"},{"taxonomy":"berocket_brand","embeddable":true,"href":"https:\/\/stylingagenten.com\/da\/wp-json\/wp\/v2\/berocket_brand?post=116118"}],"curies":[{"name":"wp","href":"https:\/\/api.w.org\/{rel}","templated":true}]}}