{"id":116080,"date":"2025-05-18T21:11:31","date_gmt":"2025-05-18T21:11:31","guid":{"rendered":"https:\/\/staging2.stylingagenten.com\/da\/produkt\/jean-paul-gaultier-classique-body-lotion-200ml\/"},"modified":"2026-01-21T12:53:43","modified_gmt":"2026-01-21T12:53:43","slug":"jean-paul-gaultier-classique-body-lotion-200ml","status":"publish","type":"product","link":"https:\/\/stylingagenten.com\/da\/produkt\/jean-paul-gaultier-classique-body-lotion-200ml\/","title":{"rendered":"Jean Paul Gaultier Classique Body Lotion 200ml"},"content":{"rendered":"<p>En let, smeltende lotion, der forsk\u00f8nner og parfumerer huden i Jean Paul Gaultiers forf\u00f8rende Classique &#8211; en orientalsk duft fyldt med pink rose, apesin ingef\u00e6r og vanilje. Let at p\u00e5f\u00f8re og absorberes hurtigt, samtidig med at den efterlader huden bl\u00f8d og let parfumeret.<\/p>\n","protected":false},"excerpt":{"rendered":"<p>En let, smeltende lotion, der forsk\u00f8nner og parfumerer huden i Jean Paul Gaultiers forf\u00f8rende Classique &#8211; en orientalsk duft fyldt med pink rose, apesin ingef\u00e6r og vanilje. Let at p\u00e5f\u00f8re og absorberes hurtigt, samtidig med at den efterlader huden bl\u00f8d og let parfumeret.<\/p>\n","protected":false},"featured_media":116078,"comment_status":"open","ping_status":"closed","template":"","meta":{"_trash_the_other_posts":false},"product_brand":[],"product_cat":[572],"product_tag":[],"berocket_brand":[1353],"class_list":{"0":"post-116080","1":"product","2":"type-product","3":"status-publish","4":"has-post-thumbnail","6":"product_cat-body-lotion","7":"pa_brand-jean-paul-gaultier","8":"berocket_brand-jean-paul-gaultier","10":"first","11":"instock","12":"sale","13":"taxable","14":"shipping-taxable","15":"purchasable","16":"product-type-simple"},"_links":{"self":[{"href":"https:\/\/stylingagenten.com\/da\/wp-json\/wp\/v2\/product\/116080","targetHints":{"allow":["GET"]}}],"collection":[{"href":"https:\/\/stylingagenten.com\/da\/wp-json\/wp\/v2\/product"}],"about":[{"href":"https:\/\/stylingagenten.com\/da\/wp-json\/wp\/v2\/types\/product"}],"replies":[{"embeddable":true,"href":"https:\/\/stylingagenten.com\/da\/wp-json\/wp\/v2\/comments?post=116080"}],"version-history":[{"count":0,"href":"https:\/\/stylingagenten.com\/da\/wp-json\/wp\/v2\/product\/116080\/revisions"}],"wp:featuredmedia":[{"embeddable":true,"href":"https:\/\/stylingagenten.com\/da\/wp-json\/wp\/v2\/media\/116078"}],"wp:attachment":[{"href":"https:\/\/stylingagenten.com\/da\/wp-json\/wp\/v2\/media?parent=116080"}],"wp:term":[{"taxonomy":"product_brand","embeddable":true,"href":"https:\/\/stylingagenten.com\/da\/wp-json\/wp\/v2\/product_brand?post=116080"},{"taxonomy":"product_cat","embeddable":true,"href":"https:\/\/stylingagenten.com\/da\/wp-json\/wp\/v2\/product_cat?post=116080"},{"taxonomy":"product_tag","embeddable":true,"href":"https:\/\/stylingagenten.com\/da\/wp-json\/wp\/v2\/product_tag?post=116080"},{"taxonomy":"berocket_brand","embeddable":true,"href":"https:\/\/stylingagenten.com\/da\/wp-json\/wp\/v2\/berocket_brand?post=116080"}],"curies":[{"name":"wp","href":"https:\/\/api.w.org\/{rel}","templated":true}]}}