{"id":116073,"date":"2025-05-18T21:11:27","date_gmt":"2025-05-18T21:11:27","guid":{"rendered":"https:\/\/staging2.stylingagenten.com\/da\/produkt\/vaseline-intensive-care-essential-healing-body-lotion-200ml\/"},"modified":"2026-04-08T12:58:52","modified_gmt":"2026-04-08T12:58:52","slug":"vaseline-intensive-care-essential-healing-body-lotion-200ml","status":"publish","type":"product","link":"https:\/\/stylingagenten.com\/da\/produkt\/vaseline-intensive-care-essential-healing-body-lotion-200ml\/","title":{"rendered":"Vaseline Intensive Care Essential Healing Body Lotion 200ml"},"content":{"rendered":"<p>Vaseline Intensive Care Essential Healing Skin Lotion har kombineret reparerende mikrodr\u00e5ber af Vaseline Original med en hurtigtabsorberende fugtgivende formel. Resultatet er en lotion, der fugter og reparerer meget t\u00f8r hud uden striber og huden b\u00e5de ser og f\u00f8les sundere ud.<\/p>\n","protected":false},"excerpt":{"rendered":"<p>Vaseline Intensive Care Essential Healing Skin Lotion har kombineret reparerende mikrodr\u00e5ber af Vaseline Original med en hurtigtabsorberende fugtgivende formel. Resultatet er en lotion, der fugter og reparerer meget t\u00f8r hud uden striber og huden b\u00e5de ser og f\u00f8les sundere ud.<\/p>\n","protected":false},"featured_media":116071,"comment_status":"open","ping_status":"closed","template":"","meta":{"_trash_the_other_posts":false},"product_brand":[],"product_cat":[572],"product_tag":[4036],"berocket_brand":[1260],"class_list":{"0":"post-116073","1":"product","2":"type-product","3":"status-publish","4":"has-post-thumbnail","6":"product_cat-body-lotion","7":"product_tag-vaseline-intensive-care-essential-healing-body-lotion","8":"pa_brand-vaseline","9":"pa_variant-200ml","10":"berocket_brand-vaseline","12":"first","13":"instock","14":"sale","15":"taxable","16":"shipping-taxable","17":"purchasable","18":"product-type-simple"},"_links":{"self":[{"href":"https:\/\/stylingagenten.com\/da\/wp-json\/wp\/v2\/product\/116073","targetHints":{"allow":["GET"]}}],"collection":[{"href":"https:\/\/stylingagenten.com\/da\/wp-json\/wp\/v2\/product"}],"about":[{"href":"https:\/\/stylingagenten.com\/da\/wp-json\/wp\/v2\/types\/product"}],"replies":[{"embeddable":true,"href":"https:\/\/stylingagenten.com\/da\/wp-json\/wp\/v2\/comments?post=116073"}],"version-history":[{"count":0,"href":"https:\/\/stylingagenten.com\/da\/wp-json\/wp\/v2\/product\/116073\/revisions"}],"wp:featuredmedia":[{"embeddable":true,"href":"https:\/\/stylingagenten.com\/da\/wp-json\/wp\/v2\/media\/116071"}],"wp:attachment":[{"href":"https:\/\/stylingagenten.com\/da\/wp-json\/wp\/v2\/media?parent=116073"}],"wp:term":[{"taxonomy":"product_brand","embeddable":true,"href":"https:\/\/stylingagenten.com\/da\/wp-json\/wp\/v2\/product_brand?post=116073"},{"taxonomy":"product_cat","embeddable":true,"href":"https:\/\/stylingagenten.com\/da\/wp-json\/wp\/v2\/product_cat?post=116073"},{"taxonomy":"product_tag","embeddable":true,"href":"https:\/\/stylingagenten.com\/da\/wp-json\/wp\/v2\/product_tag?post=116073"},{"taxonomy":"berocket_brand","embeddable":true,"href":"https:\/\/stylingagenten.com\/da\/wp-json\/wp\/v2\/berocket_brand?post=116073"}],"curies":[{"name":"wp","href":"https:\/\/api.w.org\/{rel}","templated":true}]}}