{"id":116065,"date":"2025-05-18T21:11:23","date_gmt":"2025-05-18T21:11:23","guid":{"rendered":"https:\/\/staging2.stylingagenten.com\/da\/produkt\/neutrogena-norwegian-visibly-renew-firming-body-lotion-400ml\/"},"modified":"2026-04-12T05:48:30","modified_gmt":"2026-04-12T05:48:30","slug":"neutrogena-norwegian-visibly-renew-firming-body-lotion-400ml","status":"publish","type":"product","link":"https:\/\/stylingagenten.com\/da\/produkt\/neutrogena-norwegian-visibly-renew-firming-body-lotion-400ml\/","title":{"rendered":"Neutrogena Norwegian Visibly Renew Firming Body Lotion 400ml"},"content":{"rendered":"<p>Neutrogena Norwegian Visibly Renew Firming Body Lotion 400ml<br \/>Neutrogena\u00ae Visibly Renew Firming Body Lotion, 400ml, er en bodylotion, der kombinerer intensiv hydrering med aktive mineraler, som hj\u00e6lper med at forbedre hudens egen kollagenproduktion (in vitro). Den giver huden langvarig fugt til t\u00f8r hud og genopretter hudens elasticitet, en forskel du kan se og m\u00e6rke allerede p\u00e5 10 dage. Med en snavsfri, hurtigabsorberende tekstur, der efterlader en mild duft og bl\u00f8d fornemmelse.<\/p>\n","protected":false},"excerpt":{"rendered":"<p>Neutrogena Norwegian Visibly Renew Firming Body Lotion 400mlNeutrogena\u00ae Visibly Renew Firming Body Lotion, 400ml, er en bodylotion, der kombinerer intensiv hydrering med aktive mineraler, som hj\u00e6lper med at forbedre hudens egen kollagenproduktion (in vitro). Den giver huden langvarig fugt til t\u00f8r hud og genopretter hudens elasticitet, en forskel du kan se og m\u00e6rke allerede p\u00e5 [&hellip;]<\/p>\n","protected":false},"featured_media":116064,"comment_status":"open","ping_status":"closed","template":"","meta":{"_trash_the_other_posts":false},"product_brand":[],"product_cat":[572],"product_tag":[],"berocket_brand":[1262],"class_list":{"0":"post-116065","1":"product","2":"type-product","3":"status-publish","4":"has-post-thumbnail","6":"product_cat-body-lotion","7":"pa_brand-neutrogena","8":"berocket_brand-neutrogena","10":"first","11":"instock","12":"sale","13":"taxable","14":"shipping-taxable","15":"purchasable","16":"product-type-simple"},"_links":{"self":[{"href":"https:\/\/stylingagenten.com\/da\/wp-json\/wp\/v2\/product\/116065","targetHints":{"allow":["GET"]}}],"collection":[{"href":"https:\/\/stylingagenten.com\/da\/wp-json\/wp\/v2\/product"}],"about":[{"href":"https:\/\/stylingagenten.com\/da\/wp-json\/wp\/v2\/types\/product"}],"replies":[{"embeddable":true,"href":"https:\/\/stylingagenten.com\/da\/wp-json\/wp\/v2\/comments?post=116065"}],"version-history":[{"count":0,"href":"https:\/\/stylingagenten.com\/da\/wp-json\/wp\/v2\/product\/116065\/revisions"}],"wp:featuredmedia":[{"embeddable":true,"href":"https:\/\/stylingagenten.com\/da\/wp-json\/wp\/v2\/media\/116064"}],"wp:attachment":[{"href":"https:\/\/stylingagenten.com\/da\/wp-json\/wp\/v2\/media?parent=116065"}],"wp:term":[{"taxonomy":"product_brand","embeddable":true,"href":"https:\/\/stylingagenten.com\/da\/wp-json\/wp\/v2\/product_brand?post=116065"},{"taxonomy":"product_cat","embeddable":true,"href":"https:\/\/stylingagenten.com\/da\/wp-json\/wp\/v2\/product_cat?post=116065"},{"taxonomy":"product_tag","embeddable":true,"href":"https:\/\/stylingagenten.com\/da\/wp-json\/wp\/v2\/product_tag?post=116065"},{"taxonomy":"berocket_brand","embeddable":true,"href":"https:\/\/stylingagenten.com\/da\/wp-json\/wp\/v2\/berocket_brand?post=116065"}],"curies":[{"name":"wp","href":"https:\/\/api.w.org\/{rel}","templated":true}]}}