{"id":116022,"date":"2025-05-18T21:11:11","date_gmt":"2025-05-18T21:11:11","guid":{"rendered":"https:\/\/staging2.stylingagenten.com\/da\/produkt\/vaseline-advanced-repair-body-lotion-600ml\/"},"modified":"2026-04-10T09:58:35","modified_gmt":"2026-04-10T09:58:35","slug":"vaseline-advanced-repair-body-lotion-600ml","status":"publish","type":"product","link":"https:\/\/stylingagenten.com\/da\/produkt\/vaseline-advanced-repair-body-lotion-600ml\/","title":{"rendered":"Vaseline Advanced Repair Body Lotion 600ml"},"content":{"rendered":"<p>Vaseline Advanced Repair Body Lotion tilbyder revolutionerende pleje til meget t\u00f8r og f\u00f8lsom hud. Denne lotion giver intens hydrering i op til 48 timer og er ideel til at opn\u00e5 bl\u00f8d og sund hud. Den er formuleret med fokus p\u00e5 hurtig absorption og er velegnet til daglig brug.<\/p>\n<p>Med mikrodr\u00e5ber af Vaseline\u00ae Jelly og Ultra-Hydrating Lipids styrker denne lotion hudens barriere og genopbygger fugt. Den er specielt udviklet til meget t\u00f8r hud og giver 48 timers hydrering, samtidig med at den hj\u00e6lper med at holde huden sund og hydreret. Kliniske test viser, at det giver 90 % mere fugt til huden sammenlignet med ubehandlet hud.<br \/>Egenskaber:<br \/>Ideel til meget t\u00f8r og f\u00f8lsom hud<br \/>Dermatologisk testet for at v\u00e6re helende<br \/>Indeholder Vaseline\u00ae Jelly og ultra -hydrerende lipider<br \/>48 timers hydrering og sund hud<br \/>Hurtig absorption uden fedtet f\u00f8lelse<br \/>Ingen tilsat parfume<\/p>\n","protected":false},"excerpt":{"rendered":"<p>Vaseline Advanced Repair Body Lotion tilbyder revolutionerende pleje til meget t\u00f8r og f\u00f8lsom hud. Denne lotion giver intens hydrering i op til 48 timer og er ideel til at opn\u00e5 bl\u00f8d og sund hud. Den er formuleret med fokus p\u00e5 hurtig absorption og er velegnet til daglig brug. Med mikrodr\u00e5ber af Vaseline\u00ae Jelly og Ultra-Hydrating [&hellip;]<\/p>\n","protected":false},"featured_media":446312,"comment_status":"open","ping_status":"closed","template":"","meta":{"_trash_the_other_posts":false},"product_brand":[],"product_cat":[572],"product_tag":[],"berocket_brand":[1260],"class_list":{"0":"post-116022","1":"product","2":"type-product","3":"status-publish","4":"has-post-thumbnail","6":"product_cat-body-lotion","7":"pa_brand-vaseline","8":"berocket_brand-vaseline","10":"first","11":"instock","12":"sale","13":"taxable","14":"shipping-taxable","15":"purchasable","16":"product-type-simple"},"_links":{"self":[{"href":"https:\/\/stylingagenten.com\/da\/wp-json\/wp\/v2\/product\/116022","targetHints":{"allow":["GET"]}}],"collection":[{"href":"https:\/\/stylingagenten.com\/da\/wp-json\/wp\/v2\/product"}],"about":[{"href":"https:\/\/stylingagenten.com\/da\/wp-json\/wp\/v2\/types\/product"}],"replies":[{"embeddable":true,"href":"https:\/\/stylingagenten.com\/da\/wp-json\/wp\/v2\/comments?post=116022"}],"version-history":[{"count":0,"href":"https:\/\/stylingagenten.com\/da\/wp-json\/wp\/v2\/product\/116022\/revisions"}],"wp:featuredmedia":[{"embeddable":true,"href":"https:\/\/stylingagenten.com\/da\/wp-json\/wp\/v2\/media\/446312"}],"wp:attachment":[{"href":"https:\/\/stylingagenten.com\/da\/wp-json\/wp\/v2\/media?parent=116022"}],"wp:term":[{"taxonomy":"product_brand","embeddable":true,"href":"https:\/\/stylingagenten.com\/da\/wp-json\/wp\/v2\/product_brand?post=116022"},{"taxonomy":"product_cat","embeddable":true,"href":"https:\/\/stylingagenten.com\/da\/wp-json\/wp\/v2\/product_cat?post=116022"},{"taxonomy":"product_tag","embeddable":true,"href":"https:\/\/stylingagenten.com\/da\/wp-json\/wp\/v2\/product_tag?post=116022"},{"taxonomy":"berocket_brand","embeddable":true,"href":"https:\/\/stylingagenten.com\/da\/wp-json\/wp\/v2\/berocket_brand?post=116022"}],"curies":[{"name":"wp","href":"https:\/\/api.w.org\/{rel}","templated":true}]}}