{"id":115990,"date":"2025-05-18T21:11:05","date_gmt":"2025-05-18T21:11:05","guid":{"rendered":"https:\/\/staging2.stylingagenten.com\/da\/produkt\/aveeno-daily-moisturising-creamy-oil-300ml\/"},"modified":"2026-02-10T08:17:47","modified_gmt":"2026-02-10T08:17:47","slug":"aveeno-daily-moisturising-creamy-oil-300ml","status":"publish","type":"product","link":"https:\/\/stylingagenten.com\/da\/produkt\/aveeno-daily-moisturising-creamy-oil-300ml\/","title":{"rendered":"Aveeno Daily Moisturising Creamy Oil 300ml"},"content":{"rendered":"<p>Aveeno Daily Moisturising Creamy Oil er en oliebaseret creme med en mild duft af mandel og en ikke-fedtet formel, der hj\u00e6lper med at berolige huden og giver 24 timers fugt. Formuleret med beroligende havre og s\u00f8d mandelolie og klinisk bevist at n\u00e6re huden og efterlade den bl\u00f8d og glat. Forbedrer hudens naturlige balance for et sundt udseende. Velegnet til normal, t\u00f8r og sensitiv hud p\u00e5 krop og ansigt.<br \/>\n<br \/>300ml<\/p>\n","protected":false},"excerpt":{"rendered":"<p>Aveeno Daily Moisturising Creamy Oil er en oliebaseret creme med en mild duft af mandel og en ikke-fedtet formel, der hj\u00e6lper med at berolige huden og giver 24 timers fugt. Formuleret med beroligende havre og s\u00f8d mandelolie og klinisk bevist at n\u00e6re huden og efterlade den bl\u00f8d og glat. Forbedrer hudens naturlige balance for et [&hellip;]<\/p>\n","protected":false},"featured_media":115977,"comment_status":"open","ping_status":"closed","template":"","meta":{"_trash_the_other_posts":false},"product_brand":[],"product_cat":[572],"product_tag":[],"berocket_brand":[1410],"class_list":{"0":"post-115990","1":"product","2":"type-product","3":"status-publish","4":"has-post-thumbnail","6":"product_cat-body-lotion","7":"pa_brand-aveeno","8":"berocket_brand-aveeno","10":"first","11":"instock","12":"sale","13":"taxable","14":"shipping-taxable","15":"purchasable","16":"product-type-simple"},"_links":{"self":[{"href":"https:\/\/stylingagenten.com\/da\/wp-json\/wp\/v2\/product\/115990","targetHints":{"allow":["GET"]}}],"collection":[{"href":"https:\/\/stylingagenten.com\/da\/wp-json\/wp\/v2\/product"}],"about":[{"href":"https:\/\/stylingagenten.com\/da\/wp-json\/wp\/v2\/types\/product"}],"replies":[{"embeddable":true,"href":"https:\/\/stylingagenten.com\/da\/wp-json\/wp\/v2\/comments?post=115990"}],"version-history":[{"count":0,"href":"https:\/\/stylingagenten.com\/da\/wp-json\/wp\/v2\/product\/115990\/revisions"}],"wp:featuredmedia":[{"embeddable":true,"href":"https:\/\/stylingagenten.com\/da\/wp-json\/wp\/v2\/media\/115977"}],"wp:attachment":[{"href":"https:\/\/stylingagenten.com\/da\/wp-json\/wp\/v2\/media?parent=115990"}],"wp:term":[{"taxonomy":"product_brand","embeddable":true,"href":"https:\/\/stylingagenten.com\/da\/wp-json\/wp\/v2\/product_brand?post=115990"},{"taxonomy":"product_cat","embeddable":true,"href":"https:\/\/stylingagenten.com\/da\/wp-json\/wp\/v2\/product_cat?post=115990"},{"taxonomy":"product_tag","embeddable":true,"href":"https:\/\/stylingagenten.com\/da\/wp-json\/wp\/v2\/product_tag?post=115990"},{"taxonomy":"berocket_brand","embeddable":true,"href":"https:\/\/stylingagenten.com\/da\/wp-json\/wp\/v2\/berocket_brand?post=115990"}],"curies":[{"name":"wp","href":"https:\/\/api.w.org\/{rel}","templated":true}]}}