{"id":115974,"date":"2025-05-18T21:11:02","date_gmt":"2025-05-18T21:11:02","guid":{"rendered":"https:\/\/staging2.stylingagenten.com\/da\/produkt\/nuxe-reve-de-the-revitalising-moisturising-milk-24h-400ml\/"},"modified":"2025-12-18T21:53:24","modified_gmt":"2025-12-18T21:53:24","slug":"nuxe-reve-de-the-revitalising-moisturising-milk-24h-400ml","status":"publish","type":"product","link":"https:\/\/stylingagenten.com\/da\/produkt\/nuxe-reve-de-the-revitalising-moisturising-milk-24h-400ml\/","title":{"rendered":"Nuxe R\u00eave de th\u00e9 Revitalising Moisturising Milk 24H 400ml"},"content":{"rendered":"<p>Nuxe R\u00eave de Th\u00e9 Revitalising Moisturising Milk 24H er en silkebl\u00f8d lotion, der vil vinde dit hjerte med sin uimodst\u00e5elige bl\u00f8dhed og opl\u00f8ftende duft: gr\u00f8n te kombineres med et 100 % naturligt sukkerkompleks, der giver fugt i l\u00f8bet af hele dagen. Dens friske, smeltende tekstur absorberes hurtigt, s\u00e5 du straks kan tage t\u00f8j p\u00e5. Den subtile duft giver dine sanser det revitaliserende boost, de har brug for hver dag.<\/p>\n<p>97%** af kvinderne oplevede, at deres hud var bl\u00f8d og behagelig, og 89%** bem\u00e6rkede, at de kunne tage t\u00f8j p\u00e5 n\u00e6sten med det samme efter p\u00e5f\u00f8ring. Revitaliseret hud hos 88%*** af kvinderne.<br \/>Hudpleje formuleret og produceret i Frankrig.<\/p>\n<p>*Instrumentaltest &#8211; 10 frivillige. **Brugertest &#8211; 66 frivillige. Tilfredshed i % umiddelbart efter p\u00e5f\u00f8ring. **Brugertest &#8211; 66 frivillige. Tilfredshed i % efter brug i 21 dage.<\/p>\n<p>400ml<\/p>\n","protected":false},"excerpt":{"rendered":"<p>Nuxe R\u00eave de Th\u00e9 Revitalising Moisturising Milk 24H er en silkebl\u00f8d lotion, der vil vinde dit hjerte med sin uimodst\u00e5elige bl\u00f8dhed og opl\u00f8ftende duft: gr\u00f8n te kombineres med et 100 % naturligt sukkerkompleks, der giver fugt i l\u00f8bet af hele dagen. Dens friske, smeltende tekstur absorberes hurtigt, s\u00e5 du straks kan tage t\u00f8j p\u00e5. Den [&hellip;]<\/p>\n","protected":false},"featured_media":115965,"comment_status":"open","ping_status":"closed","template":"","meta":{"_trash_the_other_posts":false},"product_brand":[],"product_cat":[572],"product_tag":[],"berocket_brand":[1024],"class_list":{"0":"post-115974","1":"product","2":"type-product","3":"status-publish","4":"has-post-thumbnail","6":"product_cat-body-lotion","7":"pa_brand-nuxe","8":"berocket_brand-nuxe","10":"first","11":"instock","12":"sale","13":"taxable","14":"shipping-taxable","15":"purchasable","16":"product-type-simple"},"_links":{"self":[{"href":"https:\/\/stylingagenten.com\/da\/wp-json\/wp\/v2\/product\/115974","targetHints":{"allow":["GET"]}}],"collection":[{"href":"https:\/\/stylingagenten.com\/da\/wp-json\/wp\/v2\/product"}],"about":[{"href":"https:\/\/stylingagenten.com\/da\/wp-json\/wp\/v2\/types\/product"}],"replies":[{"embeddable":true,"href":"https:\/\/stylingagenten.com\/da\/wp-json\/wp\/v2\/comments?post=115974"}],"version-history":[{"count":0,"href":"https:\/\/stylingagenten.com\/da\/wp-json\/wp\/v2\/product\/115974\/revisions"}],"wp:featuredmedia":[{"embeddable":true,"href":"https:\/\/stylingagenten.com\/da\/wp-json\/wp\/v2\/media\/115965"}],"wp:attachment":[{"href":"https:\/\/stylingagenten.com\/da\/wp-json\/wp\/v2\/media?parent=115974"}],"wp:term":[{"taxonomy":"product_brand","embeddable":true,"href":"https:\/\/stylingagenten.com\/da\/wp-json\/wp\/v2\/product_brand?post=115974"},{"taxonomy":"product_cat","embeddable":true,"href":"https:\/\/stylingagenten.com\/da\/wp-json\/wp\/v2\/product_cat?post=115974"},{"taxonomy":"product_tag","embeddable":true,"href":"https:\/\/stylingagenten.com\/da\/wp-json\/wp\/v2\/product_tag?post=115974"},{"taxonomy":"berocket_brand","embeddable":true,"href":"https:\/\/stylingagenten.com\/da\/wp-json\/wp\/v2\/berocket_brand?post=115974"}],"curies":[{"name":"wp","href":"https:\/\/api.w.org\/{rel}","templated":true}]}}