{"id":115933,"date":"2025-05-18T21:10:54","date_gmt":"2025-05-18T21:10:54","guid":{"rendered":"https:\/\/staging2.stylingagenten.com\/da\/produkt\/shiseido-sports-bb-cream-spf50-medium-dark-30ml\/"},"modified":"2026-03-30T07:29:35","modified_gmt":"2026-03-30T07:29:35","slug":"shiseido-sports-bb-cream-spf50-medium-dark-30ml","status":"publish","type":"product","link":"https:\/\/stylingagenten.com\/da\/produkt\/shiseido-sports-bb-cream-spf50-medium-dark-30ml\/","title":{"rendered":"Shiseido Sports BB Cream SPF50+ Medium Dark 30ml"},"content":{"rendered":"<p>Shiseido kombinerer sk\u00f8nhed og solbeskyttelse i denne Sport BB. Med Spf 50 har du fuldst\u00e6ndig beskyttelse mod solen og den unikke Shiseido WetForce teknologi g\u00f8r den endnu mere effektiv og vandafvisende i kontakt med sved og vand.<br \/>&#8211; Quick Dry Technology til dig, der er p\u00e5 farten.<br \/>&#8211; Fugter, beskytter mod UV-str\u00e5ler og giver sund hud.<br \/>&#8211; Din hud holdes t\u00f8r og fri for sved.<br \/>&#8211; Har ogs\u00e5 en funktionel duft, der neutraliserer lugten af \u200b\u200bsved.<br \/>&#8211; Kommer i en kompakt og praktisk flaske, der er nem at putte i sports- eller h\u00e5ndvasken.<br \/>&#8211; Bruges med fordel ; stranden, under sportsaktiviteter i solen, eller kun som farvet solcreme.<\/p>\n","protected":false},"excerpt":{"rendered":"<p>Shiseido kombinerer sk\u00f8nhed og solbeskyttelse i denne Sport BB. Med Spf 50 har du fuldst\u00e6ndig beskyttelse mod solen og den unikke Shiseido WetForce teknologi g\u00f8r den endnu mere effektiv og vandafvisende i kontakt med sved og vand.&#8211; Quick Dry Technology til dig, der er p\u00e5 farten.&#8211; Fugter, beskytter mod UV-str\u00e5ler og giver sund hud.&#8211; Din [&hellip;]<\/p>\n","protected":false},"featured_media":115931,"comment_status":"open","ping_status":"closed","template":"","meta":{"_trash_the_other_posts":false},"product_brand":[],"product_cat":[591],"product_tag":[],"berocket_brand":[1193],"class_list":{"0":"post-115933","1":"product","2":"type-product","3":"status-publish","4":"has-post-thumbnail","6":"product_cat-bb-creme","7":"pa_brand-shiseido","8":"berocket_brand-shiseido","10":"first","11":"instock","12":"sale","13":"taxable","14":"shipping-taxable","15":"purchasable","16":"product-type-simple"},"_links":{"self":[{"href":"https:\/\/stylingagenten.com\/da\/wp-json\/wp\/v2\/product\/115933","targetHints":{"allow":["GET"]}}],"collection":[{"href":"https:\/\/stylingagenten.com\/da\/wp-json\/wp\/v2\/product"}],"about":[{"href":"https:\/\/stylingagenten.com\/da\/wp-json\/wp\/v2\/types\/product"}],"replies":[{"embeddable":true,"href":"https:\/\/stylingagenten.com\/da\/wp-json\/wp\/v2\/comments?post=115933"}],"version-history":[{"count":0,"href":"https:\/\/stylingagenten.com\/da\/wp-json\/wp\/v2\/product\/115933\/revisions"}],"wp:featuredmedia":[{"embeddable":true,"href":"https:\/\/stylingagenten.com\/da\/wp-json\/wp\/v2\/media\/115931"}],"wp:attachment":[{"href":"https:\/\/stylingagenten.com\/da\/wp-json\/wp\/v2\/media?parent=115933"}],"wp:term":[{"taxonomy":"product_brand","embeddable":true,"href":"https:\/\/stylingagenten.com\/da\/wp-json\/wp\/v2\/product_brand?post=115933"},{"taxonomy":"product_cat","embeddable":true,"href":"https:\/\/stylingagenten.com\/da\/wp-json\/wp\/v2\/product_cat?post=115933"},{"taxonomy":"product_tag","embeddable":true,"href":"https:\/\/stylingagenten.com\/da\/wp-json\/wp\/v2\/product_tag?post=115933"},{"taxonomy":"berocket_brand","embeddable":true,"href":"https:\/\/stylingagenten.com\/da\/wp-json\/wp\/v2\/berocket_brand?post=115933"}],"curies":[{"name":"wp","href":"https:\/\/api.w.org\/{rel}","templated":true}]}}