{"id":115668,"date":"2025-05-18T21:10:04","date_gmt":"2025-05-18T21:10:04","guid":{"rendered":"https:\/\/staging2.stylingagenten.com\/da\/produkt\/paul-mitchell-awapuhi-keratin-cream-rinse-1000ml\/"},"modified":"2025-11-26T15:21:02","modified_gmt":"2025-11-26T15:21:02","slug":"paul-mitchell-awapuhi-keratin-cream-rinse-1000ml","status":"publish","type":"product","link":"https:\/\/stylingagenten.com\/da\/produkt\/paul-mitchell-awapuhi-keratin-cream-rinse-1000ml\/","title":{"rendered":"Paul Mitchell Awapuhi Keratin Cream Rinse 1000ml"},"content":{"rendered":"<p>Keratin Cream Rinse Paul Mitchell Wild Ginger er en ekstremt v\u00e6rdifuld urteserie sp\u00e6kket med keratiner og ingef\u00e6r og giver god glans. Med sin keratinsammens\u00e6tning hj\u00e6lper den med at genopbygge og reparere h\u00e5ret indefra. Awapuhi-ekstraktet behandler hvert h\u00e5rstr\u00e5; med intens fugt og glans. Awapuhi er en vildtvoksende ingef\u00e6rrod, der kun vokser videre Hawaii og er ekstremt rig p\u00e5 fugt.&nbsp;<\/p>\n","protected":false},"excerpt":{"rendered":"<p>Keratin Cream Rinse Paul Mitchell Wild Ginger er en ekstremt v\u00e6rdifuld urteserie sp\u00e6kket med keratiner og ingef\u00e6r og giver god glans. Med sin keratinsammens\u00e6tning hj\u00e6lper den med at genopbygge og reparere h\u00e5ret indefra. Awapuhi-ekstraktet behandler hvert h\u00e5rstr\u00e5; med intens fugt og glans. Awapuhi er en vildtvoksende ingef\u00e6rrod, der kun vokser videre Hawaii og er ekstremt [&hellip;]<\/p>\n","protected":false},"featured_media":115665,"comment_status":"open","ping_status":"closed","template":"","meta":{"_trash_the_other_posts":false},"product_brand":[],"product_cat":[587],"product_tag":[3745],"berocket_brand":[1053],"class_list":{"0":"post-115668","1":"product","2":"type-product","3":"status-publish","4":"has-post-thumbnail","6":"product_cat-balsam","7":"product_tag-paul-mitchell-awapuhi-keratin-cream-rinse","8":"pa_brand-paul-mitchell","9":"pa_variant-1000ml","10":"berocket_brand-paul-mitchell","12":"first","13":"outofstock","14":"sale","15":"taxable","16":"shipping-taxable","17":"purchasable","18":"product-type-simple"},"_links":{"self":[{"href":"https:\/\/stylingagenten.com\/da\/wp-json\/wp\/v2\/product\/115668","targetHints":{"allow":["GET"]}}],"collection":[{"href":"https:\/\/stylingagenten.com\/da\/wp-json\/wp\/v2\/product"}],"about":[{"href":"https:\/\/stylingagenten.com\/da\/wp-json\/wp\/v2\/types\/product"}],"replies":[{"embeddable":true,"href":"https:\/\/stylingagenten.com\/da\/wp-json\/wp\/v2\/comments?post=115668"}],"version-history":[{"count":0,"href":"https:\/\/stylingagenten.com\/da\/wp-json\/wp\/v2\/product\/115668\/revisions"}],"wp:featuredmedia":[{"embeddable":true,"href":"https:\/\/stylingagenten.com\/da\/wp-json\/wp\/v2\/media\/115665"}],"wp:attachment":[{"href":"https:\/\/stylingagenten.com\/da\/wp-json\/wp\/v2\/media?parent=115668"}],"wp:term":[{"taxonomy":"product_brand","embeddable":true,"href":"https:\/\/stylingagenten.com\/da\/wp-json\/wp\/v2\/product_brand?post=115668"},{"taxonomy":"product_cat","embeddable":true,"href":"https:\/\/stylingagenten.com\/da\/wp-json\/wp\/v2\/product_cat?post=115668"},{"taxonomy":"product_tag","embeddable":true,"href":"https:\/\/stylingagenten.com\/da\/wp-json\/wp\/v2\/product_tag?post=115668"},{"taxonomy":"berocket_brand","embeddable":true,"href":"https:\/\/stylingagenten.com\/da\/wp-json\/wp\/v2\/berocket_brand?post=115668"}],"curies":[{"name":"wp","href":"https:\/\/api.w.org\/{rel}","templated":true}]}}