{"id":115656,"date":"2025-05-18T21:10:01","date_gmt":"2025-05-18T21:10:01","guid":{"rendered":"https:\/\/staging2.stylingagenten.com\/da\/produkt\/macadamia-natural-oil-moisturizing-rinse-conditioner-300ml\/"},"modified":"2026-03-11T21:51:15","modified_gmt":"2026-03-11T21:51:15","slug":"macadamia-natural-oil-moisturizing-rinse-conditioner-300ml","status":"publish","type":"product","link":"https:\/\/stylingagenten.com\/da\/produkt\/macadamia-natural-oil-moisturizing-rinse-conditioner-300ml\/","title":{"rendered":"Macadamia Natural Oil Moisturizing Rinse Conditioner 300ml"},"content":{"rendered":"<p>Moisturizing Rinse er en balsam, der er sk\u00e5nsom nok til at bruge hver dag, og som n\u00e6rer, udfiltrer, fugter og beskytter dit h\u00e5r. Dit h\u00e5r bliver bl\u00f8dt, nemt at arbejde med og klar til at style. Denne balsam er perfekt til alle h\u00e5rtyper.<\/p>\n<p>Disse fantastiske produkter fra Macadamia Natural Oil indeholder to; af verdens mest n\u00e6rende, dyrebare naturlige olier, Macadamia n\u00f8ddeolie og arganfr\u00f8olie. Disse giver h\u00e5ret den ultimative sk\u00f8nhedsbehandling ved enhver lejlighed og giver h\u00e5ret mulighed for at bevare sin sunde glans. H\u00e5ret f\u00e5r nyt liv og et intenst &#8220;ern\u00e6ringsboost&#8221;. Dit h\u00e5r vil skinne med varme!<\/p>\n<p><strong>Anvendelse:<\/strong> Efter at have renset h\u00e5ret med shampoo, arbejdes balsamen ind i hvidt h\u00e5r, fra r\u00f8dderne til toppen. Lad h\u00e5ret virke i 30-60 sekunder, inden det skylles ud.<\/p>\n","protected":false},"excerpt":{"rendered":"<p>Moisturizing Rinse er en balsam, der er sk\u00e5nsom nok til at bruge hver dag, og som n\u00e6rer, udfiltrer, fugter og beskytter dit h\u00e5r. Dit h\u00e5r bliver bl\u00f8dt, nemt at arbejde med og klar til at style. Denne balsam er perfekt til alle h\u00e5rtyper. Disse fantastiske produkter fra Macadamia Natural Oil indeholder to; af verdens mest [&hellip;]<\/p>\n","protected":false},"featured_media":115654,"comment_status":"open","ping_status":"closed","template":"","meta":{"_trash_the_other_posts":false},"product_brand":[],"product_cat":[587],"product_tag":[3276],"berocket_brand":[1100],"class_list":{"0":"post-115656","1":"product","2":"type-product","3":"status-publish","4":"has-post-thumbnail","6":"product_cat-balsam","7":"product_tag-macadamia-natural-oil-moisturizing-rinse-conditioner","8":"pa_brand-macadamia-natural-oil","9":"pa_variant-300ml","10":"berocket_brand-macadamia-natural-oil","12":"first","13":"instock","14":"sale","15":"taxable","16":"shipping-taxable","17":"purchasable","18":"product-type-simple"},"_links":{"self":[{"href":"https:\/\/stylingagenten.com\/da\/wp-json\/wp\/v2\/product\/115656","targetHints":{"allow":["GET"]}}],"collection":[{"href":"https:\/\/stylingagenten.com\/da\/wp-json\/wp\/v2\/product"}],"about":[{"href":"https:\/\/stylingagenten.com\/da\/wp-json\/wp\/v2\/types\/product"}],"replies":[{"embeddable":true,"href":"https:\/\/stylingagenten.com\/da\/wp-json\/wp\/v2\/comments?post=115656"}],"version-history":[{"count":0,"href":"https:\/\/stylingagenten.com\/da\/wp-json\/wp\/v2\/product\/115656\/revisions"}],"wp:featuredmedia":[{"embeddable":true,"href":"https:\/\/stylingagenten.com\/da\/wp-json\/wp\/v2\/media\/115654"}],"wp:attachment":[{"href":"https:\/\/stylingagenten.com\/da\/wp-json\/wp\/v2\/media?parent=115656"}],"wp:term":[{"taxonomy":"product_brand","embeddable":true,"href":"https:\/\/stylingagenten.com\/da\/wp-json\/wp\/v2\/product_brand?post=115656"},{"taxonomy":"product_cat","embeddable":true,"href":"https:\/\/stylingagenten.com\/da\/wp-json\/wp\/v2\/product_cat?post=115656"},{"taxonomy":"product_tag","embeddable":true,"href":"https:\/\/stylingagenten.com\/da\/wp-json\/wp\/v2\/product_tag?post=115656"},{"taxonomy":"berocket_brand","embeddable":true,"href":"https:\/\/stylingagenten.com\/da\/wp-json\/wp\/v2\/berocket_brand?post=115656"}],"curies":[{"name":"wp","href":"https:\/\/api.w.org\/{rel}","templated":true}]}}