{"id":115627,"date":"2025-05-18T21:09:54","date_gmt":"2025-05-18T21:09:54","guid":{"rendered":"https:\/\/staging2.stylingagenten.com\/da\/produkt\/kevin-murphy-young-again-rinse-conditioner-250ml\/"},"modified":"2026-03-11T21:59:29","modified_gmt":"2026-03-11T21:59:29","slug":"kevin-murphy-young-again-rinse-conditioner-250ml","status":"publish","type":"product","link":"https:\/\/stylingagenten.com\/da\/produkt\/kevin-murphy-young-again-rinse-conditioner-250ml\/","title":{"rendered":"Kevin Murphy Young Again Rinse Conditioner 250ml"},"content":{"rendered":"<p>Inviter dit h\u00e5r p\u00e5 f\u00f8lelsen af \u200b\u200bungdommelighed med den n\u00e6rende balsam YOUNG.AGAIN RINSE.<br \/>Denne luksuri\u00f8se balsam hj\u00e6lper med at genoprette ungdommelig glans til t\u00f8rt, sk\u00f8rt eller beskadiget h\u00e5r og leverer et unikt kompleks af aminosyrer, \u00e6teriske olier og kendte anti-aging ingredienser for at reducere krus og giver glans &#8211; f\u00e5r h\u00e5ret til at se og f\u00f8les ungt igen.<\/p>\n<p> sulfat, paraben og grusomhedsfrit<\/p>\n","protected":false},"excerpt":{"rendered":"<p>Inviter dit h\u00e5r p\u00e5 f\u00f8lelsen af \u200b\u200bungdommelighed med den n\u00e6rende balsam YOUNG.AGAIN RINSE.Denne luksuri\u00f8se balsam hj\u00e6lper med at genoprette ungdommelig glans til t\u00f8rt, sk\u00f8rt eller beskadiget h\u00e5r og leverer et unikt kompleks af aminosyrer, \u00e6teriske olier og kendte anti-aging ingredienser for at reducere krus og giver glans &#8211; f\u00e5r h\u00e5ret til at se og f\u00f8les [&hellip;]<\/p>\n","protected":false},"featured_media":115625,"comment_status":"open","ping_status":"closed","template":"","meta":{"_trash_the_other_posts":false},"product_brand":[],"product_cat":[587],"product_tag":[3124],"berocket_brand":[1165],"class_list":{"0":"post-115627","1":"product","2":"type-product","3":"status-publish","4":"has-post-thumbnail","6":"product_cat-balsam","7":"product_tag-kevin-murphy-young-again-rinse-conditioner","8":"pa_brand-kevin-murphy","9":"pa_variant-250ml","10":"berocket_brand-kevin-murphy","12":"first","13":"instock","14":"sale","15":"taxable","16":"shipping-taxable","17":"purchasable","18":"product-type-simple"},"_links":{"self":[{"href":"https:\/\/stylingagenten.com\/da\/wp-json\/wp\/v2\/product\/115627","targetHints":{"allow":["GET"]}}],"collection":[{"href":"https:\/\/stylingagenten.com\/da\/wp-json\/wp\/v2\/product"}],"about":[{"href":"https:\/\/stylingagenten.com\/da\/wp-json\/wp\/v2\/types\/product"}],"replies":[{"embeddable":true,"href":"https:\/\/stylingagenten.com\/da\/wp-json\/wp\/v2\/comments?post=115627"}],"version-history":[{"count":0,"href":"https:\/\/stylingagenten.com\/da\/wp-json\/wp\/v2\/product\/115627\/revisions"}],"wp:featuredmedia":[{"embeddable":true,"href":"https:\/\/stylingagenten.com\/da\/wp-json\/wp\/v2\/media\/115625"}],"wp:attachment":[{"href":"https:\/\/stylingagenten.com\/da\/wp-json\/wp\/v2\/media?parent=115627"}],"wp:term":[{"taxonomy":"product_brand","embeddable":true,"href":"https:\/\/stylingagenten.com\/da\/wp-json\/wp\/v2\/product_brand?post=115627"},{"taxonomy":"product_cat","embeddable":true,"href":"https:\/\/stylingagenten.com\/da\/wp-json\/wp\/v2\/product_cat?post=115627"},{"taxonomy":"product_tag","embeddable":true,"href":"https:\/\/stylingagenten.com\/da\/wp-json\/wp\/v2\/product_tag?post=115627"},{"taxonomy":"berocket_brand","embeddable":true,"href":"https:\/\/stylingagenten.com\/da\/wp-json\/wp\/v2\/berocket_brand?post=115627"}],"curies":[{"name":"wp","href":"https:\/\/api.w.org\/{rel}","templated":true}]}}