{"id":115575,"date":"2025-05-18T21:09:40","date_gmt":"2025-05-18T21:09:40","guid":{"rendered":"https:\/\/staging2.stylingagenten.com\/da\/produkt\/paul-mitchell-tea-tree-special-color-conditioner-300ml\/"},"modified":"2026-03-11T21:52:44","modified_gmt":"2026-03-11T21:52:44","slug":"paul-mitchell-tea-tree-special-color-conditioner-300ml","status":"publish","type":"product","link":"https:\/\/stylingagenten.com\/da\/produkt\/paul-mitchell-tea-tree-special-color-conditioner-300ml\/","title":{"rendered":"Paul Mitchell Tea Tree Special Color Conditioner 300ml"},"content":{"rendered":"<p>Beskyt dit h\u00e5r og hold det sundt, h\u00e5ndterbart og bl\u00f8dt med Tea Tree Special Color Conditioner. Denne beroligende balsam er ideel til farvet h\u00e5r og indeholder naturlige ingredienser som tea tree olie, lavendel og pebermynte, der fugter og n\u00e6rer h\u00e5rstr\u00e5ene. Rooibos teplanter forhindrer farven i at falme.<\/p>\n","protected":false},"excerpt":{"rendered":"<p>Beskyt dit h\u00e5r og hold det sundt, h\u00e5ndterbart og bl\u00f8dt med Tea Tree Special Color Conditioner. Denne beroligende balsam er ideel til farvet h\u00e5r og indeholder naturlige ingredienser som tea tree olie, lavendel og pebermynte, der fugter og n\u00e6rer h\u00e5rstr\u00e5ene. Rooibos teplanter forhindrer farven i at falme.<\/p>\n","protected":false},"featured_media":115569,"comment_status":"open","ping_status":"closed","template":"","meta":{"_trash_the_other_posts":false},"product_brand":[],"product_cat":[587],"product_tag":[],"berocket_brand":[1053],"class_list":{"0":"post-115575","1":"product","2":"type-product","3":"status-publish","4":"has-post-thumbnail","6":"product_cat-balsam","7":"pa_brand-paul-mitchell","8":"berocket_brand-paul-mitchell","10":"first","11":"outofstock","12":"sale","13":"taxable","14":"shipping-taxable","15":"purchasable","16":"product-type-simple"},"_links":{"self":[{"href":"https:\/\/stylingagenten.com\/da\/wp-json\/wp\/v2\/product\/115575","targetHints":{"allow":["GET"]}}],"collection":[{"href":"https:\/\/stylingagenten.com\/da\/wp-json\/wp\/v2\/product"}],"about":[{"href":"https:\/\/stylingagenten.com\/da\/wp-json\/wp\/v2\/types\/product"}],"replies":[{"embeddable":true,"href":"https:\/\/stylingagenten.com\/da\/wp-json\/wp\/v2\/comments?post=115575"}],"version-history":[{"count":0,"href":"https:\/\/stylingagenten.com\/da\/wp-json\/wp\/v2\/product\/115575\/revisions"}],"wp:featuredmedia":[{"embeddable":true,"href":"https:\/\/stylingagenten.com\/da\/wp-json\/wp\/v2\/media\/115569"}],"wp:attachment":[{"href":"https:\/\/stylingagenten.com\/da\/wp-json\/wp\/v2\/media?parent=115575"}],"wp:term":[{"taxonomy":"product_brand","embeddable":true,"href":"https:\/\/stylingagenten.com\/da\/wp-json\/wp\/v2\/product_brand?post=115575"},{"taxonomy":"product_cat","embeddable":true,"href":"https:\/\/stylingagenten.com\/da\/wp-json\/wp\/v2\/product_cat?post=115575"},{"taxonomy":"product_tag","embeddable":true,"href":"https:\/\/stylingagenten.com\/da\/wp-json\/wp\/v2\/product_tag?post=115575"},{"taxonomy":"berocket_brand","embeddable":true,"href":"https:\/\/stylingagenten.com\/da\/wp-json\/wp\/v2\/berocket_brand?post=115575"}],"curies":[{"name":"wp","href":"https:\/\/api.w.org\/{rel}","templated":true}]}}