{"id":115567,"date":"2025-05-18T21:09:38","date_gmt":"2025-05-18T21:09:38","guid":{"rendered":"https:\/\/staging2.stylingagenten.com\/da\/produkt\/goldwell-dualsenses-ultra-volume-bodifying-conditioner-200ml\/"},"modified":"2026-04-13T07:09:13","modified_gmt":"2026-04-13T07:09:13","slug":"goldwell-dualsenses-ultra-volume-bodifying-conditioner-200ml","status":"publish","type":"product","link":"https:\/\/stylingagenten.com\/da\/produkt\/goldwell-dualsenses-ultra-volume-bodifying-conditioner-200ml\/","title":{"rendered":"Goldwell Dualsenses Ultra Volume Bodifying Conditioner 200ml"},"content":{"rendered":"<p>Goldwell Dualsenses Ultra Volume Bodifying Conditioner passer til dig med fint til livl\u00f8st h\u00e5r. H\u00e5rfiberen er styrket fra bunden til toppen, v\u00e6rdsat uden at tynge og \u00f8ger fylden. H\u00e5ret f\u00e5r mere volumen og bliver lettere at rede ud.<\/p>\n<p>&nbsp;<\/p>\n","protected":false},"excerpt":{"rendered":"<p>Goldwell Dualsenses Ultra Volume Bodifying Conditioner passer til dig med fint til livl\u00f8st h\u00e5r. H\u00e5rfiberen er styrket fra bunden til toppen, v\u00e6rdsat uden at tynge og \u00f8ger fylden. H\u00e5ret f\u00e5r mere volumen og bliver lettere at rede ud. &nbsp;<\/p>\n","protected":false},"featured_media":115566,"comment_status":"open","ping_status":"closed","template":"","meta":{"_trash_the_other_posts":false},"product_brand":[],"product_cat":[587],"product_tag":[],"berocket_brand":[1328],"class_list":{"0":"post-115567","1":"product","2":"type-product","3":"status-publish","4":"has-post-thumbnail","6":"product_cat-balsam","7":"pa_brand-goldwell","8":"berocket_brand-goldwell","10":"first","11":"instock","12":"sale","13":"taxable","14":"shipping-taxable","15":"purchasable","16":"product-type-simple"},"_links":{"self":[{"href":"https:\/\/stylingagenten.com\/da\/wp-json\/wp\/v2\/product\/115567","targetHints":{"allow":["GET"]}}],"collection":[{"href":"https:\/\/stylingagenten.com\/da\/wp-json\/wp\/v2\/product"}],"about":[{"href":"https:\/\/stylingagenten.com\/da\/wp-json\/wp\/v2\/types\/product"}],"replies":[{"embeddable":true,"href":"https:\/\/stylingagenten.com\/da\/wp-json\/wp\/v2\/comments?post=115567"}],"version-history":[{"count":0,"href":"https:\/\/stylingagenten.com\/da\/wp-json\/wp\/v2\/product\/115567\/revisions"}],"wp:featuredmedia":[{"embeddable":true,"href":"https:\/\/stylingagenten.com\/da\/wp-json\/wp\/v2\/media\/115566"}],"wp:attachment":[{"href":"https:\/\/stylingagenten.com\/da\/wp-json\/wp\/v2\/media?parent=115567"}],"wp:term":[{"taxonomy":"product_brand","embeddable":true,"href":"https:\/\/stylingagenten.com\/da\/wp-json\/wp\/v2\/product_brand?post=115567"},{"taxonomy":"product_cat","embeddable":true,"href":"https:\/\/stylingagenten.com\/da\/wp-json\/wp\/v2\/product_cat?post=115567"},{"taxonomy":"product_tag","embeddable":true,"href":"https:\/\/stylingagenten.com\/da\/wp-json\/wp\/v2\/product_tag?post=115567"},{"taxonomy":"berocket_brand","embeddable":true,"href":"https:\/\/stylingagenten.com\/da\/wp-json\/wp\/v2\/berocket_brand?post=115567"}],"curies":[{"name":"wp","href":"https:\/\/api.w.org\/{rel}","templated":true}]}}