{"id":115565,"date":"2025-05-18T21:09:37","date_gmt":"2025-05-18T21:09:37","guid":{"rendered":"https:\/\/staging2.stylingagenten.com\/da\/produkt\/ellwo-moisturizing-conditioner-350ml\/"},"modified":"2026-04-03T15:15:25","modified_gmt":"2026-04-03T15:15:25","slug":"ellwo-moisturizing-conditioner-350ml","status":"publish","type":"product","link":"https:\/\/stylingagenten.com\/da\/produkt\/ellwo-moisturizing-conditioner-350ml\/","title":{"rendered":"Ellwo Moisturizing Conditioner 350ml"},"content":{"rendered":"<p>Ellwo Moisturizing Conditioner er en genopfugtende og afklarende balsam, der genopretter h\u00e5rets naturlige fugtbalance og tilf\u00f8jer glans og glans. Velegnet til alle h\u00e5rtyper, ogs\u00e5 h\u00e5r der har v\u00e6ret udsat for kemiske behandlinger. Balsamen er beriget med Jojobaolie, Olivenolie og Arganolie. Olierne g\u00f8r h\u00e5ret bl\u00f8dt og fugtet og forhindrer spaltede spidser.<\/p>\n<p>Sulfat- og parabenfrit<br \/>Veganer<br \/>Farvebevaring<br \/>UV-beskyttelse<\/p>\n","protected":false},"excerpt":{"rendered":"<p>Ellwo Moisturizing Conditioner er en genopfugtende og afklarende balsam, der genopretter h\u00e5rets naturlige fugtbalance og tilf\u00f8jer glans og glans. Velegnet til alle h\u00e5rtyper, ogs\u00e5 h\u00e5r der har v\u00e6ret udsat for kemiske behandlinger. Balsamen er beriget med Jojobaolie, Olivenolie og Arganolie. Olierne g\u00f8r h\u00e5ret bl\u00f8dt og fugtet og forhindrer spaltede spidser. Sulfat- og parabenfritVeganerFarvebevaringUV-beskyttelse<\/p>\n","protected":false},"featured_media":115561,"comment_status":"open","ping_status":"closed","template":"","meta":{"_trash_the_other_posts":false},"product_brand":[],"product_cat":[587],"product_tag":[],"berocket_brand":[1305],"class_list":{"0":"post-115565","1":"product","2":"type-product","3":"status-publish","4":"has-post-thumbnail","6":"product_cat-balsam","7":"pa_brand-ellwo-professional","8":"berocket_brand-ellwo-professional","10":"first","11":"instock","12":"sale","13":"taxable","14":"shipping-taxable","15":"purchasable","16":"product-type-simple"},"_links":{"self":[{"href":"https:\/\/stylingagenten.com\/da\/wp-json\/wp\/v2\/product\/115565","targetHints":{"allow":["GET"]}}],"collection":[{"href":"https:\/\/stylingagenten.com\/da\/wp-json\/wp\/v2\/product"}],"about":[{"href":"https:\/\/stylingagenten.com\/da\/wp-json\/wp\/v2\/types\/product"}],"replies":[{"embeddable":true,"href":"https:\/\/stylingagenten.com\/da\/wp-json\/wp\/v2\/comments?post=115565"}],"version-history":[{"count":0,"href":"https:\/\/stylingagenten.com\/da\/wp-json\/wp\/v2\/product\/115565\/revisions"}],"wp:featuredmedia":[{"embeddable":true,"href":"https:\/\/stylingagenten.com\/da\/wp-json\/wp\/v2\/media\/115561"}],"wp:attachment":[{"href":"https:\/\/stylingagenten.com\/da\/wp-json\/wp\/v2\/media?parent=115565"}],"wp:term":[{"taxonomy":"product_brand","embeddable":true,"href":"https:\/\/stylingagenten.com\/da\/wp-json\/wp\/v2\/product_brand?post=115565"},{"taxonomy":"product_cat","embeddable":true,"href":"https:\/\/stylingagenten.com\/da\/wp-json\/wp\/v2\/product_cat?post=115565"},{"taxonomy":"product_tag","embeddable":true,"href":"https:\/\/stylingagenten.com\/da\/wp-json\/wp\/v2\/product_tag?post=115565"},{"taxonomy":"berocket_brand","embeddable":true,"href":"https:\/\/stylingagenten.com\/da\/wp-json\/wp\/v2\/berocket_brand?post=115565"}],"curies":[{"name":"wp","href":"https:\/\/api.w.org\/{rel}","templated":true}]}}