{"id":115563,"date":"2025-05-18T21:09:37","date_gmt":"2025-05-18T21:09:37","guid":{"rendered":"https:\/\/staging2.stylingagenten.com\/da\/produkt\/goldwell-dualsenses-color-extra-rich-conditioner-200ml\/"},"modified":"2026-03-11T21:46:37","modified_gmt":"2026-03-11T21:46:37","slug":"goldwell-dualsenses-color-extra-rich-conditioner-200ml","status":"publish","type":"product","link":"https:\/\/stylingagenten.com\/da\/produkt\/goldwell-dualsenses-color-extra-rich-conditioner-200ml\/","title":{"rendered":"Goldwell Dualsenses Color Extra Rich Conditioner 200ml"},"content":{"rendered":"<p>Goldwell Dualsenses Color Brilliance Conditioner er en balsam, der \u00f8jeblikkeligt l\u00f8sner h\u00e5r og skaber enest\u00e5ende farveglans til farvet eller ubehandlet h\u00e5r. Dualsenses Color conditioner bruger microPROtec-kompleks og Luminescine, som omdanner ikke-synligt UV-lys til synlige str\u00e5ler for at fremh\u00e6ve h\u00e5rets glans. Til tykt til groft h\u00e5r.<\/p>\n","protected":false},"excerpt":{"rendered":"<p>Goldwell Dualsenses Color Brilliance Conditioner er en balsam, der \u00f8jeblikkeligt l\u00f8sner h\u00e5r og skaber enest\u00e5ende farveglans til farvet eller ubehandlet h\u00e5r. Dualsenses Color conditioner bruger microPROtec-kompleks og Luminescine, som omdanner ikke-synligt UV-lys til synlige str\u00e5ler for at fremh\u00e6ve h\u00e5rets glans. Til tykt til groft h\u00e5r.<\/p>\n","protected":false},"featured_media":115562,"comment_status":"open","ping_status":"closed","template":"","meta":{"_trash_the_other_posts":false},"product_brand":[],"product_cat":[587],"product_tag":[],"berocket_brand":[1328],"class_list":{"0":"post-115563","1":"product","2":"type-product","3":"status-publish","4":"has-post-thumbnail","6":"product_cat-balsam","7":"pa_brand-goldwell","8":"berocket_brand-goldwell","10":"first","11":"instock","12":"sale","13":"taxable","14":"shipping-taxable","15":"purchasable","16":"product-type-simple"},"_links":{"self":[{"href":"https:\/\/stylingagenten.com\/da\/wp-json\/wp\/v2\/product\/115563","targetHints":{"allow":["GET"]}}],"collection":[{"href":"https:\/\/stylingagenten.com\/da\/wp-json\/wp\/v2\/product"}],"about":[{"href":"https:\/\/stylingagenten.com\/da\/wp-json\/wp\/v2\/types\/product"}],"replies":[{"embeddable":true,"href":"https:\/\/stylingagenten.com\/da\/wp-json\/wp\/v2\/comments?post=115563"}],"version-history":[{"count":0,"href":"https:\/\/stylingagenten.com\/da\/wp-json\/wp\/v2\/product\/115563\/revisions"}],"wp:featuredmedia":[{"embeddable":true,"href":"https:\/\/stylingagenten.com\/da\/wp-json\/wp\/v2\/media\/115562"}],"wp:attachment":[{"href":"https:\/\/stylingagenten.com\/da\/wp-json\/wp\/v2\/media?parent=115563"}],"wp:term":[{"taxonomy":"product_brand","embeddable":true,"href":"https:\/\/stylingagenten.com\/da\/wp-json\/wp\/v2\/product_brand?post=115563"},{"taxonomy":"product_cat","embeddable":true,"href":"https:\/\/stylingagenten.com\/da\/wp-json\/wp\/v2\/product_cat?post=115563"},{"taxonomy":"product_tag","embeddable":true,"href":"https:\/\/stylingagenten.com\/da\/wp-json\/wp\/v2\/product_tag?post=115563"},{"taxonomy":"berocket_brand","embeddable":true,"href":"https:\/\/stylingagenten.com\/da\/wp-json\/wp\/v2\/berocket_brand?post=115563"}],"curies":[{"name":"wp","href":"https:\/\/api.w.org\/{rel}","templated":true}]}}