{"id":115516,"date":"2025-05-18T21:09:25","date_gmt":"2025-05-18T21:09:25","guid":{"rendered":"https:\/\/staging2.stylingagenten.com\/da\/produkt\/ida-warg-silver-conditioner-250ml\/"},"modified":"2026-03-11T21:45:40","modified_gmt":"2026-03-11T21:45:40","slug":"ida-warg-silver-conditioner-250ml","status":"publish","type":"product","link":"https:\/\/stylingagenten.com\/da\/produkt\/ida-warg-silver-conditioner-250ml\/","title":{"rendered":"Ida Warg Silver Conditioner 250ml"},"content":{"rendered":"<p>Ida Warg Silver Conditioner er en mild og plejende balsam med violette pigmenter, der neutraliserer gule og varme toner i blond h\u00e5r. Balsamen indeholder hvedeprotein, der hj\u00e6lper med at fugte, styrke og genopbygge beskadiget og slidt h\u00e5r.<\/p>\n<p>cruelty free, 100% vegansk.<\/p>\n","protected":false},"excerpt":{"rendered":"<p>Ida Warg Silver Conditioner er en mild og plejende balsam med violette pigmenter, der neutraliserer gule og varme toner i blond h\u00e5r. Balsamen indeholder hvedeprotein, der hj\u00e6lper med at fugte, styrke og genopbygge beskadiget og slidt h\u00e5r. cruelty free, 100% vegansk.<\/p>\n","protected":false},"featured_media":115506,"comment_status":"open","ping_status":"closed","template":"","meta":{"_trash_the_other_posts":false},"product_brand":[],"product_cat":[587],"product_tag":[],"berocket_brand":[1346],"class_list":{"0":"post-115516","1":"product","2":"type-product","3":"status-publish","4":"has-post-thumbnail","6":"product_cat-balsam","7":"pa_brand-ida-warg","8":"berocket_brand-ida-warg","10":"first","11":"instock","12":"sale","13":"taxable","14":"shipping-taxable","15":"purchasable","16":"product-type-simple"},"_links":{"self":[{"href":"https:\/\/stylingagenten.com\/da\/wp-json\/wp\/v2\/product\/115516","targetHints":{"allow":["GET"]}}],"collection":[{"href":"https:\/\/stylingagenten.com\/da\/wp-json\/wp\/v2\/product"}],"about":[{"href":"https:\/\/stylingagenten.com\/da\/wp-json\/wp\/v2\/types\/product"}],"replies":[{"embeddable":true,"href":"https:\/\/stylingagenten.com\/da\/wp-json\/wp\/v2\/comments?post=115516"}],"version-history":[{"count":0,"href":"https:\/\/stylingagenten.com\/da\/wp-json\/wp\/v2\/product\/115516\/revisions"}],"wp:featuredmedia":[{"embeddable":true,"href":"https:\/\/stylingagenten.com\/da\/wp-json\/wp\/v2\/media\/115506"}],"wp:attachment":[{"href":"https:\/\/stylingagenten.com\/da\/wp-json\/wp\/v2\/media?parent=115516"}],"wp:term":[{"taxonomy":"product_brand","embeddable":true,"href":"https:\/\/stylingagenten.com\/da\/wp-json\/wp\/v2\/product_brand?post=115516"},{"taxonomy":"product_cat","embeddable":true,"href":"https:\/\/stylingagenten.com\/da\/wp-json\/wp\/v2\/product_cat?post=115516"},{"taxonomy":"product_tag","embeddable":true,"href":"https:\/\/stylingagenten.com\/da\/wp-json\/wp\/v2\/product_tag?post=115516"},{"taxonomy":"berocket_brand","embeddable":true,"href":"https:\/\/stylingagenten.com\/da\/wp-json\/wp\/v2\/berocket_brand?post=115516"}],"curies":[{"name":"wp","href":"https:\/\/api.w.org\/{rel}","templated":true}]}}