{"id":115418,"date":"2025-05-18T21:09:00","date_gmt":"2025-05-18T21:09:00","guid":{"rendered":"https:\/\/staging2.stylingagenten.com\/da\/produkt\/ida-warg-colour-protecting-conditioner-250ml\/"},"modified":"2026-03-11T21:47:45","modified_gmt":"2026-03-11T21:47:45","slug":"ida-warg-colour-protecting-conditioner-250ml","status":"publish","type":"product","link":"https:\/\/stylingagenten.com\/da\/produkt\/ida-warg-colour-protecting-conditioner-250ml\/","title":{"rendered":"Ida Warg Colour Protecting Conditioner 250ml"},"content":{"rendered":"<p>Colour Protecting Conditioner er en farvebevarende og plejende balsam udviklet med varmebeskyttelse for at forberede h\u00e5ret til styling. Den rige formel indeholder et bambusekstrakt, der reparerer og beskytter beskadiget og farvet h\u00e5r og avocadoolie, der virker bl\u00f8dg\u00f8rende og giver ekstra glans til h\u00e5ret uden at tynge det ned. Brug sammen med Color Protecting Shampoo for de bedste resultater. Color Protecting Conditioner fjerner beskadiget h\u00e5rfarve. Formlen respekterer farvet h\u00e5r og giver det en naturlig gl\u00f8d uden at tynge det.<\/p>\n<p>Duft: En feminin og bl\u00f8d duft med sp\u00e6ndende hints af varme krydderier, vanilje og hvide blomster<\/p>\n<p>100% vegansk<\/p>\n<p>Gramhedsfri<\/p>\n","protected":false},"excerpt":{"rendered":"<p>Colour Protecting Conditioner er en farvebevarende og plejende balsam udviklet med varmebeskyttelse for at forberede h\u00e5ret til styling. Den rige formel indeholder et bambusekstrakt, der reparerer og beskytter beskadiget og farvet h\u00e5r og avocadoolie, der virker bl\u00f8dg\u00f8rende og giver ekstra glans til h\u00e5ret uden at tynge det ned. Brug sammen med Color Protecting Shampoo for [&hellip;]<\/p>\n","protected":false},"featured_media":115412,"comment_status":"open","ping_status":"closed","template":"","meta":{"_trash_the_other_posts":false},"product_brand":[],"product_cat":[587],"product_tag":[],"berocket_brand":[1346],"class_list":{"0":"post-115418","1":"product","2":"type-product","3":"status-publish","4":"has-post-thumbnail","6":"product_cat-balsam","7":"pa_brand-ida-warg","8":"berocket_brand-ida-warg","10":"first","11":"instock","12":"sale","13":"taxable","14":"shipping-taxable","15":"purchasable","16":"product-type-simple"},"_links":{"self":[{"href":"https:\/\/stylingagenten.com\/da\/wp-json\/wp\/v2\/product\/115418","targetHints":{"allow":["GET"]}}],"collection":[{"href":"https:\/\/stylingagenten.com\/da\/wp-json\/wp\/v2\/product"}],"about":[{"href":"https:\/\/stylingagenten.com\/da\/wp-json\/wp\/v2\/types\/product"}],"replies":[{"embeddable":true,"href":"https:\/\/stylingagenten.com\/da\/wp-json\/wp\/v2\/comments?post=115418"}],"version-history":[{"count":0,"href":"https:\/\/stylingagenten.com\/da\/wp-json\/wp\/v2\/product\/115418\/revisions"}],"wp:featuredmedia":[{"embeddable":true,"href":"https:\/\/stylingagenten.com\/da\/wp-json\/wp\/v2\/media\/115412"}],"wp:attachment":[{"href":"https:\/\/stylingagenten.com\/da\/wp-json\/wp\/v2\/media?parent=115418"}],"wp:term":[{"taxonomy":"product_brand","embeddable":true,"href":"https:\/\/stylingagenten.com\/da\/wp-json\/wp\/v2\/product_brand?post=115418"},{"taxonomy":"product_cat","embeddable":true,"href":"https:\/\/stylingagenten.com\/da\/wp-json\/wp\/v2\/product_cat?post=115418"},{"taxonomy":"product_tag","embeddable":true,"href":"https:\/\/stylingagenten.com\/da\/wp-json\/wp\/v2\/product_tag?post=115418"},{"taxonomy":"berocket_brand","embeddable":true,"href":"https:\/\/stylingagenten.com\/da\/wp-json\/wp\/v2\/berocket_brand?post=115418"}],"curies":[{"name":"wp","href":"https:\/\/api.w.org\/{rel}","templated":true}]}}