{"id":115324,"date":"2025-05-18T21:08:33","date_gmt":"2025-05-18T21:08:33","guid":{"rendered":"https:\/\/staging2.stylingagenten.com\/da\/produkt\/milk_shake-curl-passion-conditioner-300ml\/"},"modified":"2026-04-12T08:18:50","modified_gmt":"2026-04-12T08:18:50","slug":"milk_shake-curl-passion-conditioner-300ml","status":"publish","type":"product","link":"https:\/\/stylingagenten.com\/da\/produkt\/milk_shake-curl-passion-conditioner-300ml\/","title":{"rendered":"Milk_Shake Curl Passion Conditioner 300ml"},"content":{"rendered":"<p>Den ultimative balsam til kr\u00f8llet h\u00e5r!<\/p>\n<p>Milk Shake Curl Passion Conditioner hj\u00e6lper dig med at f\u00e5 lokker med bed\u00f8velse, fleksibilitet og langtidsholdbarhed. Normalt er krus i kr\u00f8llet h\u00e5r for\u00e5rsaget af p\u00e5 grund af mangel p\u00e5 fugt, p\u00e5f\u00f8r derefter dette p\u00e5 l\u00e6ngderne for at give h\u00e5ret den rette fugtbalance.<br \/>Denne specielt formulerede fugtgivende balsam til kr\u00f8llet h\u00e5r er uden parabener.<br \/>Ideel til alle h\u00e5rtyper for at give bl\u00f8dhed og smidighed uden at tynge h\u00e5r.<\/p>\n","protected":false},"excerpt":{"rendered":"<p>Den ultimative balsam til kr\u00f8llet h\u00e5r! Milk Shake Curl Passion Conditioner hj\u00e6lper dig med at f\u00e5 lokker med bed\u00f8velse, fleksibilitet og langtidsholdbarhed. Normalt er krus i kr\u00f8llet h\u00e5r for\u00e5rsaget af p\u00e5 grund af mangel p\u00e5 fugt, p\u00e5f\u00f8r derefter dette p\u00e5 l\u00e6ngderne for at give h\u00e5ret den rette fugtbalance.Denne specielt formulerede fugtgivende balsam til kr\u00f8llet h\u00e5r [&hellip;]<\/p>\n","protected":false},"featured_media":115321,"comment_status":"open","ping_status":"closed","template":"","meta":{"_trash_the_other_posts":false},"product_brand":[],"product_cat":[587,1003],"product_tag":[3572],"berocket_brand":[1085],"class_list":{"0":"post-115324","1":"product","2":"type-product","3":"status-publish","4":"has-post-thumbnail","6":"product_cat-balsam","7":"product_cat-bestsellere","8":"product_tag-milk_shake-curl-passion-conditioner","9":"pa_brand-milk_shake","10":"pa_variant-300ml","11":"berocket_brand-milk_shake","13":"first","14":"instock","15":"sale","16":"taxable","17":"shipping-taxable","18":"purchasable","19":"product-type-simple"},"_links":{"self":[{"href":"https:\/\/stylingagenten.com\/da\/wp-json\/wp\/v2\/product\/115324","targetHints":{"allow":["GET"]}}],"collection":[{"href":"https:\/\/stylingagenten.com\/da\/wp-json\/wp\/v2\/product"}],"about":[{"href":"https:\/\/stylingagenten.com\/da\/wp-json\/wp\/v2\/types\/product"}],"replies":[{"embeddable":true,"href":"https:\/\/stylingagenten.com\/da\/wp-json\/wp\/v2\/comments?post=115324"}],"version-history":[{"count":0,"href":"https:\/\/stylingagenten.com\/da\/wp-json\/wp\/v2\/product\/115324\/revisions"}],"wp:featuredmedia":[{"embeddable":true,"href":"https:\/\/stylingagenten.com\/da\/wp-json\/wp\/v2\/media\/115321"}],"wp:attachment":[{"href":"https:\/\/stylingagenten.com\/da\/wp-json\/wp\/v2\/media?parent=115324"}],"wp:term":[{"taxonomy":"product_brand","embeddable":true,"href":"https:\/\/stylingagenten.com\/da\/wp-json\/wp\/v2\/product_brand?post=115324"},{"taxonomy":"product_cat","embeddable":true,"href":"https:\/\/stylingagenten.com\/da\/wp-json\/wp\/v2\/product_cat?post=115324"},{"taxonomy":"product_tag","embeddable":true,"href":"https:\/\/stylingagenten.com\/da\/wp-json\/wp\/v2\/product_tag?post=115324"},{"taxonomy":"berocket_brand","embeddable":true,"href":"https:\/\/stylingagenten.com\/da\/wp-json\/wp\/v2\/berocket_brand?post=115324"}],"curies":[{"name":"wp","href":"https:\/\/api.w.org\/{rel}","templated":true}]}}