{"id":115262,"date":"2025-05-18T21:08:15","date_gmt":"2025-05-18T21:08:15","guid":{"rendered":"https:\/\/staging2.stylingagenten.com\/da\/produkt\/paul-mitchell-clean-beauty-repair-conditioner-250ml\/"},"modified":"2026-02-18T11:28:20","modified_gmt":"2026-02-18T11:28:20","slug":"paul-mitchell-clean-beauty-repair-conditioner-250ml","status":"publish","type":"product","link":"https:\/\/stylingagenten.com\/da\/produkt\/paul-mitchell-clean-beauty-repair-conditioner-250ml\/","title":{"rendered":"Paul Mitchell Clean Beauty Repair Conditioner 250ml"},"content":{"rendered":"<p>Clean Beauty Repair Conditioner. Beriget med amarantfr\u00f8 og \u00e6rteprotein hj\u00e6lper denne n\u00e6rende balsam dig med at reparere beskadiget h\u00e5r fra fysiske og kemiske skader. H\u00e5ret bliver sundere og st\u00e6rkere ved hver brug.<\/p>\n","protected":false},"excerpt":{"rendered":"<p>Clean Beauty Repair Conditioner. Beriget med amarantfr\u00f8 og \u00e6rteprotein hj\u00e6lper denne n\u00e6rende balsam dig med at reparere beskadiget h\u00e5r fra fysiske og kemiske skader. H\u00e5ret bliver sundere og st\u00e6rkere ved hver brug.<\/p>\n","protected":false},"featured_media":115254,"comment_status":"open","ping_status":"closed","template":"","meta":{"_trash_the_other_posts":false},"product_brand":[],"product_cat":[587],"product_tag":[3765],"berocket_brand":[1053],"class_list":{"0":"post-115262","1":"product","2":"type-product","3":"status-publish","4":"has-post-thumbnail","6":"product_cat-balsam","7":"product_tag-paul-mitchell-clean-beauty-repair-conditioner","8":"pa_brand-paul-mitchell","9":"pa_variant-250ml","10":"berocket_brand-paul-mitchell","12":"first","13":"outofstock","14":"sale","15":"taxable","16":"shipping-taxable","17":"purchasable","18":"product-type-simple"},"_links":{"self":[{"href":"https:\/\/stylingagenten.com\/da\/wp-json\/wp\/v2\/product\/115262","targetHints":{"allow":["GET"]}}],"collection":[{"href":"https:\/\/stylingagenten.com\/da\/wp-json\/wp\/v2\/product"}],"about":[{"href":"https:\/\/stylingagenten.com\/da\/wp-json\/wp\/v2\/types\/product"}],"replies":[{"embeddable":true,"href":"https:\/\/stylingagenten.com\/da\/wp-json\/wp\/v2\/comments?post=115262"}],"version-history":[{"count":0,"href":"https:\/\/stylingagenten.com\/da\/wp-json\/wp\/v2\/product\/115262\/revisions"}],"wp:featuredmedia":[{"embeddable":true,"href":"https:\/\/stylingagenten.com\/da\/wp-json\/wp\/v2\/media\/115254"}],"wp:attachment":[{"href":"https:\/\/stylingagenten.com\/da\/wp-json\/wp\/v2\/media?parent=115262"}],"wp:term":[{"taxonomy":"product_brand","embeddable":true,"href":"https:\/\/stylingagenten.com\/da\/wp-json\/wp\/v2\/product_brand?post=115262"},{"taxonomy":"product_cat","embeddable":true,"href":"https:\/\/stylingagenten.com\/da\/wp-json\/wp\/v2\/product_cat?post=115262"},{"taxonomy":"product_tag","embeddable":true,"href":"https:\/\/stylingagenten.com\/da\/wp-json\/wp\/v2\/product_tag?post=115262"},{"taxonomy":"berocket_brand","embeddable":true,"href":"https:\/\/stylingagenten.com\/da\/wp-json\/wp\/v2\/berocket_brand?post=115262"}],"curies":[{"name":"wp","href":"https:\/\/api.w.org\/{rel}","templated":true}]}}