{"id":115252,"date":"2025-05-18T21:08:13","date_gmt":"2025-05-18T21:08:13","guid":{"rendered":"https:\/\/staging2.stylingagenten.com\/da\/produkt\/paul-mitchell-clean-beauty-everyday-leave-in-treatment-150ml\/"},"modified":"2026-03-11T21:56:40","modified_gmt":"2026-03-11T21:56:40","slug":"paul-mitchell-clean-beauty-everyday-leave-in-treatment-150ml","status":"publish","type":"product","link":"https:\/\/stylingagenten.com\/da\/produkt\/paul-mitchell-clean-beauty-everyday-leave-in-treatment-150ml\/","title":{"rendered":"Paul Mitchell Clean Beauty Everyday Leave-In Treatment 150ml"},"content":{"rendered":"<p>Clean Beauty Everyday Leave-In Treatment 150ml<br \/>94% naturlig. Denne prisvindende leave-in balsam n\u00e6rer og tilf\u00f8jer fugt til h\u00e5ret uden at tynge det ned. Beriget med arganolie og aloe vera for bl\u00f8dere og sundere h\u00e5r.<\/p>\n","protected":false},"excerpt":{"rendered":"<p>Clean Beauty Everyday Leave-In Treatment 150ml94% naturlig. Denne prisvindende leave-in balsam n\u00e6rer og tilf\u00f8jer fugt til h\u00e5ret uden at tynge det ned. Beriget med arganolie og aloe vera for bl\u00f8dere og sundere h\u00e5r.<\/p>\n","protected":false},"featured_media":115250,"comment_status":"open","ping_status":"closed","template":"","meta":{"_trash_the_other_posts":false},"product_brand":[],"product_cat":[620],"product_tag":[],"berocket_brand":[1053],"class_list":{"0":"post-115252","1":"product","2":"type-product","3":"status-publish","4":"has-post-thumbnail","6":"product_cat-harin-pakning","7":"pa_brand-paul-mitchell","8":"berocket_brand-paul-mitchell","10":"first","11":"outofstock","12":"sale","13":"taxable","14":"shipping-taxable","15":"purchasable","16":"product-type-simple"},"_links":{"self":[{"href":"https:\/\/stylingagenten.com\/da\/wp-json\/wp\/v2\/product\/115252","targetHints":{"allow":["GET"]}}],"collection":[{"href":"https:\/\/stylingagenten.com\/da\/wp-json\/wp\/v2\/product"}],"about":[{"href":"https:\/\/stylingagenten.com\/da\/wp-json\/wp\/v2\/types\/product"}],"replies":[{"embeddable":true,"href":"https:\/\/stylingagenten.com\/da\/wp-json\/wp\/v2\/comments?post=115252"}],"version-history":[{"count":0,"href":"https:\/\/stylingagenten.com\/da\/wp-json\/wp\/v2\/product\/115252\/revisions"}],"wp:featuredmedia":[{"embeddable":true,"href":"https:\/\/stylingagenten.com\/da\/wp-json\/wp\/v2\/media\/115250"}],"wp:attachment":[{"href":"https:\/\/stylingagenten.com\/da\/wp-json\/wp\/v2\/media?parent=115252"}],"wp:term":[{"taxonomy":"product_brand","embeddable":true,"href":"https:\/\/stylingagenten.com\/da\/wp-json\/wp\/v2\/product_brand?post=115252"},{"taxonomy":"product_cat","embeddable":true,"href":"https:\/\/stylingagenten.com\/da\/wp-json\/wp\/v2\/product_cat?post=115252"},{"taxonomy":"product_tag","embeddable":true,"href":"https:\/\/stylingagenten.com\/da\/wp-json\/wp\/v2\/product_tag?post=115252"},{"taxonomy":"berocket_brand","embeddable":true,"href":"https:\/\/stylingagenten.com\/da\/wp-json\/wp\/v2\/berocket_brand?post=115252"}],"curies":[{"name":"wp","href":"https:\/\/api.w.org\/{rel}","templated":true}]}}