{"id":115179,"date":"2025-05-18T21:07:51","date_gmt":"2025-05-18T21:07:51","guid":{"rendered":"https:\/\/staging2.stylingagenten.com\/da\/produkt\/maria-nila-structure-repair-conditioner-1000ml\/"},"modified":"2026-03-11T22:01:32","modified_gmt":"2026-03-11T22:01:32","slug":"maria-nila-structure-repair-conditioner-1000ml","status":"publish","type":"product","link":"https:\/\/stylingagenten.com\/da\/produkt\/maria-nila-structure-repair-conditioner-1000ml\/","title":{"rendered":"Maria Nila Structure Repair Conditioner 1000ml"},"content":{"rendered":"<p>En unders\u00f8gende balsam til t\u00f8rt, beskadiget og kemisk behandlet h\u00e5r, der bl\u00f8dg\u00f8r, fugter og modvirker statisk h\u00e5r. Det reparerende algeekstrakt hj\u00e6lper h\u00e5ret med at genvinde sin naturlige styrke, bl\u00f8dhed og glans. Structure Repair Conditioner har en mild duft af vanilje, rose og jasmin, der f\u00e5r dit h\u00e5r til at dufte lige s\u00e5 frisk, som det f\u00f8les. Farvebevarelse Color Guard Complex beskytter dit h\u00e5r mod UV-str\u00e5ling og frie radikaler.&nbsp;<br \/>Til sammenligning er Structure Repair skabt til beskadiget og kemisk behandlet h\u00e5r, og True Soft-serien er skabt til naturligt t\u00f8rt h\u00e5r.<\/p>\n<p> \u2022Reparerer t\u00f8rt og beskadiget h\u00e5r<br \/>\u2022Antistatisk h\u00e5r<br \/>\u2022Med reparerende algeekstrakt, hvedeprotein og moringaolie<br \/>\u2022100 % vegansk &amp; dyrevenlig<br \/>\u2022Klimakompenseret emballage<\/p>\n","protected":false},"excerpt":{"rendered":"<p>En unders\u00f8gende balsam til t\u00f8rt, beskadiget og kemisk behandlet h\u00e5r, der bl\u00f8dg\u00f8r, fugter og modvirker statisk h\u00e5r. Det reparerende algeekstrakt hj\u00e6lper h\u00e5ret med at genvinde sin naturlige styrke, bl\u00f8dhed og glans. Structure Repair Conditioner har en mild duft af vanilje, rose og jasmin, der f\u00e5r dit h\u00e5r til at dufte lige s\u00e5 frisk, som det [&hellip;]<\/p>\n","protected":false},"featured_media":115174,"comment_status":"open","ping_status":"closed","template":"","meta":{"_trash_the_other_posts":false},"product_brand":[],"product_cat":[587],"product_tag":[3424],"berocket_brand":[1388],"class_list":{"0":"post-115179","1":"product","2":"type-product","3":"status-publish","4":"has-post-thumbnail","6":"product_cat-balsam","7":"product_tag-maria-nila-structure-repair-conditioner","8":"pa_brand-maria-nila","9":"pa_variant-1000ml","10":"berocket_brand-maria-nila","12":"first","13":"instock","14":"sale","15":"taxable","16":"shipping-taxable","17":"purchasable","18":"product-type-simple"},"_links":{"self":[{"href":"https:\/\/stylingagenten.com\/da\/wp-json\/wp\/v2\/product\/115179","targetHints":{"allow":["GET"]}}],"collection":[{"href":"https:\/\/stylingagenten.com\/da\/wp-json\/wp\/v2\/product"}],"about":[{"href":"https:\/\/stylingagenten.com\/da\/wp-json\/wp\/v2\/types\/product"}],"replies":[{"embeddable":true,"href":"https:\/\/stylingagenten.com\/da\/wp-json\/wp\/v2\/comments?post=115179"}],"version-history":[{"count":0,"href":"https:\/\/stylingagenten.com\/da\/wp-json\/wp\/v2\/product\/115179\/revisions"}],"wp:featuredmedia":[{"embeddable":true,"href":"https:\/\/stylingagenten.com\/da\/wp-json\/wp\/v2\/media\/115174"}],"wp:attachment":[{"href":"https:\/\/stylingagenten.com\/da\/wp-json\/wp\/v2\/media?parent=115179"}],"wp:term":[{"taxonomy":"product_brand","embeddable":true,"href":"https:\/\/stylingagenten.com\/da\/wp-json\/wp\/v2\/product_brand?post=115179"},{"taxonomy":"product_cat","embeddable":true,"href":"https:\/\/stylingagenten.com\/da\/wp-json\/wp\/v2\/product_cat?post=115179"},{"taxonomy":"product_tag","embeddable":true,"href":"https:\/\/stylingagenten.com\/da\/wp-json\/wp\/v2\/product_tag?post=115179"},{"taxonomy":"berocket_brand","embeddable":true,"href":"https:\/\/stylingagenten.com\/da\/wp-json\/wp\/v2\/berocket_brand?post=115179"}],"curies":[{"name":"wp","href":"https:\/\/api.w.org\/{rel}","templated":true}]}}