{"id":115106,"date":"2025-05-18T21:07:28","date_gmt":"2025-05-18T21:07:28","guid":{"rendered":"https:\/\/staging2.stylingagenten.com\/da\/produkt\/orofluido-asia-zen-control-conditioner-200ml\/"},"modified":"2025-11-19T10:53:22","modified_gmt":"2025-11-19T10:53:22","slug":"orofluido-asia-zen-control-conditioner-200ml","status":"publish","type":"product","link":"https:\/\/stylingagenten.com\/da\/produkt\/orofluido-asia-zen-control-conditioner-200ml\/","title":{"rendered":"Orofluido Asia Zen Control Conditioner 200ml"},"content":{"rendered":"<p>Orofluido Asia Zen Control Balm er udviklet til hyppig brug. Dens formel kontrollerer krus og fremh\u00e6ver h\u00e5rets naturlige glans. Balsamen indeholder fugtgivende acceleratorer, der reparerer beskadiget h\u00e5r og polerer h\u00e5rstr\u00e5et, samtidig med at det g\u00f8r h\u00e5ret bl\u00f8dt og smidigt, mere overskueligt og lettere at style. <\/p>\n<p>Orofluido Asia Zen Control Elixir hj\u00e6lper dig med at fjerne krus og g\u00f8r dit h\u00e5r fleksibelt, bl\u00f8dt og skinnende. Eliksiren har en ultralet formel, der skaber en lysreflekterende film for mat glans. Den opbygger ogs\u00e5 en fugtbarriere, der forhindrer forekomsten af \u200b\u200bkrus, mens den g\u00f8r h\u00e5ret smidigt og h\u00e5ndterbart uden at tynge det ned.<\/p>\n","protected":false},"excerpt":{"rendered":"<p>Orofluido Asia Zen Control Balm er udviklet til hyppig brug. Dens formel kontrollerer krus og fremh\u00e6ver h\u00e5rets naturlige glans. Balsamen indeholder fugtgivende acceleratorer, der reparerer beskadiget h\u00e5r og polerer h\u00e5rstr\u00e5et, samtidig med at det g\u00f8r h\u00e5ret bl\u00f8dt og smidigt, mere overskueligt og lettere at style. Orofluido Asia Zen Control Elixir hj\u00e6lper dig med at fjerne [&hellip;]<\/p>\n","protected":false},"featured_media":115095,"comment_status":"open","ping_status":"closed","template":"","meta":{"_trash_the_other_posts":false},"product_brand":[],"product_cat":[587],"product_tag":[3727],"berocket_brand":[1045],"class_list":{"0":"post-115106","1":"product","2":"type-product","3":"status-publish","4":"has-post-thumbnail","6":"product_cat-balsam","7":"product_tag-orofluido-asia-zen-control-conditioner","8":"pa_brand-orofluido","9":"pa_variant-200ml","10":"berocket_brand-orofluido","12":"first","13":"outofstock","14":"sale","15":"taxable","16":"shipping-taxable","17":"purchasable","18":"product-type-simple"},"_links":{"self":[{"href":"https:\/\/stylingagenten.com\/da\/wp-json\/wp\/v2\/product\/115106","targetHints":{"allow":["GET"]}}],"collection":[{"href":"https:\/\/stylingagenten.com\/da\/wp-json\/wp\/v2\/product"}],"about":[{"href":"https:\/\/stylingagenten.com\/da\/wp-json\/wp\/v2\/types\/product"}],"replies":[{"embeddable":true,"href":"https:\/\/stylingagenten.com\/da\/wp-json\/wp\/v2\/comments?post=115106"}],"version-history":[{"count":0,"href":"https:\/\/stylingagenten.com\/da\/wp-json\/wp\/v2\/product\/115106\/revisions"}],"wp:featuredmedia":[{"embeddable":true,"href":"https:\/\/stylingagenten.com\/da\/wp-json\/wp\/v2\/media\/115095"}],"wp:attachment":[{"href":"https:\/\/stylingagenten.com\/da\/wp-json\/wp\/v2\/media?parent=115106"}],"wp:term":[{"taxonomy":"product_brand","embeddable":true,"href":"https:\/\/stylingagenten.com\/da\/wp-json\/wp\/v2\/product_brand?post=115106"},{"taxonomy":"product_cat","embeddable":true,"href":"https:\/\/stylingagenten.com\/da\/wp-json\/wp\/v2\/product_cat?post=115106"},{"taxonomy":"product_tag","embeddable":true,"href":"https:\/\/stylingagenten.com\/da\/wp-json\/wp\/v2\/product_tag?post=115106"},{"taxonomy":"berocket_brand","embeddable":true,"href":"https:\/\/stylingagenten.com\/da\/wp-json\/wp\/v2\/berocket_brand?post=115106"}],"curies":[{"name":"wp","href":"https:\/\/api.w.org\/{rel}","templated":true}]}}