{"id":115105,"date":"2025-05-18T21:07:28","date_gmt":"2025-05-18T21:07:28","guid":{"rendered":"https:\/\/staging2.stylingagenten.com\/da\/produkt\/eleven-australia-i-want-body-volume-conditioner-300ml\/"},"modified":"2026-03-11T21:50:16","modified_gmt":"2026-03-11T21:50:16","slug":"eleven-australia-i-want-body-volume-conditioner-300ml","status":"publish","type":"product","link":"https:\/\/stylingagenten.com\/da\/produkt\/eleven-australia-i-want-body-volume-conditioner-300ml\/","title":{"rendered":"Eleven Australia I Want Body Volume Conditioner 300ml"},"content":{"rendered":"<p>Eleven Australia I Want Body Volume Conditioner 300ml<br \/>En let balsam, der giver volumen, struktur og glans. Denne balsam er den ultimative volumenbygger.<br \/>\u2022Proteiner beskytter h\u00e5ret, mens de g\u00f8r dit h\u00e5r tykkere og giver det volumen.<br \/>\u2022Til fint h\u00e5r eller til dem, der \u00f8nsker et boost i volumen.<br \/>\u2022Anti-fade &amp; farvebevarelse.<br \/>\u2022300 ml<\/p>\n","protected":false},"excerpt":{"rendered":"<p>Eleven Australia I Want Body Volume Conditioner 300mlEn let balsam, der giver volumen, struktur og glans. Denne balsam er den ultimative volumenbygger.\u2022Proteiner beskytter h\u00e5ret, mens de g\u00f8r dit h\u00e5r tykkere og giver det volumen.\u2022Til fint h\u00e5r eller til dem, der \u00f8nsker et boost i volumen.\u2022Anti-fade &amp; farvebevarelse.\u2022300 ml<\/p>\n","protected":false},"featured_media":115094,"comment_status":"open","ping_status":"closed","template":"","meta":{"_trash_the_other_posts":false},"product_brand":[],"product_cat":[587],"product_tag":[],"berocket_brand":[1386],"class_list":{"0":"post-115105","1":"product","2":"type-product","3":"status-publish","4":"has-post-thumbnail","6":"product_cat-balsam","7":"pa_brand-eleven-australia","8":"berocket_brand-eleven-australia","10":"first","11":"instock","12":"sale","13":"taxable","14":"shipping-taxable","15":"purchasable","16":"product-type-simple"},"_links":{"self":[{"href":"https:\/\/stylingagenten.com\/da\/wp-json\/wp\/v2\/product\/115105","targetHints":{"allow":["GET"]}}],"collection":[{"href":"https:\/\/stylingagenten.com\/da\/wp-json\/wp\/v2\/product"}],"about":[{"href":"https:\/\/stylingagenten.com\/da\/wp-json\/wp\/v2\/types\/product"}],"replies":[{"embeddable":true,"href":"https:\/\/stylingagenten.com\/da\/wp-json\/wp\/v2\/comments?post=115105"}],"version-history":[{"count":0,"href":"https:\/\/stylingagenten.com\/da\/wp-json\/wp\/v2\/product\/115105\/revisions"}],"wp:featuredmedia":[{"embeddable":true,"href":"https:\/\/stylingagenten.com\/da\/wp-json\/wp\/v2\/media\/115094"}],"wp:attachment":[{"href":"https:\/\/stylingagenten.com\/da\/wp-json\/wp\/v2\/media?parent=115105"}],"wp:term":[{"taxonomy":"product_brand","embeddable":true,"href":"https:\/\/stylingagenten.com\/da\/wp-json\/wp\/v2\/product_brand?post=115105"},{"taxonomy":"product_cat","embeddable":true,"href":"https:\/\/stylingagenten.com\/da\/wp-json\/wp\/v2\/product_cat?post=115105"},{"taxonomy":"product_tag","embeddable":true,"href":"https:\/\/stylingagenten.com\/da\/wp-json\/wp\/v2\/product_tag?post=115105"},{"taxonomy":"berocket_brand","embeddable":true,"href":"https:\/\/stylingagenten.com\/da\/wp-json\/wp\/v2\/berocket_brand?post=115105"}],"curies":[{"name":"wp","href":"https:\/\/api.w.org\/{rel}","templated":true}]}}