{"id":115057,"date":"2025-05-18T21:07:14","date_gmt":"2025-05-18T21:07:14","guid":{"rendered":"https:\/\/staging2.stylingagenten.com\/da\/produkt\/sachajuan-colour-protect-conditioner-250ml\/"},"modified":"2026-03-11T21:59:48","modified_gmt":"2026-03-11T21:59:48","slug":"sachajuan-colour-protect-conditioner-250ml","status":"publish","type":"product","link":"https:\/\/stylingagenten.com\/da\/produkt\/sachajuan-colour-protect-conditioner-250ml\/","title":{"rendered":"SACHAJUAN Colour Protect Conditioner 250ml"},"content":{"rendered":"<p>SACHAJUAN Color Protect Conditioner er en balsam, der beskytter farvet h\u00e5r og indeholder Ocean Silk Technology og UV-beskyttelse. Har en meget plejende og opklarende effekt, der g\u00f8r h\u00e5ret st\u00e6rkt, levende og skinnende.<\/p>\n<p>250ml<\/p>\n","protected":false},"excerpt":{"rendered":"<p>SACHAJUAN Color Protect Conditioner er en balsam, der beskytter farvet h\u00e5r og indeholder Ocean Silk Technology og UV-beskyttelse. Har en meget plejende og opklarende effekt, der g\u00f8r h\u00e5ret st\u00e6rkt, levende og skinnende. 250ml<\/p>\n","protected":false},"featured_media":115055,"comment_status":"open","ping_status":"closed","template":"","meta":{"_trash_the_other_posts":false},"product_brand":[],"product_cat":[587],"product_tag":[],"berocket_brand":[1409],"class_list":{"0":"post-115057","1":"product","2":"type-product","3":"status-publish","4":"has-post-thumbnail","6":"product_cat-balsam","7":"pa_brand-sachajuan","8":"berocket_brand-sachajuan","10":"first","11":"instock","12":"sale","13":"taxable","14":"shipping-taxable","15":"purchasable","16":"product-type-simple"},"_links":{"self":[{"href":"https:\/\/stylingagenten.com\/da\/wp-json\/wp\/v2\/product\/115057","targetHints":{"allow":["GET"]}}],"collection":[{"href":"https:\/\/stylingagenten.com\/da\/wp-json\/wp\/v2\/product"}],"about":[{"href":"https:\/\/stylingagenten.com\/da\/wp-json\/wp\/v2\/types\/product"}],"replies":[{"embeddable":true,"href":"https:\/\/stylingagenten.com\/da\/wp-json\/wp\/v2\/comments?post=115057"}],"version-history":[{"count":0,"href":"https:\/\/stylingagenten.com\/da\/wp-json\/wp\/v2\/product\/115057\/revisions"}],"wp:featuredmedia":[{"embeddable":true,"href":"https:\/\/stylingagenten.com\/da\/wp-json\/wp\/v2\/media\/115055"}],"wp:attachment":[{"href":"https:\/\/stylingagenten.com\/da\/wp-json\/wp\/v2\/media?parent=115057"}],"wp:term":[{"taxonomy":"product_brand","embeddable":true,"href":"https:\/\/stylingagenten.com\/da\/wp-json\/wp\/v2\/product_brand?post=115057"},{"taxonomy":"product_cat","embeddable":true,"href":"https:\/\/stylingagenten.com\/da\/wp-json\/wp\/v2\/product_cat?post=115057"},{"taxonomy":"product_tag","embeddable":true,"href":"https:\/\/stylingagenten.com\/da\/wp-json\/wp\/v2\/product_tag?post=115057"},{"taxonomy":"berocket_brand","embeddable":true,"href":"https:\/\/stylingagenten.com\/da\/wp-json\/wp\/v2\/berocket_brand?post=115057"}],"curies":[{"name":"wp","href":"https:\/\/api.w.org\/{rel}","templated":true}]}}