{"id":115050,"date":"2025-05-18T21:07:11","date_gmt":"2025-05-18T21:07:11","guid":{"rendered":"https:\/\/staging2.stylingagenten.com\/da\/produkt\/american-crew-daily-moisturizing-conditioner-1000ml\/"},"modified":"2026-04-13T19:38:45","modified_gmt":"2026-04-13T19:38:45","slug":"american-crew-daily-moisturizing-conditioner-1000ml","status":"publish","type":"product","link":"https:\/\/stylingagenten.com\/da\/produkt\/american-crew-daily-moisturizing-conditioner-1000ml\/","title":{"rendered":"American Crew Daily Moisturizing Conditioner 1000ml"},"content":{"rendered":"<p>American Crew Daily Moisturizing Conditioner er en balsam til t\u00f8rt h\u00e5r og hovedbund. N\u00e6rer og styrker h\u00e5ret uden at tynge det og efterlader h\u00e5ret bl\u00f8dt og smidigt. Kan bruges dagligt og har en naturlig og frisk duft. Silikonefri og vegansk formel.<\/p>\n","protected":false},"excerpt":{"rendered":"<p>American Crew Daily Moisturizing Conditioner er en balsam til t\u00f8rt h\u00e5r og hovedbund. N\u00e6rer og styrker h\u00e5ret uden at tynge det og efterlader h\u00e5ret bl\u00f8dt og smidigt. Kan bruges dagligt og har en naturlig og frisk duft. Silikonefri og vegansk formel.<\/p>\n","protected":false},"featured_media":115049,"comment_status":"open","ping_status":"closed","template":"","meta":{"_trash_the_other_posts":false},"product_brand":[],"product_cat":[587],"product_tag":[2367],"berocket_brand":[1071],"class_list":{"0":"post-115050","1":"product","2":"type-product","3":"status-publish","4":"has-post-thumbnail","6":"product_cat-balsam","7":"product_tag-american-crew-daily-moisturizing-conditioner","8":"pa_brand-american-crew","9":"pa_variant-1000ml","10":"berocket_brand-american-crew","12":"first","13":"instock","14":"sale","15":"taxable","16":"shipping-taxable","17":"purchasable","18":"product-type-simple"},"_links":{"self":[{"href":"https:\/\/stylingagenten.com\/da\/wp-json\/wp\/v2\/product\/115050","targetHints":{"allow":["GET"]}}],"collection":[{"href":"https:\/\/stylingagenten.com\/da\/wp-json\/wp\/v2\/product"}],"about":[{"href":"https:\/\/stylingagenten.com\/da\/wp-json\/wp\/v2\/types\/product"}],"replies":[{"embeddable":true,"href":"https:\/\/stylingagenten.com\/da\/wp-json\/wp\/v2\/comments?post=115050"}],"version-history":[{"count":0,"href":"https:\/\/stylingagenten.com\/da\/wp-json\/wp\/v2\/product\/115050\/revisions"}],"wp:featuredmedia":[{"embeddable":true,"href":"https:\/\/stylingagenten.com\/da\/wp-json\/wp\/v2\/media\/115049"}],"wp:attachment":[{"href":"https:\/\/stylingagenten.com\/da\/wp-json\/wp\/v2\/media?parent=115050"}],"wp:term":[{"taxonomy":"product_brand","embeddable":true,"href":"https:\/\/stylingagenten.com\/da\/wp-json\/wp\/v2\/product_brand?post=115050"},{"taxonomy":"product_cat","embeddable":true,"href":"https:\/\/stylingagenten.com\/da\/wp-json\/wp\/v2\/product_cat?post=115050"},{"taxonomy":"product_tag","embeddable":true,"href":"https:\/\/stylingagenten.com\/da\/wp-json\/wp\/v2\/product_tag?post=115050"},{"taxonomy":"berocket_brand","embeddable":true,"href":"https:\/\/stylingagenten.com\/da\/wp-json\/wp\/v2\/berocket_brand?post=115050"}],"curies":[{"name":"wp","href":"https:\/\/api.w.org\/{rel}","templated":true}]}}