{"id":115028,"date":"2025-05-18T21:07:02","date_gmt":"2025-05-18T21:07:02","guid":{"rendered":"https:\/\/staging2.stylingagenten.com\/da\/produkt\/sachajuan-ocean-mist-volume-conditioner-250ml\/"},"modified":"2026-03-11T21:59:49","modified_gmt":"2026-03-11T21:59:49","slug":"sachajuan-ocean-mist-volume-conditioner-250ml","status":"publish","type":"product","link":"https:\/\/stylingagenten.com\/da\/produkt\/sachajuan-ocean-mist-volume-conditioner-250ml\/","title":{"rendered":"SACHAJUAN Ocean Mist Volume Conditioner 250ml"},"content":{"rendered":"<p>SACHAJUAN Ocean Mist Volume Conditioner er en balsam med havsilketeknologi og naturlige vegetabilske proteiner, der l\u00f8ser op, skaber volumen, struktur og styrke. Den fugter, beskytter og f\u00e5r h\u00e5ret b\u00e5de til at f\u00f8les og se fyldigere ud uden at tynge det.<\/p>\n<p>250ml<\/p>\n","protected":false},"excerpt":{"rendered":"<p>SACHAJUAN Ocean Mist Volume Conditioner er en balsam med havsilketeknologi og naturlige vegetabilske proteiner, der l\u00f8ser op, skaber volumen, struktur og styrke. Den fugter, beskytter og f\u00e5r h\u00e5ret b\u00e5de til at f\u00f8les og se fyldigere ud uden at tynge det. 250ml<\/p>\n","protected":false},"featured_media":115027,"comment_status":"open","ping_status":"closed","template":"","meta":{"_trash_the_other_posts":false},"product_brand":[],"product_cat":[587],"product_tag":[3957],"berocket_brand":[1409],"class_list":{"0":"post-115028","1":"product","2":"type-product","3":"status-publish","4":"has-post-thumbnail","6":"product_cat-balsam","7":"product_tag-sachajuan-ocean-mist-volume-conditioner","8":"pa_brand-sachajuan","9":"pa_variant-250ml","10":"berocket_brand-sachajuan","12":"first","13":"instock","14":"sale","15":"taxable","16":"shipping-taxable","17":"purchasable","18":"product-type-simple"},"_links":{"self":[{"href":"https:\/\/stylingagenten.com\/da\/wp-json\/wp\/v2\/product\/115028","targetHints":{"allow":["GET"]}}],"collection":[{"href":"https:\/\/stylingagenten.com\/da\/wp-json\/wp\/v2\/product"}],"about":[{"href":"https:\/\/stylingagenten.com\/da\/wp-json\/wp\/v2\/types\/product"}],"replies":[{"embeddable":true,"href":"https:\/\/stylingagenten.com\/da\/wp-json\/wp\/v2\/comments?post=115028"}],"version-history":[{"count":0,"href":"https:\/\/stylingagenten.com\/da\/wp-json\/wp\/v2\/product\/115028\/revisions"}],"wp:featuredmedia":[{"embeddable":true,"href":"https:\/\/stylingagenten.com\/da\/wp-json\/wp\/v2\/media\/115027"}],"wp:attachment":[{"href":"https:\/\/stylingagenten.com\/da\/wp-json\/wp\/v2\/media?parent=115028"}],"wp:term":[{"taxonomy":"product_brand","embeddable":true,"href":"https:\/\/stylingagenten.com\/da\/wp-json\/wp\/v2\/product_brand?post=115028"},{"taxonomy":"product_cat","embeddable":true,"href":"https:\/\/stylingagenten.com\/da\/wp-json\/wp\/v2\/product_cat?post=115028"},{"taxonomy":"product_tag","embeddable":true,"href":"https:\/\/stylingagenten.com\/da\/wp-json\/wp\/v2\/product_tag?post=115028"},{"taxonomy":"berocket_brand","embeddable":true,"href":"https:\/\/stylingagenten.com\/da\/wp-json\/wp\/v2\/berocket_brand?post=115028"}],"curies":[{"name":"wp","href":"https:\/\/api.w.org\/{rel}","templated":true}]}}