{"id":114989,"date":"2025-05-18T21:06:47","date_gmt":"2025-05-18T21:06:47","guid":{"rendered":"https:\/\/staging2.stylingagenten.com\/da\/produkt\/paul-mitchell-awapuhi-wild-ginger-cream-rinse-250ml\/"},"modified":"2026-04-08T15:29:17","modified_gmt":"2026-04-08T15:29:17","slug":"paul-mitchell-awapuhi-wild-ginger-cream-rinse-250ml","status":"publish","type":"product","link":"https:\/\/stylingagenten.com\/da\/produkt\/paul-mitchell-awapuhi-wild-ginger-cream-rinse-250ml\/","title":{"rendered":"Paul Mitchell Awapuhi Wild Ginger Cream Rinse 250ml"},"content":{"rendered":"<p>Giv dit h\u00e5r \u00f8jeblikkeligt den fugtgivende kraft fra awapuhi med Paul Mitchell Awapuhi Wild Ginger Cream Rinse. Denne milde, farvebevarende balsam l\u00f8sner op og tilf\u00f8rer t\u00f8rt, t\u00f8rstigt h\u00e5r, hvilket resulterer i silkebl\u00f8de og sunde lokker.<\/p>\n<p>Den proteinberigede formel styrker urolige lokker med KeraTriplex\u00ae keratinproteinteknologi. Den hj\u00e6lper med at reparere hvert enkelt h\u00e5rstr\u00e5 og beskytter mod skader, samtidig med at h\u00e5ndplukket awapuhi-ekstrakt fra Hawaii bl\u00f8dg\u00f8r og giver en str\u00e5lende glans.<\/p>\n<p>250ml<\/p>\n","protected":false},"excerpt":{"rendered":"<p>Giv dit h\u00e5r \u00f8jeblikkeligt den fugtgivende kraft fra awapuhi med Paul Mitchell Awapuhi Wild Ginger Cream Rinse. Denne milde, farvebevarende balsam l\u00f8sner op og tilf\u00f8rer t\u00f8rt, t\u00f8rstigt h\u00e5r, hvilket resulterer i silkebl\u00f8de og sunde lokker. Den proteinberigede formel styrker urolige lokker med KeraTriplex\u00ae keratinproteinteknologi. Den hj\u00e6lper med at reparere hvert enkelt h\u00e5rstr\u00e5 og beskytter mod [&hellip;]<\/p>\n","protected":false},"featured_media":114974,"comment_status":"open","ping_status":"closed","template":"","meta":{"_trash_the_other_posts":false},"product_brand":[],"product_cat":[587,620],"product_tag":[3749],"berocket_brand":[1053],"class_list":{"0":"post-114989","1":"product","2":"type-product","3":"status-publish","4":"has-post-thumbnail","6":"product_cat-balsam","7":"product_cat-harin-pakning","8":"product_tag-paul-mitchell-awapuhi-wild-ginger-cream-rinse","9":"pa_brand-paul-mitchell","10":"pa_variant-250ml","11":"berocket_brand-paul-mitchell","13":"first","14":"outofstock","15":"sale","16":"taxable","17":"shipping-taxable","18":"purchasable","19":"product-type-simple"},"_links":{"self":[{"href":"https:\/\/stylingagenten.com\/da\/wp-json\/wp\/v2\/product\/114989","targetHints":{"allow":["GET"]}}],"collection":[{"href":"https:\/\/stylingagenten.com\/da\/wp-json\/wp\/v2\/product"}],"about":[{"href":"https:\/\/stylingagenten.com\/da\/wp-json\/wp\/v2\/types\/product"}],"replies":[{"embeddable":true,"href":"https:\/\/stylingagenten.com\/da\/wp-json\/wp\/v2\/comments?post=114989"}],"version-history":[{"count":0,"href":"https:\/\/stylingagenten.com\/da\/wp-json\/wp\/v2\/product\/114989\/revisions"}],"wp:featuredmedia":[{"embeddable":true,"href":"https:\/\/stylingagenten.com\/da\/wp-json\/wp\/v2\/media\/114974"}],"wp:attachment":[{"href":"https:\/\/stylingagenten.com\/da\/wp-json\/wp\/v2\/media?parent=114989"}],"wp:term":[{"taxonomy":"product_brand","embeddable":true,"href":"https:\/\/stylingagenten.com\/da\/wp-json\/wp\/v2\/product_brand?post=114989"},{"taxonomy":"product_cat","embeddable":true,"href":"https:\/\/stylingagenten.com\/da\/wp-json\/wp\/v2\/product_cat?post=114989"},{"taxonomy":"product_tag","embeddable":true,"href":"https:\/\/stylingagenten.com\/da\/wp-json\/wp\/v2\/product_tag?post=114989"},{"taxonomy":"berocket_brand","embeddable":true,"href":"https:\/\/stylingagenten.com\/da\/wp-json\/wp\/v2\/berocket_brand?post=114989"}],"curies":[{"name":"wp","href":"https:\/\/api.w.org\/{rel}","templated":true}]}}