{"id":114960,"date":"2025-05-18T21:06:40","date_gmt":"2025-05-18T21:06:40","guid":{"rendered":"https:\/\/staging2.stylingagenten.com\/da\/produkt\/eleven-australia-keep-my-colour-blonde-conditioner-300ml\/"},"modified":"2026-03-24T20:07:48","modified_gmt":"2026-03-24T20:07:48","slug":"eleven-australia-keep-my-colour-blonde-conditioner-300ml","status":"publish","type":"product","link":"https:\/\/stylingagenten.com\/da\/produkt\/eleven-australia-keep-my-colour-blonde-conditioner-300ml\/","title":{"rendered":"Eleven Australia Keep My Colour Blonde Conditioner 300ml"},"content":{"rendered":"<p>KEEP MY COLOR BLONDE CONDITIONER er en tonende balsam til farvet og naturligt blondt h\u00e5r. Booster blonde kolde toner i h\u00e5ret og modvirker u\u00f8nskede varme toner. Indeholder gr\u00f8n teekstrakt, som er rig p\u00e5 antioxidanter og giver h\u00e5ret glans. Ekstrakt af citrongr\u00e6s som er en rig kilde til vitaminer, der er med til at styrke h\u00e5rs\u00e6kkene. Hydrolyseret quinoa, der reparerer, beskytter og n\u00e6rer h\u00e5ret.<\/p>\n","protected":false},"excerpt":{"rendered":"<p>KEEP MY COLOR BLONDE CONDITIONER er en tonende balsam til farvet og naturligt blondt h\u00e5r. Booster blonde kolde toner i h\u00e5ret og modvirker u\u00f8nskede varme toner. Indeholder gr\u00f8n teekstrakt, som er rig p\u00e5 antioxidanter og giver h\u00e5ret glans. Ekstrakt af citrongr\u00e6s som er en rig kilde til vitaminer, der er med til at styrke h\u00e5rs\u00e6kkene. [&hellip;]<\/p>\n","protected":false},"featured_media":114957,"comment_status":"open","ping_status":"closed","template":"","meta":{"_trash_the_other_posts":false},"product_brand":[],"product_cat":[587],"product_tag":[],"berocket_brand":[1386],"class_list":{"0":"post-114960","1":"product","2":"type-product","3":"status-publish","4":"has-post-thumbnail","6":"product_cat-balsam","7":"pa_brand-eleven-australia","8":"berocket_brand-eleven-australia","10":"first","11":"instock","12":"sale","13":"taxable","14":"shipping-taxable","15":"purchasable","16":"product-type-simple"},"_links":{"self":[{"href":"https:\/\/stylingagenten.com\/da\/wp-json\/wp\/v2\/product\/114960","targetHints":{"allow":["GET"]}}],"collection":[{"href":"https:\/\/stylingagenten.com\/da\/wp-json\/wp\/v2\/product"}],"about":[{"href":"https:\/\/stylingagenten.com\/da\/wp-json\/wp\/v2\/types\/product"}],"replies":[{"embeddable":true,"href":"https:\/\/stylingagenten.com\/da\/wp-json\/wp\/v2\/comments?post=114960"}],"version-history":[{"count":0,"href":"https:\/\/stylingagenten.com\/da\/wp-json\/wp\/v2\/product\/114960\/revisions"}],"wp:featuredmedia":[{"embeddable":true,"href":"https:\/\/stylingagenten.com\/da\/wp-json\/wp\/v2\/media\/114957"}],"wp:attachment":[{"href":"https:\/\/stylingagenten.com\/da\/wp-json\/wp\/v2\/media?parent=114960"}],"wp:term":[{"taxonomy":"product_brand","embeddable":true,"href":"https:\/\/stylingagenten.com\/da\/wp-json\/wp\/v2\/product_brand?post=114960"},{"taxonomy":"product_cat","embeddable":true,"href":"https:\/\/stylingagenten.com\/da\/wp-json\/wp\/v2\/product_cat?post=114960"},{"taxonomy":"product_tag","embeddable":true,"href":"https:\/\/stylingagenten.com\/da\/wp-json\/wp\/v2\/product_tag?post=114960"},{"taxonomy":"berocket_brand","embeddable":true,"href":"https:\/\/stylingagenten.com\/da\/wp-json\/wp\/v2\/berocket_brand?post=114960"}],"curies":[{"name":"wp","href":"https:\/\/api.w.org\/{rel}","templated":true}]}}