{"id":114919,"date":"2025-05-18T21:06:28","date_gmt":"2025-05-18T21:06:28","guid":{"rendered":"https:\/\/staging2.stylingagenten.com\/da\/produkt\/bjork-laga-repair-conditioner-250ml\/"},"modified":"2026-04-11T11:08:36","modified_gmt":"2026-04-11T11:08:36","slug":"bjork-laga-repair-conditioner-250ml","status":"publish","type":"product","link":"https:\/\/stylingagenten.com\/da\/produkt\/bjork-laga-repair-conditioner-250ml\/","title":{"rendered":"Bj\u00f6rk LAGA Repair Conditioner 250ml"},"content":{"rendered":"<p>Bj\u00f6rk LAGA Repair Conditioner er en reparerende balsam til skadet, t\u00f8rt og kemisk behandlet h\u00e5r. Med reparerende alge- og birkeekstrakt, der forbedrer h\u00e5rets kvalitet, forhindrer krus, giver glans og har en beroligende effekt p\u00e5 hovedbunden.<\/p>\n<p>Duft: Frisk og blomsterduft med hint af bergamot.<\/p>\n<p>250 ml<\/p>\n","protected":false},"excerpt":{"rendered":"<p>Bj\u00f6rk LAGA Repair Conditioner er en reparerende balsam til skadet, t\u00f8rt og kemisk behandlet h\u00e5r. Med reparerende alge- og birkeekstrakt, der forbedrer h\u00e5rets kvalitet, forhindrer krus, giver glans og har en beroligende effekt p\u00e5 hovedbunden. Duft: Frisk og blomsterduft med hint af bergamot. 250 ml<\/p>\n","protected":false},"featured_media":114918,"comment_status":"open","ping_status":"closed","template":"","meta":{"_trash_the_other_posts":false},"product_brand":[],"product_cat":[587],"product_tag":[2567],"berocket_brand":[1418],"class_list":{"0":"post-114919","1":"product","2":"type-product","3":"status-publish","4":"has-post-thumbnail","6":"product_cat-balsam","7":"product_tag-bjork-laga-repair-conditioner","8":"pa_brand-bjork","9":"pa_variant-250ml","10":"berocket_brand-bjork","12":"first","13":"instock","14":"sale","15":"taxable","16":"shipping-taxable","17":"purchasable","18":"product-type-simple"},"_links":{"self":[{"href":"https:\/\/stylingagenten.com\/da\/wp-json\/wp\/v2\/product\/114919","targetHints":{"allow":["GET"]}}],"collection":[{"href":"https:\/\/stylingagenten.com\/da\/wp-json\/wp\/v2\/product"}],"about":[{"href":"https:\/\/stylingagenten.com\/da\/wp-json\/wp\/v2\/types\/product"}],"replies":[{"embeddable":true,"href":"https:\/\/stylingagenten.com\/da\/wp-json\/wp\/v2\/comments?post=114919"}],"version-history":[{"count":0,"href":"https:\/\/stylingagenten.com\/da\/wp-json\/wp\/v2\/product\/114919\/revisions"}],"wp:featuredmedia":[{"embeddable":true,"href":"https:\/\/stylingagenten.com\/da\/wp-json\/wp\/v2\/media\/114918"}],"wp:attachment":[{"href":"https:\/\/stylingagenten.com\/da\/wp-json\/wp\/v2\/media?parent=114919"}],"wp:term":[{"taxonomy":"product_brand","embeddable":true,"href":"https:\/\/stylingagenten.com\/da\/wp-json\/wp\/v2\/product_brand?post=114919"},{"taxonomy":"product_cat","embeddable":true,"href":"https:\/\/stylingagenten.com\/da\/wp-json\/wp\/v2\/product_cat?post=114919"},{"taxonomy":"product_tag","embeddable":true,"href":"https:\/\/stylingagenten.com\/da\/wp-json\/wp\/v2\/product_tag?post=114919"},{"taxonomy":"berocket_brand","embeddable":true,"href":"https:\/\/stylingagenten.com\/da\/wp-json\/wp\/v2\/berocket_brand?post=114919"}],"curies":[{"name":"wp","href":"https:\/\/api.w.org\/{rel}","templated":true}]}}