{"id":114901,"date":"2025-05-18T21:06:22","date_gmt":"2025-05-18T21:06:22","guid":{"rendered":"https:\/\/staging2.stylingagenten.com\/da\/produkt\/bjork-ag-silver-conditioner-250ml\/"},"modified":"2026-03-16T09:30:50","modified_gmt":"2026-03-16T09:30:50","slug":"bjork-ag-silver-conditioner-250ml","status":"publish","type":"product","link":"https:\/\/stylingagenten.com\/da\/produkt\/bjork-ag-silver-conditioner-250ml\/","title":{"rendered":"Bj\u00f6rk Ag Silver Conditioner 250ml"},"content":{"rendered":"<p>Bj\u00f6rk Ag Silver Conditioner er en kraftfuld silverbalsam med violette pigmenter, der neutraliserer u\u00f8nskede gule nuancer i blont og gr\u00e5t h\u00e5r. Formlen indeholder birkeekstrakt, solsikkeolie og bl\u00e5b\u00e6rekstrakt, der er rig p\u00e5 antioxidanter. Den beroliger hovedbunden, reducerer krus og giver smuk glans.<\/p>\n<p>Duft: Forfriskende og blomsterduft med hint af citrus.<\/p>\n<p>250 ml<\/p>\n","protected":false},"excerpt":{"rendered":"<p>Bj\u00f6rk Ag Silver Conditioner er en kraftfuld silverbalsam med violette pigmenter, der neutraliserer u\u00f8nskede gule nuancer i blont og gr\u00e5t h\u00e5r. Formlen indeholder birkeekstrakt, solsikkeolie og bl\u00e5b\u00e6rekstrakt, der er rig p\u00e5 antioxidanter. Den beroliger hovedbunden, reducerer krus og giver smuk glans. Duft: Forfriskende og blomsterduft med hint af citrus. 250 ml<\/p>\n","protected":false},"featured_media":114900,"comment_status":"open","ping_status":"closed","template":"","meta":{"_trash_the_other_posts":false},"product_brand":[],"product_cat":[587],"product_tag":[2556],"berocket_brand":[1418],"class_list":{"0":"post-114901","1":"product","2":"type-product","3":"status-publish","4":"has-post-thumbnail","6":"product_cat-balsam","7":"product_tag-bjork-ag-silver-conditioner","8":"pa_brand-bjork","9":"pa_variant-250ml","10":"berocket_brand-bjork","12":"first","13":"instock","14":"sale","15":"taxable","16":"shipping-taxable","17":"purchasable","18":"product-type-simple"},"_links":{"self":[{"href":"https:\/\/stylingagenten.com\/da\/wp-json\/wp\/v2\/product\/114901","targetHints":{"allow":["GET"]}}],"collection":[{"href":"https:\/\/stylingagenten.com\/da\/wp-json\/wp\/v2\/product"}],"about":[{"href":"https:\/\/stylingagenten.com\/da\/wp-json\/wp\/v2\/types\/product"}],"replies":[{"embeddable":true,"href":"https:\/\/stylingagenten.com\/da\/wp-json\/wp\/v2\/comments?post=114901"}],"version-history":[{"count":0,"href":"https:\/\/stylingagenten.com\/da\/wp-json\/wp\/v2\/product\/114901\/revisions"}],"wp:featuredmedia":[{"embeddable":true,"href":"https:\/\/stylingagenten.com\/da\/wp-json\/wp\/v2\/media\/114900"}],"wp:attachment":[{"href":"https:\/\/stylingagenten.com\/da\/wp-json\/wp\/v2\/media?parent=114901"}],"wp:term":[{"taxonomy":"product_brand","embeddable":true,"href":"https:\/\/stylingagenten.com\/da\/wp-json\/wp\/v2\/product_brand?post=114901"},{"taxonomy":"product_cat","embeddable":true,"href":"https:\/\/stylingagenten.com\/da\/wp-json\/wp\/v2\/product_cat?post=114901"},{"taxonomy":"product_tag","embeddable":true,"href":"https:\/\/stylingagenten.com\/da\/wp-json\/wp\/v2\/product_tag?post=114901"},{"taxonomy":"berocket_brand","embeddable":true,"href":"https:\/\/stylingagenten.com\/da\/wp-json\/wp\/v2\/berocket_brand?post=114901"}],"curies":[{"name":"wp","href":"https:\/\/api.w.org\/{rel}","templated":true}]}}