{"id":114892,"date":"2025-05-18T21:06:18","date_gmt":"2025-05-18T21:06:18","guid":{"rendered":"https:\/\/staging2.stylingagenten.com\/da\/produkt\/milk_shake-curl-passion-conditioner-1000ml\/"},"modified":"2026-04-14T20:28:46","modified_gmt":"2026-04-14T20:28:46","slug":"milk_shake-curl-passion-conditioner-1000ml","status":"publish","type":"product","link":"https:\/\/stylingagenten.com\/da\/produkt\/milk_shake-curl-passion-conditioner-1000ml\/","title":{"rendered":"Milk_Shake Curl Passion Conditioner 1000ml"},"content":{"rendered":"<p>Milk_Shake Curl Passion Conditioner er den ultimative balsam til kr\u00f8llet h\u00e5r!<\/p>\n<p>Milk Shake Curl Passion Conditioner hj\u00e6lper dig med at f\u00e5 elastiske, fleksible kr\u00f8ller, der holder l\u00e6nge. Frizz i kr\u00f8llet h\u00e5r skyldes normalt mangel p\u00e5 fugt, s\u00e5 anvend dette i l\u00e6ngderne for at give h\u00e5ret den rette fugtbalance.<\/p>\n<p>Denne s\u00e6rligt formulerede fugtgivende balsam til kr\u00f8llet h\u00e5r er parabenfri. Ideel til alle h\u00e5rtyper for at give bl\u00f8dhed og medg\u00f8rlighed uden at tynge h\u00e5ret.<\/p>\n<p>1000ml<\/p>\n","protected":false},"excerpt":{"rendered":"<p>Milk_Shake Curl Passion Conditioner er den ultimative balsam til kr\u00f8llet h\u00e5r! Milk Shake Curl Passion Conditioner hj\u00e6lper dig med at f\u00e5 elastiske, fleksible kr\u00f8ller, der holder l\u00e6nge. Frizz i kr\u00f8llet h\u00e5r skyldes normalt mangel p\u00e5 fugt, s\u00e5 anvend dette i l\u00e6ngderne for at give h\u00e5ret den rette fugtbalance. Denne s\u00e6rligt formulerede fugtgivende balsam til kr\u00f8llet [&hellip;]<\/p>\n","protected":false},"featured_media":114890,"comment_status":"open","ping_status":"closed","template":"","meta":{"_trash_the_other_posts":false},"product_brand":[],"product_cat":[587],"product_tag":[3572],"berocket_brand":[1085],"class_list":{"0":"post-114892","1":"product","2":"type-product","3":"status-publish","4":"has-post-thumbnail","6":"product_cat-balsam","7":"product_tag-milk_shake-curl-passion-conditioner","8":"pa_brand-milk_shake","9":"pa_variant-1000ml","10":"berocket_brand-milk_shake","12":"first","13":"instock","14":"sale","15":"taxable","16":"shipping-taxable","17":"purchasable","18":"product-type-simple"},"_links":{"self":[{"href":"https:\/\/stylingagenten.com\/da\/wp-json\/wp\/v2\/product\/114892","targetHints":{"allow":["GET"]}}],"collection":[{"href":"https:\/\/stylingagenten.com\/da\/wp-json\/wp\/v2\/product"}],"about":[{"href":"https:\/\/stylingagenten.com\/da\/wp-json\/wp\/v2\/types\/product"}],"replies":[{"embeddable":true,"href":"https:\/\/stylingagenten.com\/da\/wp-json\/wp\/v2\/comments?post=114892"}],"version-history":[{"count":0,"href":"https:\/\/stylingagenten.com\/da\/wp-json\/wp\/v2\/product\/114892\/revisions"}],"wp:featuredmedia":[{"embeddable":true,"href":"https:\/\/stylingagenten.com\/da\/wp-json\/wp\/v2\/media\/114890"}],"wp:attachment":[{"href":"https:\/\/stylingagenten.com\/da\/wp-json\/wp\/v2\/media?parent=114892"}],"wp:term":[{"taxonomy":"product_brand","embeddable":true,"href":"https:\/\/stylingagenten.com\/da\/wp-json\/wp\/v2\/product_brand?post=114892"},{"taxonomy":"product_cat","embeddable":true,"href":"https:\/\/stylingagenten.com\/da\/wp-json\/wp\/v2\/product_cat?post=114892"},{"taxonomy":"product_tag","embeddable":true,"href":"https:\/\/stylingagenten.com\/da\/wp-json\/wp\/v2\/product_tag?post=114892"},{"taxonomy":"berocket_brand","embeddable":true,"href":"https:\/\/stylingagenten.com\/da\/wp-json\/wp\/v2\/berocket_brand?post=114892"}],"curies":[{"name":"wp","href":"https:\/\/api.w.org\/{rel}","templated":true}]}}